{"id":5747,"date":"2023-01-20T15:38:50","date_gmt":"2023-01-20T12:38:50","guid":{"rendered":"http:\/\/www.ismailcelikinsaat.com.tr\/?page_id=5747"},"modified":"2023-01-20T15:46:09","modified_gmt":"2023-01-20T12:46:09","slug":"kvkk","status":"publish","type":"page","link":"https:\/\/www.ismailcelikinsaat.com.tr\/index.php\/kvkk\/","title":{"rendered":"KVKK"},"content":{"rendered":"\t\t<div data-elementor-type=\"wp-page\" data-elementor-id=\"5747\" class=\"elementor elementor-5747\">\n\t\t\t\t\t\t\t\t\t<section class=\"elementor-section elementor-top-section elementor-element elementor-element-f230668 elementor-section-boxed elementor-section-height-default elementor-section-height-default\" data-id=\"f230668\" data-element_type=\"section\">\n\t\t\t\t\t\t<div class=\"elementor-container elementor-column-gap-default\">\n\t\t\t\t\t<div class=\"elementor-column elementor-col-100 elementor-top-column elementor-element elementor-element-403c281 ot-flex-column-vertical\" data-id=\"403c281\" data-element_type=\"column\">\n\t\t\t<div class=\"elementor-widget-wrap elementor-element-populated\">\n\t\t\t\t\t\t\t\t<div class=\"elementor-element elementor-element-4e8ca06 elementor-widget elementor-widget-spacer\" data-id=\"4e8ca06\" data-element_type=\"widget\" data-widget_type=\"spacer.default\">\n\t\t\t\t<div class=\"elementor-widget-container\">\n\t\t\t<style>\/*! elementor - v3.8.0 - 30-10-2022 *\/\n.elementor-column .elementor-spacer-inner{height:var(--spacer-size)}.e-con{--container-widget-width:100%}.e-con-inner>.elementor-widget-spacer,.e-con>.elementor-widget-spacer{width:var(--container-widget-width,var(--spacer-size));-ms-flex-item-align:stretch;align-self:stretch;-ms-flex-negative:0;flex-shrink:0}.e-con-inner>.elementor-widget-spacer>.elementor-widget-container,.e-con-inner>.elementor-widget-spacer>.elementor-widget-container>.elementor-spacer,.e-con>.elementor-widget-spacer>.elementor-widget-container,.e-con>.elementor-widget-spacer>.elementor-widget-container>.elementor-spacer{height:100%}.e-con-inner>.elementor-widget-spacer>.elementor-widget-container>.elementor-spacer>.elementor-spacer-inner,.e-con>.elementor-widget-spacer>.elementor-widget-container>.elementor-spacer>.elementor-spacer-inner{height:var(--container-widget-height,var(--spacer-size))}<\/style>\t\t<div class=\"elementor-spacer\">\n\t\t\t<div class=\"elementor-spacer-inner\"><\/div>\n\t\t<\/div>\n\t\t\t\t<\/div>\n\t\t\t\t<\/div>\n\t\t\t\t\t<\/div>\n\t\t<\/div>\n\t\t\t\t\t\t\t<\/div>\n\t\t<\/section>\n\t\t\t\t<section class=\"elementor-section elementor-top-section elementor-element elementor-element-8066570 elementor-section-boxed elementor-section-height-default elementor-section-height-default\" data-id=\"8066570\" data-element_type=\"section\">\n\t\t\t\t\t\t<div class=\"elementor-container elementor-column-gap-default\">\n\t\t\t\t\t<div class=\"elementor-column elementor-col-100 elementor-top-column elementor-element elementor-element-bb9c99d ot-flex-column-vertical\" data-id=\"bb9c99d\" data-element_type=\"column\">\n\t\t\t<div class=\"elementor-widget-wrap elementor-element-populated\">\n\t\t\t\t\t\t\t\t<div class=\"elementor-element elementor-element-f29a65f elementor-widget elementor-widget-heading\" data-id=\"f29a65f\" data-element_type=\"widget\" data-widget_type=\"heading.default\">\n\t\t\t\t<div class=\"elementor-widget-container\">\n\t\t\t<style>\/*! elementor - v3.8.0 - 30-10-2022 *\/\n.elementor-heading-title{padding:0;margin:0;line-height:1}.elementor-widget-heading .elementor-heading-title[class*=elementor-size-]>a{color:inherit;font-size:inherit;line-height:inherit}.elementor-widget-heading .elementor-heading-title.elementor-size-small{font-size:15px}.elementor-widget-heading .elementor-heading-title.elementor-size-medium{font-size:19px}.elementor-widget-heading .elementor-heading-title.elementor-size-large{font-size:29px}.elementor-widget-heading .elementor-heading-title.elementor-size-xl{font-size:39px}.elementor-widget-heading .elementor-heading-title.elementor-size-xxl{font-size:59px}<\/style><h2 class=\"elementor-heading-title elementor-size-default\">KVKK<\/h2>\t\t<\/div>\n\t\t\t\t<\/div>\n\t\t\t\t\t<\/div>\n\t\t<\/div>\n\t\t\t\t\t\t\t<\/div>\n\t\t<\/section>\n\t\t\t\t<section class=\"elementor-section elementor-top-section elementor-element elementor-element-dba1c7b elementor-section-boxed elementor-section-height-default elementor-section-height-default\" data-id=\"dba1c7b\" data-element_type=\"section\">\n\t\t\t\t\t\t<div class=\"elementor-container elementor-column-gap-default\">\n\t\t\t\t\t<div class=\"elementor-column elementor-col-100 elementor-top-column elementor-element elementor-element-9bb973d ot-flex-column-vertical\" data-id=\"9bb973d\" data-element_type=\"column\">\n\t\t\t<div class=\"elementor-widget-wrap elementor-element-populated\">\n\t\t\t\t\t\t\t\t<div class=\"elementor-element elementor-element-cfb76df elementor-widget elementor-widget-spacer\" data-id=\"cfb76df\" data-element_type=\"widget\" data-widget_type=\"spacer.default\">\n\t\t\t\t<div class=\"elementor-widget-container\">\n\t\t\t\t\t<div class=\"elementor-spacer\">\n\t\t\t<div class=\"elementor-spacer-inner\"><\/div>\n\t\t<\/div>\n\t\t\t\t<\/div>\n\t\t\t\t<\/div>\n\t\t\t\t\t<\/div>\n\t\t<\/div>\n\t\t\t\t\t\t\t<\/div>\n\t\t<\/section>\n\t\t\t\t<section class=\"elementor-section elementor-top-section elementor-element elementor-element-aa746db elementor-section-boxed elementor-section-height-default elementor-section-height-default\" data-id=\"aa746db\" data-element_type=\"section\">\n\t\t\t\t\t\t<div class=\"elementor-container elementor-column-gap-default\">\n\t\t\t\t\t<div class=\"elementor-column elementor-col-100 elementor-top-column elementor-element elementor-element-0256fc5 ot-flex-column-vertical\" data-id=\"0256fc5\" data-element_type=\"column\">\n\t\t\t<div class=\"elementor-widget-wrap elementor-element-populated\">\n\t\t\t\t\t\t\t\t<div class=\"elementor-element elementor-element-f71ee1b elementor-widget elementor-widget-text-editor\" data-id=\"f71ee1b\" data-element_type=\"widget\" data-widget_type=\"text-editor.default\">\n\t\t\t\t<div class=\"elementor-widget-container\">\n\t\t\t<style>\/*! elementor - v3.8.0 - 30-10-2022 *\/\n.elementor-widget-text-editor.elementor-drop-cap-view-stacked .elementor-drop-cap{background-color:#818a91;color:#fff}.elementor-widget-text-editor.elementor-drop-cap-view-framed .elementor-drop-cap{color:#818a91;border:3px solid;background-color:transparent}.elementor-widget-text-editor:not(.elementor-drop-cap-view-default) .elementor-drop-cap{margin-top:8px}.elementor-widget-text-editor:not(.elementor-drop-cap-view-default) .elementor-drop-cap-letter{width:1em;height:1em}.elementor-widget-text-editor .elementor-drop-cap{float:left;text-align:center;line-height:1;font-size:50px}.elementor-widget-text-editor .elementor-drop-cap-letter{display:inline-block}<\/style>\t\t\t\t<div><strong>6698 Say\u0131l\u0131 Ki\u015fisel Verilerin Korunmas\u0131 Kanunu<\/strong><\/div><div><strong>AYDINLATMA METN\u0130<\/strong><\/div><p><b class=\"tinymceVarsayilan\">1.\u00a0<strong>DAYANAK<\/strong><\/b><\/p><p>6698 say\u0131l\u0131 Ki\u015fisel Verilerin Korunmas\u0131 Kanunu (KVKK), 6502 say\u0131l\u0131 T\u00fcketicinin Korunmas\u0131 Hakk\u0131nda Kanun, 6563 Say\u0131l\u0131 Elektronik Ticaretin D\u00fczenlenmesi Hakk\u0131nda Kanun, Elektronik Ticarette Hizmet Sa\u011flay\u0131c\u0131 ve Arac\u0131 Hizmet Sa\u011flay\u0131c\u0131lar Hakk\u0131nda Y\u00f6netmelik ve Ticari \u0130leti\u015fim ve Ticari Elektronik \u0130letiler Hakk\u0131nda Y\u00f6netmelikte ki\u015fisel verilerin i\u015flenmesi ya da korunmas\u0131 ile ilgili h\u00fck\u00fcmlerde veri sorumlular\u0131n\u0131n y\u00fck\u00fcml\u00fcl\u00fckleri yer almaktad\u0131r.<\/p><p>ismailcelikinsaat.com adresinde m\u00fc\u015fterilerine hizmet sunan \u0130smail \u00c7elik \u0130n\u015faat San. ve Tic. ltd. \u015eti (bundan sonra \u201c\u015eirket\u201d olarak an\u0131lacakt\u0131r) olarak ziyaret\u00e7ilerimizin, m\u00fc\u015fterilerimizin ve \u00fcyelerimizin ki\u015fisel verilerinin korunmas\u0131n\u0131 \u00f6nemsemekte ve bu konuda yasal y\u00fck\u00fcml\u00fcl\u00fcklerimizi titizlikle yerine getirmekteyiz. Bu ba\u011flamda \u00fcr\u00fcn ve hizmetlerimizden faydalanan ziyaret\u00e7ilerimizin, m\u00fc\u015fterilerimizin ve \u00fcyelerimizin ki\u015fisel verilerinin <strong>6698 say\u0131l\u0131 Ki\u015fisel Verilerin Korunmas\u0131 Kanunu (KVKK)<\/strong> uygun olarak toplanmas\u0131na, i\u015flenmesine ve muhafaza edilmesine b\u00fcy\u00fck \u00f6nem vermekteyiz.<\/p><p>\u00a0<\/p><p>Veri sorumlusu olan \u015eirketimiz, KVKK ve Ayd\u0131nlatma Y\u00fck\u00fcml\u00fcl\u00fc\u011f\u00fcn\u00fcn Yerine Getirilmesinde Uyulacak Usul Ve Esaslar Hakk\u0131nda Tebli\u011f h\u00fck\u00fcmlerine uygun olarak, veri sorumlusunun ve varsa temsilcisinin kimli\u011fi, ki\u015fisel verilerin hangi ama\u00e7la i\u015flenece\u011fi, i\u015flenen ki\u015fisel verilerin kimlere ve hangi ama\u00e7la aktar\u0131labilece\u011fi, ki\u015fisel veri toplaman\u0131n y\u00f6ntemi ve hukuki sebebi, KVKK\u2019n\u0131n 11\u2019inci maddede say\u0131lan di\u011fer haklar\u0131 konusunda ayd\u0131nlatmakla y\u00fck\u00fcml\u00fc olup a\u015fa\u011f\u0131da y\u00fck\u00fcml\u00fcl\u00fcklerimiz ve haklar\u0131n\u0131z konusunda gerekli bilgileri sizlere sunmaktay\u0131z.<br \/><br \/><br \/><b class=\"tinymceVarsayilan\"><strong>2. TANIMLAR<\/strong><\/b><\/p><p>Bu ayd\u0131nlatma metni kapsam\u0131nda;<\/p><p>\u00a0<\/p><p><strong>A\u00e7\u0131k r\u0131za: <\/strong>Belirli bir konuya ili\u015fkin, bilgilendirilmeye dayanan ve \u00f6zg\u00fcr iradeyle a\u00e7\u0131klanan r\u0131zay\u0131,<\/p><p><strong>Anonim hale getirme:<\/strong> Ki\u015fisel verilerin, ba\u015fka verilerle e\u015fle\u015ftirilerek dahi hi\u00e7bir surette kimli\u011fi belirli veya belirlenebilir bir ger\u00e7ek ki\u015fiyle ili\u015fkilendirilemeyecek h\u00e2le getirilmesini,<\/p><p><strong>E-ticaret:<\/strong> Fiziki olarak kar\u015f\u0131 kar\u015f\u0131ya gelmeksizin, elektronik ortamda \u00e7evrim i\u00e7i ger\u00e7ekle\u015ftirilen \u00fcr\u00fcn, mal veya hizmet al\u0131\u015fveri\u015fi vb. her t\u00fcr ticari faaliyeti,<\/p><p><strong>Ki\u015fisel veri:<\/strong> Kimli\u011fi belirli veya belirlenebilir ger\u00e7ek ki\u015fiye ili\u015fkin her t\u00fcrl\u00fc bilgiyi,<\/p><p><strong>Ki\u015fisel verilerin i\u015flenmesi:<\/strong> Ki\u015fisel verilerin tamamen veya k\u0131smen otomatik olan ya da herhangi bir veri kay\u0131t sisteminin par\u00e7as\u0131 olmak kayd\u0131yla otomatik olmayan yollarla elde edilmesi, kaydedilmesi, depolanmas\u0131, muhafaza edilmesi, de\u011fi\u015ftirilmesi, yeniden d\u00fczenlenmesi, a\u00e7\u0131klanmas\u0131, aktar\u0131lmas\u0131, devral\u0131nmas\u0131, elde edilebilir h\u00e2le getirilmesi, s\u0131n\u0131fland\u0131r\u0131lmas\u0131 ya da kullan\u0131lmas\u0131n\u0131n engellenmesi gibi veriler \u00fczerinde ger\u00e7ekle\u015ftirilen her t\u00fcrl\u00fc i\u015flemi,<\/p><p><strong>Ki\u015fisel verilerin yok edilmesi:<\/strong> Ki\u015fisel verilerin hi\u00e7 kimse taraf\u0131ndan hi\u00e7bir \u015fekilde eri\u015filemez, geri getirilemez ve tekrar kullan\u0131lamaz hale getirilmesini,<\/p><p><strong>Veri kay\u0131t sistemi:<\/strong> Ki\u015fisel verilerin belirli kriterlere g\u00f6re yap\u0131land\u0131r\u0131larak i\u015flendi\u011fi kay\u0131t sistemini,<\/p><p><strong>Veri sahibinin r\u0131zas\u0131:<\/strong> Veri sahibinin kendisine ait ki\u015fisel verilerin i\u015flenmesine bir beyan yoluyla ya da a\u00e7\u0131k bir onay vererek \u00f6zg\u00fcr \u015fekilde ve a\u00e7\u0131k olarak izin vermesini,<\/p><p><strong>Veri sorumlusu:<\/strong> Ki\u015fisel verilerin i\u015fleme ama\u00e7lar\u0131n\u0131 ve vas\u0131talar\u0131n\u0131 belirleyen, veri kay\u0131t sisteminin kurulmas\u0131ndan ve y\u00f6netilmesinden sorumlu olan ger\u00e7ek veya t\u00fczel ki\u015fiyi ifade eder.<br \/><br \/><\/p><p><b class=\"tinymceVarsayilan\">3.\u00a0<strong>VER\u0130 SORUMLUSUNUN K\u0130ML\u0130\u011e\u0130<\/strong><\/b><\/p><p>KVKK uyar\u0131nca \u201cVeri Sorumlusu\u201d olan SFRS Bili\u015fim San. Ve Tic. Ltd. \u015eti.\u2019nin Kurumsal Kimlik Bilgileri a\u015fa\u011f\u0131daki \u015fekildedir:<\/p><p>\u00a0<\/p><p>Ticaret Sicil No\u00a0\u00a0\u00a0\u00a0\u00a0\u00a0\u00a0\u00a0\u00a0\u00a0\u00a0\u00a0 :\u00a0<\/p><p>Mersis No\u00a0\u00a0\u00a0\u00a0\u00a0\u00a0\u00a0\u00a0\u00a0\u00a0\u00a0\u00a0\u00a0\u00a0\u00a0\u00a0\u00a0\u00a0\u00a0 :\u00a0<\/p><p>Vergi Dairesi\u00a0\u00a0\u00a0\u00a0\u00a0\u00a0\u00a0\u00a0\u00a0\u00a0\u00a0\u00a0\u00a0\u00a0\u00a0 :\u00a0<\/p><p>Vergi Numaras\u0131 \u00a0\u00a0\u00a0\u00a0\u00a0\u00a0\u00a0\u00a0\u00a0\u00a0\u00a0 :\u00a0<\/p><p>Merkez Adresi\u00a0\u00a0\u00a0\u00a0\u00a0\u00a0\u00a0\u00a0\u00a0\u00a0\u00a0\u00a0\u00a0 :\u00a0<\/p><p>Telefon\u00a0\u00a0\u00a0\u00a0\u00a0\u00a0\u00a0\u00a0\u00a0\u00a0\u00a0 \u00a0\u00a0\u00a0\u00a0\u00a0\u00a0\u00a0\u00a0\u00a0\u00a0\u00a0 :\u00a0<\/p><p>\u0130nternet Sitesi\u00a0\u00a0\u00a0\u00a0\u00a0\u00a0\u00a0\u00a0\u00a0\u00a0\u00a0\u00a0\u00a0 :<\/p><p>E-posta Adresi\u00a0\u00a0\u00a0\u00a0\u00a0\u00a0\u00a0\u00a0\u00a0\u00a0\u00a0\u00a0\u00a0 :\u00a0<\/p><p>\u00a0<\/p><p><b class=\"tinymceVarsayilan\">4.\u00a0<strong>K\u0130\u015e\u0130SEL VER\u0130LER\u0130N TOPLANMASI, \u0130\u015eLENMES\u0130 Y\u00d6NTEMLER\u0130 VE AMA\u00c7LARI<\/strong><\/b><\/p><p>Ki\u015fisel verilerinizin kuraca\u011f\u0131m\u0131z s\u00f6zle\u015fmelerden do\u011fan y\u00fck\u00fcml\u00fcl\u00fcklerimizi yerine getirebilmek ve en iyi hizmeti verebilmek amac\u0131yla toplanmas\u0131na ve i\u015flenmesine ihtiya\u00e7 duymaktay\u0131z.<\/p><p>Ki\u015fisel verileriniz, e-ticaret faaliyetlerimiz kapsam\u0131nda otomatik ya da otomatik olmayan y\u00f6ntemlerle, yaz\u0131l\u0131 veya elektronik ortamda yap\u0131lan ba\u015fvurular\u0131n\u0131z, doldurdu\u011funuz \u00fcyelik ve ileti\u015fim formlar\u0131, s\u00f6zle\u015fmeleriniz, m\u00fc\u015fteri talep ve i\u015flem belgeleriniz, e-b\u00fclten \u00fcyeli\u011finiz, web sitemiz, sosyal medya hesaplar\u0131m\u0131zdaki \u00fcyelikleriniz ve payla\u015f\u0131mlar\u0131n\u0131z, telefon g\u00f6r\u00fc\u015fmeleriniz, elektronik postalar\u0131n\u0131z ve SMS vas\u0131tas\u0131yla elektronik veya fiziksel olarak toplanmaktad\u0131r.<\/p><p>Bu ba\u011flamda Sitemize \u00fcye olurken veya web-ma\u011fazam\u0131zdan sipari\u015f verirken payla\u015ft\u0131\u011f\u0131n\u0131z kimlik bilgileriniz (ad\u0131n\u0131z, soyad\u0131n\u0131z, TC kimlik numaran\u0131z, cinsiyetiniz, do\u011fum tarihiniz), ileti\u015fim bilgileriniz (fatura ve teslimat adresiniz, e-postan\u0131z, telefon numaran\u0131z), m\u00fc\u015fteri i\u015flem verileriniz (Sitemiz \u00fczerinden verdi\u011finiz sipari\u015fleriniz, favori \u00fcr\u00fcnleriniz, taleplerinizi ve talimatlar\u0131n\u0131z\u0131 i\u00e7eren mesajlar\u0131n\u0131z, i\u015flem tarihleriniz, IP numaran\u0131z gibi bilgiler) toplanmakta ve i\u015flenmektedir.<\/p><p>Sizler taraf\u0131ndan do\u011fru ve tam bir \u015fekilde \u015eirketimize iletilen bu veriler, \u00fcr\u00fcn sat\u0131\u015f\u0131na dair s\u00f6zle\u015fmenin kurulmas\u0131, ifas\u0131 ve yasal y\u00fck\u00fcml\u00fcl\u00fcklerimizin yerine getirilmesi, m\u00fc\u015fterilerin \u00fcyelik imkanlar\u0131ndan yararland\u0131r\u0131lmas\u0131, \u00fcr\u00fcn sat\u0131\u015f\u0131 ve sat\u0131\u015f sonras\u0131 destek s\u00fcre\u00e7lerinin y\u00fcr\u00fct\u00fclmesi, m\u00fc\u015fteri memnuniyetine y\u00f6nelik \u00e7al\u0131\u015fmalar\u0131n y\u00fcr\u00fct\u00fclmesi,\u00a0 finans ve muhasebe i\u015flerinin y\u00fcr\u00fct\u00fclmesi, firma ve \u00fcr\u00fcn ba\u011fl\u0131l\u0131k s\u00fcre\u00e7lerinin y\u00fcr\u00fct\u00fclmesi, mali ve hukuki y\u00fck\u00fcml\u00fcl\u00fcklerin yerine getirilmesi, istek ve \u015fikayetlerin takibi, yetkili ki\u015fi, kurum ve kurulu\u015flara bilgi verilmesi amac\u0131yla i\u015flenmektedir. \u00d6rne\u011fin sat\u0131n ald\u0131\u011f\u0131n\u0131z \u00fcr\u00fcnle ilgili size ge\u00e7erli bir fatura d\u00fczenleyebilmek, \u00f6deme alabilmek, teslimat yapabilmek ve gerekli olursa iade i\u015flemlerinizi y\u00fcr\u00fctebilmek ve di\u011fer talep ve \u015fikayetleriniz y\u00f6netebilmek amac\u0131yla kullan\u0131lmaktad\u0131r. Ayr\u0131ca E-B\u00fcltenimize abone olmu\u015f ve size e-posta g\u00f6ndermemize izin vermi\u015fseniz, ticari elektronik iletiler yoluyla yapt\u0131\u011f\u0131m\u0131z promosyonlardan veya \u00f6zel davetlerden haberdar edilebilir, anketlerimize kat\u0131lmaya davet edilebilirsiniz. Bu ileti\u015fimi al\u0131p almama konusunda Sitemize \u00fcye olurken se\u00e7im yapabilece\u011finiz gibi, bu se\u00e7iminizi daha sonra hesap bilgileriniz i\u00e7erisinden de\u011fi\u015ftirmeniz de m\u00fcmk\u00fcnd\u00fcr. Talep etmeniz halinde bu ileti\u015fim kanal\u0131ndan her an \u00e7\u0131kabilirsiniz, ayr\u0131ca sistemimize kay\u0131tl\u0131 olan t\u00fcm bilgilerinizi de silebiliriz.<\/p><p>KVKK m. 5 uyar\u0131nca, bir s\u00f6zle\u015fmenin kurulmas\u0131 veya ifas\u0131yla do\u011frudan do\u011fruya ilgili olmas\u0131 kayd\u0131yla, s\u00f6zle\u015fmenin taraflar\u0131na ait ki\u015fisel verilerin i\u015flenmesinin gerekli olmas\u0131 veya veri sorumlusunun hukuki y\u00fck\u00fcml\u00fcl\u00fc\u011f\u00fcn\u00fc yerine getirebilmesi i\u00e7in zorunlu olmas\u0131 durumunda kanunlardan do\u011fan temel hak ve \u00f6zg\u00fcrl\u00fckleriniz ile ki\u015filik haklar\u0131n\u0131z zarar vermeksizin ki\u015fisel verileriniz a\u00e7\u0131k r\u0131zan\u0131z olmaks\u0131z\u0131n i\u015flenebilir. Buna kar\u015f\u0131l\u0131k KVKK m. 6 uyar\u0131nca \u00f6zel nitelikteki ki\u015fisel verileriniz \u015eirketimiz taraf\u0131ndan talep edilmedi\u011fi gibi bu t\u00fcr verileri bizimle payla\u015fmak zorunda de\u011filsiniz. Bu t\u00fcr \u00f6zel nitelikteki verileri payla\u015fman\u0131z halinde ise bu veriler ancak a\u00e7\u0131k r\u0131zan\u0131z\u0131n olmas\u0131 halinde i\u015flenebilir.<br \/><br \/><\/p><p><b class=\"tinymceVarsayilan\">5.\u00a0<strong>K\u0130\u015e\u0130SEL VER\u0130LER\u0130N AKTARILMASI<\/strong><\/b><\/p><p>Bildirdi\u011finiz ki\u015fisel veriler; \u015eirketimiz taraf\u0131ndan sunulan \u00fcr\u00fcn ve hizmetlerden sizleri faydaland\u0131rmak i\u00e7in gerekli \u00e7al\u0131\u015fmalar\u0131n yap\u0131lmas\u0131, sunulan \u00fcr\u00fcn ve hizmetlerin ihtiya\u00e7, be\u011feni ve kullan\u0131m al\u0131\u015fkanl\u0131klar\u0131n\u0131za g\u00f6re \u00f6zelle\u015ftirilerek sizlere \u00f6nerilmesi, verilerinizin y\u00fcksek g\u00fcvenlik standartlar\u0131na uygun olarak saklanabilmesi ve korunabilmesi i\u00e7in gerekli tedbirlerin al\u0131nabilmesi, hukuki s\u00fcre\u00e7ler, mali i\u015fler ve benzeri ama\u00e7larla yasal olarak aktar\u0131lmas\u0131 gereken idari ve resmi makamlara, mevzuat\u0131n gerektirmesi ve hukuki y\u00fck\u00fcml\u00fcl\u00fc\u011f\u00fcn yerine getirilmesi i\u00e7in ilgili ki\u015fi ve kurumlara, d\u00fczenleyici ve denetleyici kurumlar ile mahkeme ve icra m\u00fcd\u00fcrl\u00fckleri gibi ki\u015fisel verilerinizi talep etmeye yetkili kurum veya kurulu\u015flara, vergi dan\u0131\u015fmanlar\u0131na ve avukatlara, hizmet al\u0131nan veya al\u0131nacak olan yurt i\u00e7i \u00fc\u00e7\u00fcnc\u00fc ki\u015filere, hissedarlar\u0131m\u0131za, sat\u0131lan \u00fcr\u00fcnlerin size ula\u015ft\u0131r\u0131lmas\u0131 i\u00e7in \u00e7al\u0131\u015ft\u0131\u011f\u0131m\u0131z i\u015f ortaklar\u0131m\u0131za (web alt yap\u0131s\u0131 hizmeti al\u0131nan firmalar, kargo firmalar\u0131 gibi) \u00a0KVKK\u2019n\u0131n 8. maddelerinde belirtilen \u015fartlara uygun olarak, ayr\u0131ca KVKK\u2019n\u0131n 9. maddesi uyar\u0131nca bilgilendirmeye dayal\u0131 a\u00e7\u0131k r\u0131zan\u0131z\u0131n al\u0131nm\u0131\u015f olmas\u0131 \u015fart\u0131yla yurt d\u0131\u015f\u0131ndaki i\u015f ortaklar\u0131na aktar\u0131labilmektedir.<br \/><br \/><\/p><p><b class=\"tinymceVarsayilan\">6.\u00a0<strong>K\u0130\u015e\u0130SEL VER\u0130 SAH\u0130B\u0130N\u0130N KVKK\u2019NIN 11. MADDES\u0130 KAPSAMINDAK\u0130 HAKLARI<\/strong><\/b><\/p><p>KVKK m. 11 uyar\u0131nca, ki\u015fisel veri sahibi, \u015eirketimize a\u015fa\u011f\u0131da a\u00e7\u0131klanan y\u00f6ntemlerden biriyle ba\u015fvurarak kendisiyle ilgili, ki\u015fisel veri i\u015flenip i\u015flenmedi\u011fini \u00f6\u011frenme; ki\u015fisel veriler i\u015flenmi\u015fse buna ili\u015fkin bilgi talep etme; ki\u015fisel verilerin i\u015flenme amac\u0131n\u0131 ve bunlar\u0131n amac\u0131na uygun kullan\u0131l\u0131p kullan\u0131lmad\u0131\u011f\u0131n\u0131 \u00f6\u011frenme; yurt i\u00e7inde veya yurt d\u0131\u015f\u0131nda ki\u015fisel verilerin aktar\u0131ld\u0131\u011f\u0131 \u00fc\u00e7\u00fcnc\u00fc ki\u015fileri bilme; ki\u015fisel verilerin eksik veya yanl\u0131\u015f i\u015flenmi\u015f olmas\u0131 h\u00e2linde bunlar\u0131n d\u00fczeltilmesini isteme, KVKK m. 7\u2019deki \u015fartlar \u00e7er\u00e7evesinde ki\u015fisel verilerin silinmesini veya yok edilmesini isteme; ki\u015fisel verilerin eksik veya yanl\u0131\u015f i\u015flenmi\u015f olmas\u0131 h\u00e2linde bunlar\u0131n d\u00fczeltilmesine ve ki\u015fisel verilerin silinmesine veya yok edilmesine ili\u015fkin istemleri hakk\u0131ndaki i\u015flemlerin, ki\u015fisel verilerin aktar\u0131ld\u0131\u011f\u0131 \u00fc\u00e7\u00fcnc\u00fc ki\u015filere bildirilmesini isteme; i\u015flenen verilerin m\u00fcnhas\u0131ran otomatik sistemler vas\u0131tas\u0131yla analiz edilmesi suretiyle aleyhine bir sonucun ortaya \u00e7\u0131kmas\u0131na itiraz etme; ki\u015fisel verilerin kanuna ayk\u0131r\u0131 olarak i\u015flenmesi sebebiyle zarara u\u011framas\u0131 \u00a0h\u00e2linde zarar\u0131n giderilmesini talep etme haklar\u0131na sahiptir.<\/p><p>Ki\u015fisel verilerinize ili\u015fkin yasal haklar\u0131n\u0131zla ilgili taleplerinizi \u015eirketimize a\u015fa\u011f\u0131da a\u00e7\u0131klanan y\u00f6ntemlerle iletmeniz halinde KVKK m. 13 uyar\u0131nca ba\u015fvuruda yer alan talepleriniz, talebin niteli\u011fine g\u00f6re en k\u0131sa s\u00fcrede ve en ge\u00e7 otuz g\u00fcn i\u00e7inde \u00fccretsiz olarak sonu\u00e7land\u0131r\u0131r. Ancak, i\u015flemin ayr\u0131ca bir maliyeti gerektirmesi h\u00e2linde, Ki\u015fisel Verileri Koruma Kurulu taraf\u0131ndan belirlenen tarifedeki \u00fccret al\u0131nabilir.<\/p><p>KVKK m. 11\u2019de d\u00fczenlenen haklar\u0131n\u0131z\u0131 kullanmak i\u00e7in talebinizi Sizinle payla\u015ft\u0131\u011f\u0131m\u0131z formu doldurarak ve imzalayarak \u015eirketimizin S\u00fcmer Mh. Evliyagil Sk. No:44\/A Odunpazar\u0131 Eski\u015fehir adresine kimli\u011finizi tespit edici belgeler ile bizzat elden teslim edebilirsiniz, noter kanal\u0131yla iletebilirsiniz, sfrsbilisim@hs01.kep.tr kay\u0131tl\u0131 elektronik posta adresine (KEP) adresine g\u00fcvenli elektronik imzal\u0131 olarak iletebilirsiniz veya Ki\u015fisel Verileri Koruma Kurulu taraf\u0131ndan yay\u0131nlanan Veri Sorumlusuna Ba\u015fvuru Usul Ve Esaslar\u0131 Hakk\u0131nda Tebli\u011f\u2019de belirtilen di\u011fer y\u00f6ntemlerle iletebilirsiniz.<br \/><br \/><\/p><p><b class=\"tinymceVarsayilan\"><strong>7. K\u0130\u015e\u0130SEL VER\u0130LEN S\u0130L\u0130NMES\u0130, YOK ED\u0130LMES\u0130 VE ANON\u0130M HALE GET\u0130R\u0130LMES\u0130<\/strong><\/b><\/p><p>KVKK m. 7 uyar\u0131nca, kanun h\u00fck\u00fcmlerine uygun olarak i\u015flenmi\u015f olmas\u0131na ra\u011fmen, i\u015flenmesini gerektiren sebeplerin tamam\u0131n\u0131n ortadan kalkmas\u0131 h\u00e2linde ki\u015fisel veriler resen veya veri sahibinin talebi \u00fczerine veri sorumlusu \u015eirketimiz taraf\u0131ndan silinir, yok edilir veya anonim h\u00e2le getirilir.<\/p><p>\u00a0<\/p><p><b class=\"tinymceVarsayilan\"><strong>8. \u00c7EREZ POL\u0130T\u0130KAMIZ<\/strong><\/b> hakk\u0131nda bilgilendirme metnine ise <a title=\"\u00c7erez Politikam\u0131z\" href=\"https:\/\/www.razorus.com\/cerez-politikamiz\">buradan<\/a> eri\u015febilirsiniz.<\/p>\t\t\t\t\t\t<\/div>\n\t\t\t\t<\/div>\n\t\t\t\t\t<\/div>\n\t\t<\/div>\n\t\t\t\t\t\t\t<\/div>\n\t\t<\/section>\n\t\t\t\t\t\t\t<\/div>\n\t\t","protected":false},"excerpt":{"rendered":"<p>KVKK 6698 Say\u0131l\u0131 Ki\u015fisel Verilerin Korunmas\u0131 KanunuAYDINLATMA METN\u0130 1.&nbsp;DAYANAK 6698 say\u0131l\u0131 Ki\u015fisel Verilerin Korunmas\u0131 Kanunu (KVKK), 6502 say\u0131l\u0131 T\u00fcketicinin Korunmas\u0131 Hakk\u0131nda Kanun, 6563 Say\u0131l\u0131 Elektronik Ticaretin D\u00fczenlenmesi Hakk\u0131nda Kanun, Elektronik Ticarette Hizmet Sa\u011flay\u0131c\u0131 ve Arac\u0131 Hizmet Sa\u011flay\u0131c\u0131lar Hakk\u0131nda Y\u00f6netmelik ve Ticari \u0130leti\u015fim ve Ticari Elektronik \u0130letiler Hakk\u0131nda Y\u00f6netmelikte ki\u015fisel verilerin i\u015flenmesi ya da korunmas\u0131 ile [&hellip;]<\/p>\n","protected":false},"author":1,"featured_media":0,"parent":0,"menu_order":0,"comment_status":"closed","ping_status":"closed","template":"","meta":[],"_links":{"self":[{"href":"https:\/\/www.ismailcelikinsaat.com.tr\/index.php\/wp-json\/wp\/v2\/pages\/5747"}],"collection":[{"href":"https:\/\/www.ismailcelikinsaat.com.tr\/index.php\/wp-json\/wp\/v2\/pages"}],"about":[{"href":"https:\/\/www.ismailcelikinsaat.com.tr\/index.php\/wp-json\/wp\/v2\/types\/page"}],"author":[{"embeddable":true,"href":"https:\/\/www.ismailcelikinsaat.com.tr\/index.php\/wp-json\/wp\/v2\/users\/1"}],"replies":[{"embeddable":true,"href":"https:\/\/www.ismailcelikinsaat.com.tr\/index.php\/wp-json\/wp\/v2\/comments?post=5747"}],"version-history":[{"count":5,"href":"https:\/\/www.ismailcelikinsaat.com.tr\/index.php\/wp-json\/wp\/v2\/pages\/5747\/revisions"}],"predecessor-version":[{"id":5753,"href":"https:\/\/www.ismailcelikinsaat.com.tr\/index.php\/wp-json\/wp\/v2\/pages\/5747\/revisions\/5753"}],"wp:attachment":[{"href":"https:\/\/www.ismailcelikinsaat.com.tr\/index.php\/wp-json\/wp\/v2\/media?parent=5747"}],"curies":[{"name":"wp","href":"https:\/\/api.w.org\/{rel}","templated":true}]}}