{"id":4879,"date":"2022-11-07T16:48:50","date_gmt":"2022-11-07T13:48:50","guid":{"rendered":"http:\/\/www.ismailcelikinsaat.com.tr\/?page_id=4879"},"modified":"2023-02-20T18:15:13","modified_gmt":"2023-02-20T15:15:13","slug":"ic-ak-petrol-urunleri-otomotiv","status":"publish","type":"page","link":"https:\/\/www.ismailcelikinsaat.com.tr\/index.php\/ic-ak-petrol-urunleri-otomotiv\/","title":{"rendered":"\u0130\u00c7-AK Petrol \u00dcr\u00fcnleri Otomotiv Mak. \u0130malat Ta\u015f. San. ve Tic. Ltd. \u015eti."},"content":{"rendered":"\t\t<div data-elementor-type=\"wp-page\" data-elementor-id=\"4879\" class=\"elementor elementor-4879\">\n\t\t\t\t\t\t\t\t\t<section class=\"elementor-section elementor-top-section elementor-element elementor-element-beffb23 elementor-section-boxed elementor-section-height-default elementor-section-height-default\" data-id=\"beffb23\" data-element_type=\"section\">\n\t\t\t\t\t\t<div class=\"elementor-container elementor-column-gap-default\">\n\t\t\t\t\t<div class=\"elementor-column elementor-col-100 elementor-top-column elementor-element elementor-element-fafbf34 ot-flex-column-vertical\" data-id=\"fafbf34\" data-element_type=\"column\">\n\t\t\t<div class=\"elementor-widget-wrap elementor-element-populated\">\n\t\t\t\t\t\t\t\t<div class=\"elementor-element elementor-element-957b902 elementor-widget elementor-widget-spacer\" data-id=\"957b902\" data-element_type=\"widget\" data-widget_type=\"spacer.default\">\n\t\t\t\t<div class=\"elementor-widget-container\">\n\t\t\t<style>\/*! elementor - v3.8.0 - 30-10-2022 *\/\n.elementor-column .elementor-spacer-inner{height:var(--spacer-size)}.e-con{--container-widget-width:100%}.e-con-inner>.elementor-widget-spacer,.e-con>.elementor-widget-spacer{width:var(--container-widget-width,var(--spacer-size));-ms-flex-item-align:stretch;align-self:stretch;-ms-flex-negative:0;flex-shrink:0}.e-con-inner>.elementor-widget-spacer>.elementor-widget-container,.e-con-inner>.elementor-widget-spacer>.elementor-widget-container>.elementor-spacer,.e-con>.elementor-widget-spacer>.elementor-widget-container,.e-con>.elementor-widget-spacer>.elementor-widget-container>.elementor-spacer{height:100%}.e-con-inner>.elementor-widget-spacer>.elementor-widget-container>.elementor-spacer>.elementor-spacer-inner,.e-con>.elementor-widget-spacer>.elementor-widget-container>.elementor-spacer>.elementor-spacer-inner{height:var(--container-widget-height,var(--spacer-size))}<\/style>\t\t<div class=\"elementor-spacer\">\n\t\t\t<div class=\"elementor-spacer-inner\"><\/div>\n\t\t<\/div>\n\t\t\t\t<\/div>\n\t\t\t\t<\/div>\n\t\t\t\t\t<\/div>\n\t\t<\/div>\n\t\t\t\t\t\t\t<\/div>\n\t\t<\/section>\n\t\t\t\t<section class=\"elementor-section elementor-top-section elementor-element elementor-element-afa4989 elementor-section-boxed elementor-section-height-default elementor-section-height-default\" data-id=\"afa4989\" data-element_type=\"section\">\n\t\t\t\t\t\t<div class=\"elementor-container elementor-column-gap-default\">\n\t\t\t\t\t<div class=\"elementor-column elementor-col-100 elementor-top-column elementor-element elementor-element-36cf0dc ot-flex-column-vertical\" data-id=\"36cf0dc\" data-element_type=\"column\">\n\t\t\t<div class=\"elementor-widget-wrap elementor-element-populated\">\n\t\t\t\t\t\t\t\t<div class=\"elementor-element elementor-element-55edc69 elementor-widget elementor-widget-heading\" data-id=\"55edc69\" data-element_type=\"widget\" data-widget_type=\"heading.default\">\n\t\t\t\t<div class=\"elementor-widget-container\">\n\t\t\t<style>\/*! elementor - v3.8.0 - 30-10-2022 *\/\n.elementor-heading-title{padding:0;margin:0;line-height:1}.elementor-widget-heading .elementor-heading-title[class*=elementor-size-]>a{color:inherit;font-size:inherit;line-height:inherit}.elementor-widget-heading .elementor-heading-title.elementor-size-small{font-size:15px}.elementor-widget-heading .elementor-heading-title.elementor-size-medium{font-size:19px}.elementor-widget-heading .elementor-heading-title.elementor-size-large{font-size:29px}.elementor-widget-heading .elementor-heading-title.elementor-size-xl{font-size:39px}.elementor-widget-heading .elementor-heading-title.elementor-size-xxl{font-size:59px}<\/style><h2 class=\"elementor-heading-title elementor-size-default\">\u0130\u00c7-AK Petrol \u00dcr\u00fcnleri Otomotiv Mak. \u0130malat Ta\u015f. San. ve Tic. Ltd. \u015eti.\n<\/h2>\t\t<\/div>\n\t\t\t\t<\/div>\n\t\t\t\t\t<\/div>\n\t\t<\/div>\n\t\t\t\t\t\t\t<\/div>\n\t\t<\/section>\n\t\t\t\t<section class=\"elementor-section elementor-top-section elementor-element elementor-element-e030966 elementor-section-boxed elementor-section-height-default elementor-section-height-default\" data-id=\"e030966\" data-element_type=\"section\">\n\t\t\t\t\t\t<div class=\"elementor-container elementor-column-gap-default\">\n\t\t\t\t\t<div class=\"elementor-column elementor-col-100 elementor-top-column elementor-element elementor-element-f212429 ot-flex-column-vertical\" data-id=\"f212429\" data-element_type=\"column\">\n\t\t\t<div class=\"elementor-widget-wrap elementor-element-populated\">\n\t\t\t\t\t\t\t\t<div class=\"elementor-element elementor-element-47c249b elementor-widget elementor-widget-spacer\" data-id=\"47c249b\" data-element_type=\"widget\" data-widget_type=\"spacer.default\">\n\t\t\t\t<div class=\"elementor-widget-container\">\n\t\t\t\t\t<div class=\"elementor-spacer\">\n\t\t\t<div class=\"elementor-spacer-inner\"><\/div>\n\t\t<\/div>\n\t\t\t\t<\/div>\n\t\t\t\t<\/div>\n\t\t\t\t\t<\/div>\n\t\t<\/div>\n\t\t\t\t\t\t\t<\/div>\n\t\t<\/section>\n\t\t\t\t<section class=\"elementor-section elementor-top-section elementor-element elementor-element-d46f958 elementor-section-boxed elementor-section-height-default elementor-section-height-default\" data-id=\"d46f958\" data-element_type=\"section\">\n\t\t\t\t\t\t<div class=\"elementor-container elementor-column-gap-default\">\n\t\t\t\t\t<div class=\"elementor-column elementor-col-100 elementor-top-column elementor-element elementor-element-09f9b6b ot-flex-column-vertical\" data-id=\"09f9b6b\" data-element_type=\"column\">\n\t\t\t<div class=\"elementor-widget-wrap elementor-element-populated\">\n\t\t\t\t\t\t\t\t<div class=\"elementor-element elementor-element-0c1c096 elementor-widget elementor-widget-image-gallery\" data-id=\"0c1c096\" data-element_type=\"widget\" data-widget_type=\"image-gallery.default\">\n\t\t\t\t<div class=\"elementor-widget-container\">\n\t\t\t<style>\/*! elementor - v3.8.0 - 30-10-2022 *\/\n.elementor-image-gallery .gallery-item{display:inline-block;text-align:center;vertical-align:top;width:100%;max-width:100%;margin:0 auto}.elementor-image-gallery .gallery-item img{margin:0 auto}.elementor-image-gallery .gallery-item .gallery-caption{margin:0}.elementor-image-gallery figure img{display:block}.elementor-image-gallery figure figcaption{width:100%}.gallery-spacing-custom .elementor-image-gallery .gallery-icon{padding:0}@media (min-width:768px){.elementor-image-gallery .gallery-columns-2 .gallery-item{max-width:50%}.elementor-image-gallery .gallery-columns-3 .gallery-item{max-width:33.33%}.elementor-image-gallery .gallery-columns-4 .gallery-item{max-width:25%}.elementor-image-gallery .gallery-columns-5 .gallery-item{max-width:20%}.elementor-image-gallery .gallery-columns-6 .gallery-item{max-width:16.666%}.elementor-image-gallery .gallery-columns-7 .gallery-item{max-width:14.28%}.elementor-image-gallery .gallery-columns-8 .gallery-item{max-width:12.5%}.elementor-image-gallery .gallery-columns-9 .gallery-item{max-width:11.11%}.elementor-image-gallery .gallery-columns-10 .gallery-item{max-width:10%}}@media (min-width:480px) and (max-width:767px){.elementor-image-gallery .gallery.gallery-columns-2 .gallery-item,.elementor-image-gallery .gallery.gallery-columns-3 .gallery-item,.elementor-image-gallery .gallery.gallery-columns-4 .gallery-item,.elementor-image-gallery .gallery.gallery-columns-5 .gallery-item,.elementor-image-gallery .gallery.gallery-columns-6 .gallery-item,.elementor-image-gallery .gallery.gallery-columns-7 .gallery-item,.elementor-image-gallery .gallery.gallery-columns-8 .gallery-item,.elementor-image-gallery .gallery.gallery-columns-9 .gallery-item,.elementor-image-gallery .gallery.gallery-columns-10 .gallery-item{max-width:50%}}@media (max-width:479px){.elementor-image-gallery .gallery.gallery-columns-2 .gallery-item,.elementor-image-gallery .gallery.gallery-columns-3 .gallery-item,.elementor-image-gallery .gallery.gallery-columns-4 .gallery-item,.elementor-image-gallery .gallery.gallery-columns-5 .gallery-item,.elementor-image-gallery .gallery.gallery-columns-6 .gallery-item,.elementor-image-gallery .gallery.gallery-columns-7 .gallery-item,.elementor-image-gallery .gallery.gallery-columns-8 .gallery-item,.elementor-image-gallery .gallery.gallery-columns-9 .gallery-item,.elementor-image-gallery .gallery.gallery-columns-10 .gallery-item{max-width:100%}}<\/style>\t\t<div class=\"elementor-image-gallery\">\n\t\t\t<div id='gallery-1' class='gallery galleryid-4879 gallery-columns-4 gallery-size-medium'><figure class='gallery-item'>\n\t\t\t<div class='gallery-icon landscape'>\n\t\t\t\t<a data-elementor-open-lightbox=\"yes\" data-elementor-lightbox-slideshow=\"0c1c096\" data-elementor-lightbox-title=\"20200221201007!Petrol_Ofisi_Logosu\" e-action-hash=\"#elementor-action%3Aaction%3Dlightbox%26settings%3DeyJpZCI6NTcwNSwidXJsIjoiaHR0cHM6XC9cL3d3dy5pc21haWxjZWxpa2luc2FhdC5jb20udHJcL3dwLWNvbnRlbnRcL3VwbG9hZHNcLzIwMjNcLzAxXC8yMDIwMDIyMTIwMTAwN1BldHJvbF9PZmlzaV9Mb2dvc3UucG5nIiwic2xpZGVzaG93IjoiMGMxYzA5NiJ9\" href='https:\/\/www.ismailcelikinsaat.com.tr\/wp-content\/uploads\/2023\/01\/20200221201007Petrol_Ofisi_Logosu.png'><img width=\"300\" height=\"120\" src=\"https:\/\/www.ismailcelikinsaat.com.tr\/wp-content\/uploads\/2023\/01\/20200221201007Petrol_Ofisi_Logosu-300x120.png\" class=\"attachment-medium size-medium\" alt=\"\" decoding=\"async\" loading=\"lazy\" srcset=\"https:\/\/www.ismailcelikinsaat.com.tr\/wp-content\/uploads\/2023\/01\/20200221201007Petrol_Ofisi_Logosu-300x120.png 300w, https:\/\/www.ismailcelikinsaat.com.tr\/wp-content\/uploads\/2023\/01\/20200221201007Petrol_Ofisi_Logosu-1024x409.png 1024w, https:\/\/www.ismailcelikinsaat.com.tr\/wp-content\/uploads\/2023\/01\/20200221201007Petrol_Ofisi_Logosu-768x307.png 768w, https:\/\/www.ismailcelikinsaat.com.tr\/wp-content\/uploads\/2023\/01\/20200221201007Petrol_Ofisi_Logosu-1536x613.png 1536w, https:\/\/www.ismailcelikinsaat.com.tr\/wp-content\/uploads\/2023\/01\/20200221201007Petrol_Ofisi_Logosu-2048x818.png 2048w\" sizes=\"(max-width: 300px) 100vw, 300px\" \/><\/a>\n\t\t\t<\/div><\/figure><figure class='gallery-item'>\n\t\t\t<div class='gallery-icon landscape'>\n\t\t\t\t<a data-elementor-open-lightbox=\"yes\" data-elementor-lightbox-slideshow=\"0c1c096\" data-elementor-lightbox-title=\"Petrol-Ofisi\" e-action-hash=\"#elementor-action%3Aaction%3Dlightbox%26settings%3DeyJpZCI6NTcwNCwidXJsIjoiaHR0cHM6XC9cL3d3dy5pc21haWxjZWxpa2luc2FhdC5jb20udHJcL3dwLWNvbnRlbnRcL3VwbG9hZHNcLzIwMjNcLzAxXC9QZXRyb2wtT2Zpc2kud2VicCIsInNsaWRlc2hvdyI6IjBjMWMwOTYifQ%3D%3D\" href='https:\/\/www.ismailcelikinsaat.com.tr\/wp-content\/uploads\/2023\/01\/Petrol-Ofisi.webp'><img width=\"300\" height=\"169\" src=\"https:\/\/www.ismailcelikinsaat.com.tr\/wp-content\/uploads\/2023\/01\/Petrol-Ofisi-300x169.webp\" class=\"attachment-medium size-medium\" alt=\"\" decoding=\"async\" loading=\"lazy\" srcset=\"https:\/\/www.ismailcelikinsaat.com.tr\/wp-content\/uploads\/2023\/01\/Petrol-Ofisi-300x169.webp 300w, https:\/\/www.ismailcelikinsaat.com.tr\/wp-content\/uploads\/2023\/01\/Petrol-Ofisi-1024x575.webp 1024w, https:\/\/www.ismailcelikinsaat.com.tr\/wp-content\/uploads\/2023\/01\/Petrol-Ofisi-768x431.webp 768w, https:\/\/www.ismailcelikinsaat.com.tr\/wp-content\/uploads\/2023\/01\/Petrol-Ofisi-1536x863.webp 1536w, https:\/\/www.ismailcelikinsaat.com.tr\/wp-content\/uploads\/2023\/01\/Petrol-Ofisi.webp 1780w\" sizes=\"(max-width: 300px) 100vw, 300px\" \/><\/a>\n\t\t\t<\/div><\/figure><figure class='gallery-item'>\n\t\t\t<div class='gallery-icon landscape'>\n\t\t\t\t<a data-elementor-open-lightbox=\"yes\" data-elementor-lightbox-slideshow=\"0c1c096\" data-elementor-lightbox-title=\"3a68790c-d0f0-411f-9dd2-669fb5871dc6\" e-action-hash=\"#elementor-action%3Aaction%3Dlightbox%26settings%3DeyJpZCI6NTcwMywidXJsIjoiaHR0cHM6XC9cL3d3dy5pc21haWxjZWxpa2luc2FhdC5jb20udHJcL3dwLWNvbnRlbnRcL3VwbG9hZHNcLzIwMjNcLzAxXC8zYTY4NzkwYy1kMGYwLTQxMWYtOWRkMi02NjlmYjU4NzFkYzYud2VicCIsInNsaWRlc2hvdyI6IjBjMWMwOTYifQ%3D%3D\" href='https:\/\/www.ismailcelikinsaat.com.tr\/wp-content\/uploads\/2023\/01\/3a68790c-d0f0-411f-9dd2-669fb5871dc6.webp'><img width=\"300\" height=\"154\" src=\"https:\/\/www.ismailcelikinsaat.com.tr\/wp-content\/uploads\/2023\/01\/3a68790c-d0f0-411f-9dd2-669fb5871dc6-300x154.webp\" class=\"attachment-medium size-medium\" alt=\"\" decoding=\"async\" loading=\"lazy\" srcset=\"https:\/\/www.ismailcelikinsaat.com.tr\/wp-content\/uploads\/2023\/01\/3a68790c-d0f0-411f-9dd2-669fb5871dc6-300x154.webp 300w, https:\/\/www.ismailcelikinsaat.com.tr\/wp-content\/uploads\/2023\/01\/3a68790c-d0f0-411f-9dd2-669fb5871dc6-1024x525.webp 1024w, https:\/\/www.ismailcelikinsaat.com.tr\/wp-content\/uploads\/2023\/01\/3a68790c-d0f0-411f-9dd2-669fb5871dc6-768x394.webp 768w, https:\/\/www.ismailcelikinsaat.com.tr\/wp-content\/uploads\/2023\/01\/3a68790c-d0f0-411f-9dd2-669fb5871dc6.webp 1343w\" sizes=\"(max-width: 300px) 100vw, 300px\" \/><\/a>\n\t\t\t<\/div><\/figure><figure class='gallery-item'>\n\t\t\t<div class='gallery-icon landscape'>\n\t\t\t\t<a data-elementor-open-lightbox=\"yes\" data-elementor-lightbox-slideshow=\"0c1c096\" data-elementor-lightbox-title=\"1\" e-action-hash=\"#elementor-action%3Aaction%3Dlightbox%26settings%3DeyJpZCI6NDg4NCwidXJsIjoiaHR0cHM6XC9cL3d3dy5pc21haWxjZWxpa2luc2FhdC5jb20udHJcL3dwLWNvbnRlbnRcL3VwbG9hZHNcLzIwMjJcLzExXC8xLTQucG5nIiwic2xpZGVzaG93IjoiMGMxYzA5NiJ9\" href='https:\/\/www.ismailcelikinsaat.com.tr\/wp-content\/uploads\/2022\/11\/1-4.png'><img width=\"300\" height=\"200\" src=\"https:\/\/www.ismailcelikinsaat.com.tr\/wp-content\/uploads\/2022\/11\/1-4-300x200.png\" class=\"attachment-medium size-medium\" alt=\"\" decoding=\"async\" loading=\"lazy\" srcset=\"https:\/\/www.ismailcelikinsaat.com.tr\/wp-content\/uploads\/2022\/11\/1-4-300x200.png 300w, https:\/\/www.ismailcelikinsaat.com.tr\/wp-content\/uploads\/2022\/11\/1-4-768x512.png 768w, https:\/\/www.ismailcelikinsaat.com.tr\/wp-content\/uploads\/2022\/11\/1-4.png 900w\" sizes=\"(max-width: 300px) 100vw, 300px\" \/><\/a>\n\t\t\t<\/div><\/figure><figure class='gallery-item'>\n\t\t\t<div class='gallery-icon landscape'>\n\t\t\t\t<a data-elementor-open-lightbox=\"yes\" data-elementor-lightbox-slideshow=\"0c1c096\" data-elementor-lightbox-title=\"2\" e-action-hash=\"#elementor-action%3Aaction%3Dlightbox%26settings%3DeyJpZCI6NDg4NSwidXJsIjoiaHR0cHM6XC9cL3d3dy5pc21haWxjZWxpa2luc2FhdC5jb20udHJcL3dwLWNvbnRlbnRcL3VwbG9hZHNcLzIwMjJcLzExXC8yLTQucG5nIiwic2xpZGVzaG93IjoiMGMxYzA5NiJ9\" href='https:\/\/www.ismailcelikinsaat.com.tr\/wp-content\/uploads\/2022\/11\/2-4.png'><img width=\"300\" height=\"200\" src=\"https:\/\/www.ismailcelikinsaat.com.tr\/wp-content\/uploads\/2022\/11\/2-4-300x200.png\" class=\"attachment-medium size-medium\" alt=\"\" decoding=\"async\" loading=\"lazy\" srcset=\"https:\/\/www.ismailcelikinsaat.com.tr\/wp-content\/uploads\/2022\/11\/2-4-300x200.png 300w, https:\/\/www.ismailcelikinsaat.com.tr\/wp-content\/uploads\/2022\/11\/2-4-768x512.png 768w, https:\/\/www.ismailcelikinsaat.com.tr\/wp-content\/uploads\/2022\/11\/2-4.png 900w\" sizes=\"(max-width: 300px) 100vw, 300px\" \/><\/a>\n\t\t\t<\/div><\/figure><figure class='gallery-item'>\n\t\t\t<div class='gallery-icon landscape'>\n\t\t\t\t<a data-elementor-open-lightbox=\"yes\" data-elementor-lightbox-slideshow=\"0c1c096\" data-elementor-lightbox-title=\"3\" e-action-hash=\"#elementor-action%3Aaction%3Dlightbox%26settings%3DeyJpZCI6NDg4NiwidXJsIjoiaHR0cHM6XC9cL3d3dy5pc21haWxjZWxpa2luc2FhdC5jb20udHJcL3dwLWNvbnRlbnRcL3VwbG9hZHNcLzIwMjJcLzExXC8zLTMucG5nIiwic2xpZGVzaG93IjoiMGMxYzA5NiJ9\" href='https:\/\/www.ismailcelikinsaat.com.tr\/wp-content\/uploads\/2022\/11\/3-3.png'><img width=\"300\" height=\"200\" src=\"https:\/\/www.ismailcelikinsaat.com.tr\/wp-content\/uploads\/2022\/11\/3-3-300x200.png\" class=\"attachment-medium size-medium\" alt=\"\" decoding=\"async\" loading=\"lazy\" srcset=\"https:\/\/www.ismailcelikinsaat.com.tr\/wp-content\/uploads\/2022\/11\/3-3-300x200.png 300w, https:\/\/www.ismailcelikinsaat.com.tr\/wp-content\/uploads\/2022\/11\/3-3-768x512.png 768w, https:\/\/www.ismailcelikinsaat.com.tr\/wp-content\/uploads\/2022\/11\/3-3.png 900w\" sizes=\"(max-width: 300px) 100vw, 300px\" \/><\/a>\n\t\t\t<\/div><\/figure><figure class='gallery-item'>\n\t\t\t<div class='gallery-icon landscape'>\n\t\t\t\t<a data-elementor-open-lightbox=\"yes\" data-elementor-lightbox-slideshow=\"0c1c096\" data-elementor-lightbox-title=\"4\" e-action-hash=\"#elementor-action%3Aaction%3Dlightbox%26settings%3DeyJpZCI6NDg4NywidXJsIjoiaHR0cHM6XC9cL3d3dy5pc21haWxjZWxpa2luc2FhdC5jb20udHJcL3dwLWNvbnRlbnRcL3VwbG9hZHNcLzIwMjJcLzExXC80LTMucG5nIiwic2xpZGVzaG93IjoiMGMxYzA5NiJ9\" href='https:\/\/www.ismailcelikinsaat.com.tr\/wp-content\/uploads\/2022\/11\/4-3.png'><img width=\"300\" height=\"200\" src=\"https:\/\/www.ismailcelikinsaat.com.tr\/wp-content\/uploads\/2022\/11\/4-3-300x200.png\" class=\"attachment-medium size-medium\" alt=\"\" decoding=\"async\" loading=\"lazy\" srcset=\"https:\/\/www.ismailcelikinsaat.com.tr\/wp-content\/uploads\/2022\/11\/4-3-300x200.png 300w, https:\/\/www.ismailcelikinsaat.com.tr\/wp-content\/uploads\/2022\/11\/4-3-768x512.png 768w, https:\/\/www.ismailcelikinsaat.com.tr\/wp-content\/uploads\/2022\/11\/4-3.png 900w\" sizes=\"(max-width: 300px) 100vw, 300px\" \/><\/a>\n\t\t\t<\/div><\/figure>\n\t\t<\/div>\n\t\t<\/div>\n\t\t\t\t<\/div>\n\t\t\t\t<\/div>\n\t\t\t\t\t<\/div>\n\t\t<\/div>\n\t\t\t\t\t\t\t<\/div>\n\t\t<\/section>\n\t\t\t\t<section class=\"elementor-section elementor-top-section elementor-element elementor-element-971baae elementor-section-boxed elementor-section-height-default elementor-section-height-default\" data-id=\"971baae\" data-element_type=\"section\">\n\t\t\t\t\t\t<div class=\"elementor-container elementor-column-gap-default\">\n\t\t\t\t\t<div class=\"elementor-column elementor-col-100 elementor-top-column elementor-element elementor-element-a23c434 ot-flex-column-vertical\" data-id=\"a23c434\" data-element_type=\"column\">\n\t\t\t<div class=\"elementor-widget-wrap elementor-element-populated\">\n\t\t\t\t\t\t\t\t<div class=\"elementor-element elementor-element-75a446b elementor-widget elementor-widget-spacer\" data-id=\"75a446b\" data-element_type=\"widget\" data-widget_type=\"spacer.default\">\n\t\t\t\t<div class=\"elementor-widget-container\">\n\t\t\t\t\t<div class=\"elementor-spacer\">\n\t\t\t<div class=\"elementor-spacer-inner\"><\/div>\n\t\t<\/div>\n\t\t\t\t<\/div>\n\t\t\t\t<\/div>\n\t\t\t\t\t<\/div>\n\t\t<\/div>\n\t\t\t\t\t\t\t<\/div>\n\t\t<\/section>\n\t\t\t\t<section class=\"elementor-section elementor-top-section elementor-element elementor-element-e81df6d elementor-section-boxed elementor-section-height-default elementor-section-height-default\" data-id=\"e81df6d\" data-element_type=\"section\">\n\t\t\t\t\t\t<div class=\"elementor-container elementor-column-gap-default\">\n\t\t\t\t\t<div class=\"elementor-column elementor-col-100 elementor-top-column elementor-element elementor-element-8312c2c ot-flex-column-vertical\" data-id=\"8312c2c\" data-element_type=\"column\">\n\t\t\t<div class=\"elementor-widget-wrap elementor-element-populated\">\n\t\t\t\t\t\t\t\t<div class=\"elementor-element elementor-element-dcb9e97 elementor-widget elementor-widget-text-editor\" data-id=\"dcb9e97\" data-element_type=\"widget\" data-widget_type=\"text-editor.default\">\n\t\t\t\t<div class=\"elementor-widget-container\">\n\t\t\t<style>\/*! elementor - v3.8.0 - 30-10-2022 *\/\n.elementor-widget-text-editor.elementor-drop-cap-view-stacked .elementor-drop-cap{background-color:#818a91;color:#fff}.elementor-widget-text-editor.elementor-drop-cap-view-framed .elementor-drop-cap{color:#818a91;border:3px solid;background-color:transparent}.elementor-widget-text-editor:not(.elementor-drop-cap-view-default) .elementor-drop-cap{margin-top:8px}.elementor-widget-text-editor:not(.elementor-drop-cap-view-default) .elementor-drop-cap-letter{width:1em;height:1em}.elementor-widget-text-editor .elementor-drop-cap{float:left;text-align:center;line-height:1;font-size:50px}.elementor-widget-text-editor .elementor-drop-cap-letter{display:inline-block}<\/style>\t\t\t\t<p><span style=\"font-weight: 400;\">\u0130\u00c7-AK Petrol \u00dcr\u00fcnleri Otomotiv Makine \u0130malat Ta\u015f\u0131mac\u0131l\u0131k Sanayi ve Ticaret Ltd. \u015eti., 2007 y\u0131l\u0131nda, kendine \u00f6zg\u00fc etik kurallar\u0131 ile ve kendi \u00f6z sermayesi ile, her t\u00fcrl\u00fc ham petrol, rafine petrol \u00fcr\u00fcnleri ve madeni ya\u011f ticareti yapmak, y\u00fckleme, bo\u015faltma, depolama, da\u011f\u0131t\u0131m ve dolum tesisleri kurmak ve i\u015fletmek amac\u0131yla, hem grubun hem de i\u00e7 piyasan\u0131n ihtiya\u00e7lar\u0131n\u0131 kar\u015f\u0131lanmas\u0131 i\u00e7in kurulmu\u015ftur. M\u00fc\u015fteri odakl\u0131 i\u015f felsefesiyle, tek seferde en do\u011fruyu yapmaya y\u00f6nelik olarak, yetkin ve deneyimli kadrosuyla ve g\u00fc\u00e7l\u00fc finansal yap\u0131s\u0131yla ve olanaklar\u0131 do\u011frultusunda, sekt\u00f6r\u00fcn \u00f6nde gelen \u00e7ok uluslu firmalar\u0131n temsilcisi ve b\u00f6lgesel firmalar\u0131n bayili\u011fini almak suretiyle, b\u00fct\u00fcn m\u00fc\u015fterilerimize ay\u0131r\u0131m yapmadan, ba\u015fta madeni ya\u011f olmak \u00fczere di\u011fer petrol \u00fcr\u00fcnlerinin dan\u0131\u015fmanl\u0131k, sat\u0131\u015f ve destek hizmetini vermektedir.<\/span><\/p><p><span style=\"font-weight: 400;\">Bu hizmeti verirken ki\u015filerden kurumlara, etkile\u015fim i\u00e7inde oldu\u011fu t\u00fcm i\u00e7 ve d\u0131\u015f piyasadaki m\u00fc\u015fterilerine sundu\u011fu \u00fcr\u00fcn ve hizmetlerden duyulan memnuniyeti en \u00fcst d\u00fczeyde sa\u011flamay\u0131 ilke edinmi\u015ftir. Dan\u0131\u015fmanl\u0131k, sat\u0131\u015f ve destek hizmeti verilen \u00fcr\u00fcnlerde, s\u00fcrekli kaliteliyi \u00f6n planda tutarak ve teknolojiye ayak uydurarak sekt\u00f6rde kal\u0131c\u0131 olmak i\u00e7in ve d\u00fcr\u00fcstl\u00fck temel ilkesiyle kendimizi geli\u015ftirmekteyiz. Sat\u0131\u015f\u0131n\u0131 yapmakta oldu\u011fumuz \u00fcr\u00fcnler, bir\u00e7ok sekt\u00f6r\u00fcn ihtiya\u00e7lar\u0131na y\u00f6nelik olarak s\u00fcrekli geli\u015ftirilerek ve teknolojinin s\u0131n\u0131rlar\u0131 zorlanarak \u00fcretilmektedir.<\/span><\/p><p><span style=\"font-weight: 400;\">Biz de, temsilcisi oldu\u011fumuz bu firmalar\u0131n, bizlerle payla\u015ft\u0131klar\u0131 deneyimlerini, m\u00fc\u015fterilerimize yans\u0131tmak i\u00e7in azami \u00e7abay\u0131 g\u00f6stermekteyiz. Her t\u00fcrl\u00fc talebe en uygun maliyet-performans dengesini sa\u011flayacak \u015fekilde, bu \u00fcr\u00fcnleri sunmak, ya\u011flama ile ilgili problemlere teknik ekibimizle \u00e7\u00f6z\u00fcm \u00fcretmek ve gerekti\u011finde de \u00fcretim a\u015famas\u0131na g\u00f6re \u00f6zel \u00fcr\u00fcn geli\u015ftirilmesine katk\u0131da bulunmak i\u00e7in, m\u00fc\u015fterilerimizden alm\u0131\u015f oldu\u011fumuz t\u00fcm geri bildirimleri ve birikimlerimizi \u00fcreticilerle payla\u015f\u0131yoruz.<\/span><\/p>\t\t\t\t\t\t<\/div>\n\t\t\t\t<\/div>\n\t\t\t\t\t<\/div>\n\t\t<\/div>\n\t\t\t\t\t\t\t<\/div>\n\t\t<\/section>\n\t\t\t\t<section class=\"elementor-section elementor-top-section elementor-element elementor-element-bcd7a39 elementor-section-boxed elementor-section-height-default elementor-section-height-default\" data-id=\"bcd7a39\" data-element_type=\"section\">\n\t\t\t\t\t\t<div class=\"elementor-container elementor-column-gap-default\">\n\t\t\t\t\t<div class=\"elementor-column elementor-col-100 elementor-top-column elementor-element elementor-element-0ba6511 ot-flex-column-vertical\" data-id=\"0ba6511\" data-element_type=\"column\">\n\t\t\t<div class=\"elementor-widget-wrap elementor-element-populated\">\n\t\t\t\t\t\t\t\t<div class=\"elementor-element elementor-element-786459b elementor-widget elementor-widget-spacer\" data-id=\"786459b\" data-element_type=\"widget\" data-widget_type=\"spacer.default\">\n\t\t\t\t<div class=\"elementor-widget-container\">\n\t\t\t\t\t<div class=\"elementor-spacer\">\n\t\t\t<div class=\"elementor-spacer-inner\"><\/div>\n\t\t<\/div>\n\t\t\t\t<\/div>\n\t\t\t\t<\/div>\n\t\t\t\t\t<\/div>\n\t\t<\/div>\n\t\t\t\t\t\t\t<\/div>\n\t\t<\/section>\n\t\t\t\t\t\t\t<\/div>\n\t\t","protected":false},"excerpt":{"rendered":"<p>\u0130\u00c7-AK Petrol \u00dcr\u00fcnleri Otomotiv Mak. \u0130malat Ta\u015f. San. ve Tic. Ltd. \u015eti. \u0130\u00c7-AK Petrol \u00dcr\u00fcnleri Otomotiv Makine \u0130malat Ta\u015f\u0131mac\u0131l\u0131k Sanayi ve Ticaret Ltd. \u015eti., 2007 y\u0131l\u0131nda, kendine \u00f6zg\u00fc etik kurallar\u0131 ile ve kendi \u00f6z sermayesi ile, her t\u00fcrl\u00fc ham petrol, rafine petrol \u00fcr\u00fcnleri ve madeni ya\u011f ticareti yapmak, y\u00fckleme, bo\u015faltma, depolama, da\u011f\u0131t\u0131m ve dolum tesisleri [&hellip;]<\/p>\n","protected":false},"author":1,"featured_media":0,"parent":0,"menu_order":0,"comment_status":"closed","ping_status":"closed","template":"","meta":[],"_links":{"self":[{"href":"https:\/\/www.ismailcelikinsaat.com.tr\/index.php\/wp-json\/wp\/v2\/pages\/4879"}],"collection":[{"href":"https:\/\/www.ismailcelikinsaat.com.tr\/index.php\/wp-json\/wp\/v2\/pages"}],"about":[{"href":"https:\/\/www.ismailcelikinsaat.com.tr\/index.php\/wp-json\/wp\/v2\/types\/page"}],"author":[{"embeddable":true,"href":"https:\/\/www.ismailcelikinsaat.com.tr\/index.php\/wp-json\/wp\/v2\/users\/1"}],"replies":[{"embeddable":true,"href":"https:\/\/www.ismailcelikinsaat.com.tr\/index.php\/wp-json\/wp\/v2\/comments?post=4879"}],"version-history":[{"count":36,"href":"https:\/\/www.ismailcelikinsaat.com.tr\/index.php\/wp-json\/wp\/v2\/pages\/4879\/revisions"}],"predecessor-version":[{"id":5901,"href":"https:\/\/www.ismailcelikinsaat.com.tr\/index.php\/wp-json\/wp\/v2\/pages\/4879\/revisions\/5901"}],"wp:attachment":[{"href":"https:\/\/www.ismailcelikinsaat.com.tr\/index.php\/wp-json\/wp\/v2\/media?parent=4879"}],"curies":[{"name":"wp","href":"https:\/\/api.w.org\/{rel}","templated":true}]}}