{"id":4855,"date":"2022-11-07T16:35:08","date_gmt":"2022-11-07T13:35:08","guid":{"rendered":"http:\/\/www.ismailcelikinsaat.com.tr\/?page_id=4855"},"modified":"2023-02-20T18:14:04","modified_gmt":"2023-02-20T15:14:04","slug":"ic-en-elektrik-uretim","status":"publish","type":"page","link":"https:\/\/www.ismailcelikinsaat.com.tr\/index.php\/ic-en-elektrik-uretim\/","title":{"rendered":"\u0130\u00c7-EN Elektrik \u00dcretim ve Tic. A.\u015f."},"content":{"rendered":"\t\t<div data-elementor-type=\"wp-page\" data-elementor-id=\"4855\" class=\"elementor elementor-4855\">\n\t\t\t\t\t\t\t\t\t<section class=\"elementor-section elementor-top-section elementor-element elementor-element-c135f21 elementor-section-boxed elementor-section-height-default elementor-section-height-default\" data-id=\"c135f21\" data-element_type=\"section\">\n\t\t\t\t\t\t<div class=\"elementor-container elementor-column-gap-default\">\n\t\t\t\t\t<div class=\"elementor-column elementor-col-100 elementor-top-column elementor-element elementor-element-26fed52 ot-flex-column-vertical\" data-id=\"26fed52\" data-element_type=\"column\">\n\t\t\t<div class=\"elementor-widget-wrap elementor-element-populated\">\n\t\t\t\t\t\t\t\t<div class=\"elementor-element elementor-element-5888cc8 elementor-widget elementor-widget-spacer\" data-id=\"5888cc8\" data-element_type=\"widget\" data-widget_type=\"spacer.default\">\n\t\t\t\t<div class=\"elementor-widget-container\">\n\t\t\t<style>\/*! elementor - v3.8.0 - 30-10-2022 *\/\n.elementor-column .elementor-spacer-inner{height:var(--spacer-size)}.e-con{--container-widget-width:100%}.e-con-inner>.elementor-widget-spacer,.e-con>.elementor-widget-spacer{width:var(--container-widget-width,var(--spacer-size));-ms-flex-item-align:stretch;align-self:stretch;-ms-flex-negative:0;flex-shrink:0}.e-con-inner>.elementor-widget-spacer>.elementor-widget-container,.e-con-inner>.elementor-widget-spacer>.elementor-widget-container>.elementor-spacer,.e-con>.elementor-widget-spacer>.elementor-widget-container,.e-con>.elementor-widget-spacer>.elementor-widget-container>.elementor-spacer{height:100%}.e-con-inner>.elementor-widget-spacer>.elementor-widget-container>.elementor-spacer>.elementor-spacer-inner,.e-con>.elementor-widget-spacer>.elementor-widget-container>.elementor-spacer>.elementor-spacer-inner{height:var(--container-widget-height,var(--spacer-size))}<\/style>\t\t<div class=\"elementor-spacer\">\n\t\t\t<div class=\"elementor-spacer-inner\"><\/div>\n\t\t<\/div>\n\t\t\t\t<\/div>\n\t\t\t\t<\/div>\n\t\t\t\t\t<\/div>\n\t\t<\/div>\n\t\t\t\t\t\t\t<\/div>\n\t\t<\/section>\n\t\t\t\t<section class=\"elementor-section elementor-top-section elementor-element elementor-element-a314cc8 elementor-section-boxed elementor-section-height-default elementor-section-height-default\" data-id=\"a314cc8\" data-element_type=\"section\">\n\t\t\t\t\t\t<div class=\"elementor-container elementor-column-gap-default\">\n\t\t\t\t\t<div class=\"elementor-column elementor-col-100 elementor-top-column elementor-element elementor-element-cb6ad51 ot-flex-column-vertical\" data-id=\"cb6ad51\" data-element_type=\"column\">\n\t\t\t<div class=\"elementor-widget-wrap elementor-element-populated\">\n\t\t\t\t\t\t\t\t<div class=\"elementor-element elementor-element-ec6132e elementor-widget elementor-widget-heading\" data-id=\"ec6132e\" data-element_type=\"widget\" data-widget_type=\"heading.default\">\n\t\t\t\t<div class=\"elementor-widget-container\">\n\t\t\t<style>\/*! elementor - v3.8.0 - 30-10-2022 *\/\n.elementor-heading-title{padding:0;margin:0;line-height:1}.elementor-widget-heading .elementor-heading-title[class*=elementor-size-]>a{color:inherit;font-size:inherit;line-height:inherit}.elementor-widget-heading .elementor-heading-title.elementor-size-small{font-size:15px}.elementor-widget-heading .elementor-heading-title.elementor-size-medium{font-size:19px}.elementor-widget-heading .elementor-heading-title.elementor-size-large{font-size:29px}.elementor-widget-heading .elementor-heading-title.elementor-size-xl{font-size:39px}.elementor-widget-heading .elementor-heading-title.elementor-size-xxl{font-size:59px}<\/style><h2 class=\"elementor-heading-title elementor-size-default\">\u0130\u00c7-EN Elektrik \u00dcretim ve Tic. A.\u015f.<\/h2>\t\t<\/div>\n\t\t\t\t<\/div>\n\t\t\t\t\t<\/div>\n\t\t<\/div>\n\t\t\t\t\t\t\t<\/div>\n\t\t<\/section>\n\t\t\t\t<section class=\"elementor-section elementor-top-section elementor-element elementor-element-efc26e3 elementor-section-boxed elementor-section-height-default elementor-section-height-default\" data-id=\"efc26e3\" data-element_type=\"section\">\n\t\t\t\t\t\t<div class=\"elementor-container elementor-column-gap-default\">\n\t\t\t\t\t<div class=\"elementor-column elementor-col-100 elementor-top-column elementor-element elementor-element-25e7b1e ot-flex-column-vertical\" data-id=\"25e7b1e\" data-element_type=\"column\">\n\t\t\t<div class=\"elementor-widget-wrap elementor-element-populated\">\n\t\t\t\t\t\t\t\t<div class=\"elementor-element elementor-element-4b1875a elementor-widget elementor-widget-spacer\" data-id=\"4b1875a\" data-element_type=\"widget\" data-widget_type=\"spacer.default\">\n\t\t\t\t<div class=\"elementor-widget-container\">\n\t\t\t\t\t<div class=\"elementor-spacer\">\n\t\t\t<div class=\"elementor-spacer-inner\"><\/div>\n\t\t<\/div>\n\t\t\t\t<\/div>\n\t\t\t\t<\/div>\n\t\t\t\t\t<\/div>\n\t\t<\/div>\n\t\t\t\t\t\t\t<\/div>\n\t\t<\/section>\n\t\t\t\t<section class=\"elementor-section elementor-top-section elementor-element elementor-element-eb6dab2 elementor-section-boxed elementor-section-height-default elementor-section-height-default\" data-id=\"eb6dab2\" data-element_type=\"section\">\n\t\t\t\t\t\t<div class=\"elementor-container elementor-column-gap-default\">\n\t\t\t\t\t<div class=\"elementor-column elementor-col-100 elementor-top-column elementor-element elementor-element-6d54fdb ot-flex-column-vertical\" data-id=\"6d54fdb\" data-element_type=\"column\">\n\t\t\t<div class=\"elementor-widget-wrap elementor-element-populated\">\n\t\t\t\t\t\t\t\t<div class=\"elementor-element elementor-element-268ddcd elementor-widget elementor-widget-igimages\" data-id=\"268ddcd\" data-element_type=\"widget\" data-widget_type=\"igimages.default\">\n\t\t\t\t<div class=\"elementor-widget-container\">\n\t\t\t\t\t<div class=\"image-gallery\">\r\n\t\t<div id='gallery-1' class='gallery galleryid-4855 gallery-columns-4 gallery-size-medium'><figure class='gallery-item'>\n\t\t\t<div class='gallery-icon landscape'>\n\t\t\t\t<a data-elementor-open-lightbox=\"no\" href='https:\/\/www.ismailcelikinsaat.com.tr\/wp-content\/uploads\/2023\/01\/DSC01630-3-scaled.jpg'><img width=\"300\" height=\"225\" src=\"https:\/\/www.ismailcelikinsaat.com.tr\/wp-content\/uploads\/2023\/01\/DSC01630-3-300x225.jpg\" class=\"attachment-medium size-medium\" alt=\"\" decoding=\"async\" loading=\"lazy\" srcset=\"https:\/\/www.ismailcelikinsaat.com.tr\/wp-content\/uploads\/2023\/01\/DSC01630-3-300x225.jpg 300w, https:\/\/www.ismailcelikinsaat.com.tr\/wp-content\/uploads\/2023\/01\/DSC01630-3-1024x768.jpg 1024w, https:\/\/www.ismailcelikinsaat.com.tr\/wp-content\/uploads\/2023\/01\/DSC01630-3-768x576.jpg 768w, https:\/\/www.ismailcelikinsaat.com.tr\/wp-content\/uploads\/2023\/01\/DSC01630-3-1536x1152.jpg 1536w, https:\/\/www.ismailcelikinsaat.com.tr\/wp-content\/uploads\/2023\/01\/DSC01630-3-2048x1536.jpg 2048w\" sizes=\"(max-width: 300px) 100vw, 300px\" \/><\/a>\n\t\t\t<\/div><\/figure><figure class='gallery-item'>\n\t\t\t<div class='gallery-icon landscape'>\n\t\t\t\t<a data-elementor-open-lightbox=\"no\" href='https:\/\/www.ismailcelikinsaat.com.tr\/wp-content\/uploads\/2023\/01\/DSC02146-3.jpg'><img width=\"300\" height=\"225\" src=\"https:\/\/www.ismailcelikinsaat.com.tr\/wp-content\/uploads\/2023\/01\/DSC02146-3-300x225.jpg\" class=\"attachment-medium size-medium\" alt=\"\" decoding=\"async\" loading=\"lazy\" srcset=\"https:\/\/www.ismailcelikinsaat.com.tr\/wp-content\/uploads\/2023\/01\/DSC02146-3-300x225.jpg 300w, https:\/\/www.ismailcelikinsaat.com.tr\/wp-content\/uploads\/2023\/01\/DSC02146-3-1024x768.jpg 1024w, https:\/\/www.ismailcelikinsaat.com.tr\/wp-content\/uploads\/2023\/01\/DSC02146-3-768x576.jpg 768w, https:\/\/www.ismailcelikinsaat.com.tr\/wp-content\/uploads\/2023\/01\/DSC02146-3-1536x1152.jpg 1536w, https:\/\/www.ismailcelikinsaat.com.tr\/wp-content\/uploads\/2023\/01\/DSC02146-3.jpg 1632w\" sizes=\"(max-width: 300px) 100vw, 300px\" \/><\/a>\n\t\t\t<\/div><\/figure><figure class='gallery-item'>\n\t\t\t<div class='gallery-icon landscape'>\n\t\t\t\t<a data-elementor-open-lightbox=\"no\" href='https:\/\/www.ismailcelikinsaat.com.tr\/wp-content\/uploads\/2023\/01\/DSC02658-3-scaled.jpg'><img width=\"300\" height=\"225\" src=\"https:\/\/www.ismailcelikinsaat.com.tr\/wp-content\/uploads\/2023\/01\/DSC02658-3-300x225.jpg\" class=\"attachment-medium size-medium\" alt=\"\" decoding=\"async\" loading=\"lazy\" srcset=\"https:\/\/www.ismailcelikinsaat.com.tr\/wp-content\/uploads\/2023\/01\/DSC02658-3-300x225.jpg 300w, https:\/\/www.ismailcelikinsaat.com.tr\/wp-content\/uploads\/2023\/01\/DSC02658-3-1024x768.jpg 1024w, https:\/\/www.ismailcelikinsaat.com.tr\/wp-content\/uploads\/2023\/01\/DSC02658-3-768x576.jpg 768w, https:\/\/www.ismailcelikinsaat.com.tr\/wp-content\/uploads\/2023\/01\/DSC02658-3-1536x1152.jpg 1536w, https:\/\/www.ismailcelikinsaat.com.tr\/wp-content\/uploads\/2023\/01\/DSC02658-3-2048x1536.jpg 2048w\" sizes=\"(max-width: 300px) 100vw, 300px\" \/><\/a>\n\t\t\t<\/div><\/figure><figure class='gallery-item'>\n\t\t\t<div class='gallery-icon landscape'>\n\t\t\t\t<a data-elementor-open-lightbox=\"no\" href='https:\/\/www.ismailcelikinsaat.com.tr\/wp-content\/uploads\/2023\/01\/DSC02663-3-scaled.jpg'><img width=\"300\" height=\"225\" src=\"https:\/\/www.ismailcelikinsaat.com.tr\/wp-content\/uploads\/2023\/01\/DSC02663-3-300x225.jpg\" class=\"attachment-medium size-medium\" alt=\"\" decoding=\"async\" loading=\"lazy\" srcset=\"https:\/\/www.ismailcelikinsaat.com.tr\/wp-content\/uploads\/2023\/01\/DSC02663-3-300x225.jpg 300w, https:\/\/www.ismailcelikinsaat.com.tr\/wp-content\/uploads\/2023\/01\/DSC02663-3-1024x768.jpg 1024w, https:\/\/www.ismailcelikinsaat.com.tr\/wp-content\/uploads\/2023\/01\/DSC02663-3-768x576.jpg 768w, https:\/\/www.ismailcelikinsaat.com.tr\/wp-content\/uploads\/2023\/01\/DSC02663-3-1536x1152.jpg 1536w, https:\/\/www.ismailcelikinsaat.com.tr\/wp-content\/uploads\/2023\/01\/DSC02663-3-2048x1536.jpg 2048w\" sizes=\"(max-width: 300px) 100vw, 300px\" \/><\/a>\n\t\t\t<\/div><\/figure><figure class='gallery-item'>\n\t\t\t<div class='gallery-icon landscape'>\n\t\t\t\t<a data-elementor-open-lightbox=\"no\" href='https:\/\/www.ismailcelikinsaat.com.tr\/wp-content\/uploads\/2023\/01\/DSC02672-3-scaled.jpg'><img width=\"300\" height=\"225\" src=\"https:\/\/www.ismailcelikinsaat.com.tr\/wp-content\/uploads\/2023\/01\/DSC02672-3-300x225.jpg\" class=\"attachment-medium size-medium\" alt=\"\" decoding=\"async\" loading=\"lazy\" srcset=\"https:\/\/www.ismailcelikinsaat.com.tr\/wp-content\/uploads\/2023\/01\/DSC02672-3-300x225.jpg 300w, https:\/\/www.ismailcelikinsaat.com.tr\/wp-content\/uploads\/2023\/01\/DSC02672-3-1024x768.jpg 1024w, https:\/\/www.ismailcelikinsaat.com.tr\/wp-content\/uploads\/2023\/01\/DSC02672-3-768x576.jpg 768w, https:\/\/www.ismailcelikinsaat.com.tr\/wp-content\/uploads\/2023\/01\/DSC02672-3-1536x1152.jpg 1536w, https:\/\/www.ismailcelikinsaat.com.tr\/wp-content\/uploads\/2023\/01\/DSC02672-3-2048x1536.jpg 2048w\" sizes=\"(max-width: 300px) 100vw, 300px\" \/><\/a>\n\t\t\t<\/div><\/figure><figure class='gallery-item'>\n\t\t\t<div class='gallery-icon landscape'>\n\t\t\t\t<a data-elementor-open-lightbox=\"no\" href='https:\/\/www.ismailcelikinsaat.com.tr\/wp-content\/uploads\/2023\/01\/DSC02676-3-scaled.jpg'><img width=\"300\" height=\"225\" src=\"https:\/\/www.ismailcelikinsaat.com.tr\/wp-content\/uploads\/2023\/01\/DSC02676-3-300x225.jpg\" class=\"attachment-medium size-medium\" alt=\"\" decoding=\"async\" loading=\"lazy\" srcset=\"https:\/\/www.ismailcelikinsaat.com.tr\/wp-content\/uploads\/2023\/01\/DSC02676-3-300x225.jpg 300w, https:\/\/www.ismailcelikinsaat.com.tr\/wp-content\/uploads\/2023\/01\/DSC02676-3-1024x768.jpg 1024w, https:\/\/www.ismailcelikinsaat.com.tr\/wp-content\/uploads\/2023\/01\/DSC02676-3-768x576.jpg 768w, https:\/\/www.ismailcelikinsaat.com.tr\/wp-content\/uploads\/2023\/01\/DSC02676-3-1536x1152.jpg 1536w, https:\/\/www.ismailcelikinsaat.com.tr\/wp-content\/uploads\/2023\/01\/DSC02676-3-2048x1536.jpg 2048w\" sizes=\"(max-width: 300px) 100vw, 300px\" \/><\/a>\n\t\t\t<\/div><\/figure><figure class='gallery-item'>\n\t\t\t<div class='gallery-icon landscape'>\n\t\t\t\t<a data-elementor-open-lightbox=\"no\" href='https:\/\/www.ismailcelikinsaat.com.tr\/wp-content\/uploads\/2023\/01\/DSC02808-3.jpg'><img width=\"300\" height=\"225\" src=\"https:\/\/www.ismailcelikinsaat.com.tr\/wp-content\/uploads\/2023\/01\/DSC02808-3-300x225.jpg\" class=\"attachment-medium size-medium\" alt=\"\" decoding=\"async\" loading=\"lazy\" srcset=\"https:\/\/www.ismailcelikinsaat.com.tr\/wp-content\/uploads\/2023\/01\/DSC02808-3-300x225.jpg 300w, https:\/\/www.ismailcelikinsaat.com.tr\/wp-content\/uploads\/2023\/01\/DSC02808-3.jpg 600w\" sizes=\"(max-width: 300px) 100vw, 300px\" \/><\/a>\n\t\t\t<\/div><\/figure><figure class='gallery-item'>\n\t\t\t<div class='gallery-icon landscape'>\n\t\t\t\t<a data-elementor-open-lightbox=\"no\" href='https:\/\/www.ismailcelikinsaat.com.tr\/wp-content\/uploads\/2023\/01\/DSC02810-3.jpg'><img width=\"300\" height=\"225\" src=\"https:\/\/www.ismailcelikinsaat.com.tr\/wp-content\/uploads\/2023\/01\/DSC02810-3-300x225.jpg\" class=\"attachment-medium size-medium\" alt=\"\" decoding=\"async\" loading=\"lazy\" srcset=\"https:\/\/www.ismailcelikinsaat.com.tr\/wp-content\/uploads\/2023\/01\/DSC02810-3-300x225.jpg 300w, https:\/\/www.ismailcelikinsaat.com.tr\/wp-content\/uploads\/2023\/01\/DSC02810-3.jpg 600w\" sizes=\"(max-width: 300px) 100vw, 300px\" \/><\/a>\n\t\t\t<\/div><\/figure><figure class='gallery-item'>\n\t\t\t<div class='gallery-icon landscape'>\n\t\t\t\t<a data-elementor-open-lightbox=\"no\" href='https:\/\/www.ismailcelikinsaat.com.tr\/wp-content\/uploads\/2023\/01\/IMG_0045-3-scaled.jpg'><img width=\"300\" height=\"200\" src=\"https:\/\/www.ismailcelikinsaat.com.tr\/wp-content\/uploads\/2023\/01\/IMG_0045-3-300x200.jpg\" class=\"attachment-medium size-medium\" alt=\"\" decoding=\"async\" loading=\"lazy\" srcset=\"https:\/\/www.ismailcelikinsaat.com.tr\/wp-content\/uploads\/2023\/01\/IMG_0045-3-300x200.jpg 300w, https:\/\/www.ismailcelikinsaat.com.tr\/wp-content\/uploads\/2023\/01\/IMG_0045-3-1024x683.jpg 1024w, https:\/\/www.ismailcelikinsaat.com.tr\/wp-content\/uploads\/2023\/01\/IMG_0045-3-768x512.jpg 768w, https:\/\/www.ismailcelikinsaat.com.tr\/wp-content\/uploads\/2023\/01\/IMG_0045-3-1536x1024.jpg 1536w, https:\/\/www.ismailcelikinsaat.com.tr\/wp-content\/uploads\/2023\/01\/IMG_0045-3-2048x1365.jpg 2048w\" sizes=\"(max-width: 300px) 100vw, 300px\" \/><\/a>\n\t\t\t<\/div><\/figure><figure class='gallery-item'>\n\t\t\t<div class='gallery-icon landscape'>\n\t\t\t\t<a data-elementor-open-lightbox=\"no\" href='https:\/\/www.ismailcelikinsaat.com.tr\/wp-content\/uploads\/2023\/01\/IMG_0066-3-scaled.jpg'><img width=\"300\" height=\"200\" src=\"https:\/\/www.ismailcelikinsaat.com.tr\/wp-content\/uploads\/2023\/01\/IMG_0066-3-300x200.jpg\" class=\"attachment-medium size-medium\" alt=\"\" decoding=\"async\" loading=\"lazy\" srcset=\"https:\/\/www.ismailcelikinsaat.com.tr\/wp-content\/uploads\/2023\/01\/IMG_0066-3-300x200.jpg 300w, https:\/\/www.ismailcelikinsaat.com.tr\/wp-content\/uploads\/2023\/01\/IMG_0066-3-1024x683.jpg 1024w, https:\/\/www.ismailcelikinsaat.com.tr\/wp-content\/uploads\/2023\/01\/IMG_0066-3-768x512.jpg 768w, https:\/\/www.ismailcelikinsaat.com.tr\/wp-content\/uploads\/2023\/01\/IMG_0066-3-1536x1024.jpg 1536w, https:\/\/www.ismailcelikinsaat.com.tr\/wp-content\/uploads\/2023\/01\/IMG_0066-3-2048x1365.jpg 2048w\" sizes=\"(max-width: 300px) 100vw, 300px\" \/><\/a>\n\t\t\t<\/div><\/figure><figure class='gallery-item'>\n\t\t\t<div class='gallery-icon landscape'>\n\t\t\t\t<a data-elementor-open-lightbox=\"no\" href='https:\/\/www.ismailcelikinsaat.com.tr\/wp-content\/uploads\/2023\/01\/IMG_0110-3-scaled.jpg'><img width=\"300\" height=\"200\" src=\"https:\/\/www.ismailcelikinsaat.com.tr\/wp-content\/uploads\/2023\/01\/IMG_0110-3-300x200.jpg\" class=\"attachment-medium size-medium\" alt=\"\" decoding=\"async\" loading=\"lazy\" srcset=\"https:\/\/www.ismailcelikinsaat.com.tr\/wp-content\/uploads\/2023\/01\/IMG_0110-3-300x200.jpg 300w, https:\/\/www.ismailcelikinsaat.com.tr\/wp-content\/uploads\/2023\/01\/IMG_0110-3-1024x683.jpg 1024w, https:\/\/www.ismailcelikinsaat.com.tr\/wp-content\/uploads\/2023\/01\/IMG_0110-3-768x512.jpg 768w, https:\/\/www.ismailcelikinsaat.com.tr\/wp-content\/uploads\/2023\/01\/IMG_0110-3-1536x1024.jpg 1536w, https:\/\/www.ismailcelikinsaat.com.tr\/wp-content\/uploads\/2023\/01\/IMG_0110-3-2048x1365.jpg 2048w\" sizes=\"(max-width: 300px) 100vw, 300px\" \/><\/a>\n\t\t\t<\/div><\/figure>\n\t\t<\/div>\n\t\t<\/div>\r\n\t\t\t\t<\/div>\n\t\t\t\t<\/div>\n\t\t\t\t\t<\/div>\n\t\t<\/div>\n\t\t\t\t\t\t\t<\/div>\n\t\t<\/section>\n\t\t\t\t<section class=\"elementor-section elementor-top-section elementor-element elementor-element-d40baff elementor-section-boxed elementor-section-height-default elementor-section-height-default\" data-id=\"d40baff\" data-element_type=\"section\">\n\t\t\t\t\t\t<div class=\"elementor-container elementor-column-gap-default\">\n\t\t\t\t\t<div class=\"elementor-column elementor-col-100 elementor-top-column elementor-element elementor-element-09bfb7b ot-flex-column-vertical\" data-id=\"09bfb7b\" data-element_type=\"column\">\n\t\t\t<div class=\"elementor-widget-wrap elementor-element-populated\">\n\t\t\t\t\t\t\t\t<div class=\"elementor-element elementor-element-f4eaa73 elementor-widget elementor-widget-spacer\" data-id=\"f4eaa73\" data-element_type=\"widget\" data-widget_type=\"spacer.default\">\n\t\t\t\t<div class=\"elementor-widget-container\">\n\t\t\t\t\t<div class=\"elementor-spacer\">\n\t\t\t<div class=\"elementor-spacer-inner\"><\/div>\n\t\t<\/div>\n\t\t\t\t<\/div>\n\t\t\t\t<\/div>\n\t\t\t\t\t<\/div>\n\t\t<\/div>\n\t\t\t\t\t\t\t<\/div>\n\t\t<\/section>\n\t\t\t\t<section class=\"elementor-section elementor-top-section elementor-element elementor-element-ed1cd16 elementor-section-boxed elementor-section-height-default elementor-section-height-default\" data-id=\"ed1cd16\" data-element_type=\"section\">\n\t\t\t\t\t\t<div class=\"elementor-container elementor-column-gap-default\">\n\t\t\t\t\t<div class=\"elementor-column elementor-col-100 elementor-top-column elementor-element elementor-element-84b5544 ot-flex-column-vertical\" data-id=\"84b5544\" data-element_type=\"column\">\n\t\t\t<div class=\"elementor-widget-wrap elementor-element-populated\">\n\t\t\t\t\t\t\t\t<div class=\"elementor-element elementor-element-55635ed elementor-widget elementor-widget-text-editor\" data-id=\"55635ed\" data-element_type=\"widget\" data-widget_type=\"text-editor.default\">\n\t\t\t\t<div class=\"elementor-widget-container\">\n\t\t\t<style>\/*! elementor - v3.8.0 - 30-10-2022 *\/\n.elementor-widget-text-editor.elementor-drop-cap-view-stacked .elementor-drop-cap{background-color:#818a91;color:#fff}.elementor-widget-text-editor.elementor-drop-cap-view-framed .elementor-drop-cap{color:#818a91;border:3px solid;background-color:transparent}.elementor-widget-text-editor:not(.elementor-drop-cap-view-default) .elementor-drop-cap{margin-top:8px}.elementor-widget-text-editor:not(.elementor-drop-cap-view-default) .elementor-drop-cap-letter{width:1em;height:1em}.elementor-widget-text-editor .elementor-drop-cap{float:left;text-align:center;line-height:1;font-size:50px}.elementor-widget-text-editor .elementor-drop-cap-letter{display:inline-block}<\/style>\t\t\t\t<p>\u0130\u00c7-EN Elektrik \u00dcretim ve Tic. A. \u015e., 2004 y\u0131l\u0131nda, elektrik enerjisi mevzuat\u0131na uygun olarak, her t\u00fcrl\u00fc elektrik \u00fcretim tesislerinin kurulmas\u0131, i\u015fletmeye al\u0131nmas\u0131, \u00fcretilen elektrik enerjisinin m\u00fc\u015fterilere sat\u0131\u015f\u0131n\u0131n ger\u00e7ekle\u015ftirilmesi konular\u0131nda faaliyetlerde bulunmak amac\u0131yla, bir \u0130smail \u00c7elik \u0130n\u015faat Sanayi ve Ticaret Ltd. \u015eti. i\u015ftiraki olarak kurulmu\u015ftur. Enerji Piyasas\u0131 D\u00fczenleme Kurumu\u2019ndan (EPDK) \u00fcretim lisansl\u0131d\u0131r.<\/p><p>\u0130\u00c7-EN Elektrik \u00dcretim ve Tic. A. \u015e., yenilenebilir enerji kaynaklar\u0131n\u0131 en k\u0131sa s\u00fcrede, en verimli \u015fekilde kullanmak amac\u0131 ile di\u011fer yenilenebilir enerji kaynaklar\u0131na ve sistemlerine de yat\u0131r\u0131mlar planlamakta ve bunun i\u00e7in g\u00fc\u00e7l\u00fc ve deneyimli kadrosu ve b\u00fcy\u00fck i\u015f g\u00fcc\u00fcyle \u00e7al\u0131\u015fmalar\u0131n\u0131 s\u00fcrd\u00fcrmektedir.<\/p><p>\u00a02008 y\u0131l\u0131nda hizmete ald\u0131\u011f\u0131, Erzincan ili, Tercan il\u00e7esi s\u0131n\u0131rlar\u0131 i\u00e7indeki Tuz \u00e7ay\u0131 \u00fczerinde yer alan ve 7.8 MW kurulu g\u00fcc\u00fcndeki \u00c7alk\u0131\u015fla Reg\u00fclat\u00f6r\u00fc ve Hidroelektrik Santral\u0131\u2019n\u0131n y\u0131ll\u0131k ortalama \u00fcretimi 20.000.000 kwh\u2019tir. \u00c7alk\u0131\u015fla Reg\u00fclat\u00f6r\u00fc ve HES, yakla\u015f\u0131k 525.000 m\u00b3 kapasitedeki depolama alan\u0131 ile, kesintisiz enerji \u00fcretimi konusunda ciddi bir avantaja sahiptir. \u00c7alk\u0131\u015fla Reg\u00fclat\u00f6r\u00fc ve HES, \u00fclkemizin enerji alan\u0131nda \u00f6zel sekt\u00f6r taraf\u0131ndan hizmete sokulan 41\u2019nci santral olma \u00f6zelli\u011fine sahiptir.<\/p><p>Kurulu\u015fundan bu g\u00fcne kadar, uzman ve deneyimli kadrosu, yeni teknolojiyi kullan\u0131m\u0131, \u00fcretti\u011fi yarat\u0131c\u0131 \u00e7\u00f6z\u00fcmler, g\u00fc\u00e7l\u00fc y\u00f6netim anlay\u0131\u015f\u0131 ve istikrarl\u0131 b\u00fcy\u00fcme \u00e7izgisiyle, ulusal enerji sekt\u00f6r\u00fcnde h\u0131zla geli\u015fen ve ad\u0131ndan s\u0131k\u00e7a s\u00f6z ettiren bir \u015firket olmay\u0131 hedeflemektedir. Bu g\u00fcne kadar ge\u00e7en k\u0131sa s\u00fcre i\u00e7erisinde ger\u00e7ekle\u015ftirdi\u011fi bu projedeki ba\u015far\u0131s\u0131 ile teknolojik ve y\u00f6netimsel yakla\u015f\u0131mlar\u0131n\u0131n yan\u0131 s\u0131ra g\u00fc\u00e7l\u00fc finansman, m\u00fchendislik, tedarik, taahh\u00fct yetkinli\u011fi sayesinde, \u00e7evreye duyarl\u0131 yeni enerji yat\u0131r\u0131mlar\u0131n\u0131 hayata ge\u00e7irmek \u00e7abas\u0131 i\u00e7indedir.<\/p><p>Grubun b\u00fcy\u00fcme, kalite, ba\u015far\u0131, ekonomi ve toplum i\u00e7in de\u011fer yaratmaya odakl\u0131 stratejileri, \u0130\u00c7-EN Elektrik \u00dcretim ve Tic. A. \u015e.\u2019nin de b\u00fcy\u00fcme y\u00f6n\u00fcn\u00fc belirlemekte ve stratejik hedeflerine temel te\u015fkil etmektedir. T\u00fcrkiye\u2019deki yat\u0131r\u0131mlardaki uzun vadeli stratejileri, vizyonu ve dinamizmi, \u015firketin istikrarl\u0131 geli\u015fiminin en b\u00fcy\u00fck itici g\u00fcc\u00fc olmaktad\u0131r.<\/p><p>\u00a0<\/p>\t\t\t\t\t\t<\/div>\n\t\t\t\t<\/div>\n\t\t\t\t\t<\/div>\n\t\t<\/div>\n\t\t\t\t\t\t\t<\/div>\n\t\t<\/section>\n\t\t\t\t<section class=\"elementor-section elementor-top-section elementor-element elementor-element-c9e4d7e elementor-section-boxed elementor-section-height-default elementor-section-height-default\" data-id=\"c9e4d7e\" data-element_type=\"section\">\n\t\t\t\t\t\t<div class=\"elementor-container elementor-column-gap-default\">\n\t\t\t\t\t<div class=\"elementor-column elementor-col-100 elementor-top-column elementor-element elementor-element-92d4f96 ot-flex-column-vertical\" data-id=\"92d4f96\" data-element_type=\"column\">\n\t\t\t<div class=\"elementor-widget-wrap elementor-element-populated\">\n\t\t\t\t\t\t\t\t<div class=\"elementor-element elementor-element-787a946 elementor-widget elementor-widget-spacer\" data-id=\"787a946\" data-element_type=\"widget\" data-widget_type=\"spacer.default\">\n\t\t\t\t<div class=\"elementor-widget-container\">\n\t\t\t\t\t<div class=\"elementor-spacer\">\n\t\t\t<div class=\"elementor-spacer-inner\"><\/div>\n\t\t<\/div>\n\t\t\t\t<\/div>\n\t\t\t\t<\/div>\n\t\t\t\t\t<\/div>\n\t\t<\/div>\n\t\t\t\t\t\t\t<\/div>\n\t\t<\/section>\n\t\t\t\t\t\t\t<\/div>\n\t\t","protected":false},"excerpt":{"rendered":"<p>\u0130\u00c7-EN Elektrik \u00dcretim ve Tic. A.\u015f. \u0130\u00c7-EN Elektrik \u00dcretim ve Tic. A. \u015e., 2004 y\u0131l\u0131nda, elektrik enerjisi mevzuat\u0131na uygun olarak, her t\u00fcrl\u00fc elektrik \u00fcretim tesislerinin kurulmas\u0131, i\u015fletmeye al\u0131nmas\u0131, \u00fcretilen elektrik enerjisinin m\u00fc\u015fterilere sat\u0131\u015f\u0131n\u0131n ger\u00e7ekle\u015ftirilmesi konular\u0131nda faaliyetlerde bulunmak amac\u0131yla, bir \u0130smail \u00c7elik \u0130n\u015faat Sanayi ve Ticaret Ltd. \u015eti. i\u015ftiraki olarak kurulmu\u015ftur. Enerji Piyasas\u0131 D\u00fczenleme Kurumu\u2019ndan (EPDK) [&hellip;]<\/p>\n","protected":false},"author":1,"featured_media":0,"parent":0,"menu_order":0,"comment_status":"closed","ping_status":"closed","template":"","meta":[],"_links":{"self":[{"href":"https:\/\/www.ismailcelikinsaat.com.tr\/index.php\/wp-json\/wp\/v2\/pages\/4855"}],"collection":[{"href":"https:\/\/www.ismailcelikinsaat.com.tr\/index.php\/wp-json\/wp\/v2\/pages"}],"about":[{"href":"https:\/\/www.ismailcelikinsaat.com.tr\/index.php\/wp-json\/wp\/v2\/types\/page"}],"author":[{"embeddable":true,"href":"https:\/\/www.ismailcelikinsaat.com.tr\/index.php\/wp-json\/wp\/v2\/users\/1"}],"replies":[{"embeddable":true,"href":"https:\/\/www.ismailcelikinsaat.com.tr\/index.php\/wp-json\/wp\/v2\/comments?post=4855"}],"version-history":[{"count":37,"href":"https:\/\/www.ismailcelikinsaat.com.tr\/index.php\/wp-json\/wp\/v2\/pages\/4855\/revisions"}],"predecessor-version":[{"id":5898,"href":"https:\/\/www.ismailcelikinsaat.com.tr\/index.php\/wp-json\/wp\/v2\/pages\/4855\/revisions\/5898"}],"wp:attachment":[{"href":"https:\/\/www.ismailcelikinsaat.com.tr\/index.php\/wp-json\/wp\/v2\/media?parent=4855"}],"curies":[{"name":"wp","href":"https:\/\/api.w.org\/{rel}","templated":true}]}}