{"id":4814,"date":"2022-11-07T16:12:12","date_gmt":"2022-11-07T13:12:12","guid":{"rendered":"http:\/\/www.ismailcelikinsaat.com.tr\/?page_id=4814"},"modified":"2022-11-07T16:12:12","modified_gmt":"2022-11-07T13:12:12","slug":"ic-en-elektrik-uretim-ve-tic-a-s","status":"publish","type":"page","link":"https:\/\/www.ismailcelikinsaat.com.tr\/index.php\/ic-en-elektrik-uretim-ve-tic-a-s\/","title":{"rendered":"\u0130\u00c7-EN ELEKTR\u0130K \u00dcRET\u0130M VE T\u0130C. A.\u015e."},"content":{"rendered":"","protected":false},"excerpt":{"rendered":"","protected":false},"author":1,"featured_media":0,"parent":0,"menu_order":0,"comment_status":"closed","ping_status":"closed","template":"","meta":[],"_links":{"self":[{"href":"https:\/\/www.ismailcelikinsaat.com.tr\/index.php\/wp-json\/wp\/v2\/pages\/4814"}],"collection":[{"href":"https:\/\/www.ismailcelikinsaat.com.tr\/index.php\/wp-json\/wp\/v2\/pages"}],"about":[{"href":"https:\/\/www.ismailcelikinsaat.com.tr\/index.php\/wp-json\/wp\/v2\/types\/page"}],"author":[{"embeddable":true,"href":"https:\/\/www.ismailcelikinsaat.com.tr\/index.php\/wp-json\/wp\/v2\/users\/1"}],"replies":[{"embeddable":true,"href":"https:\/\/www.ismailcelikinsaat.com.tr\/index.php\/wp-json\/wp\/v2\/comments?post=4814"}],"version-history":[{"count":1,"href":"https:\/\/www.ismailcelikinsaat.com.tr\/index.php\/wp-json\/wp\/v2\/pages\/4814\/revisions"}],"predecessor-version":[{"id":4817,"href":"https:\/\/www.ismailcelikinsaat.com.tr\/index.php\/wp-json\/wp\/v2\/pages\/4814\/revisions\/4817"}],"wp:attachment":[{"href":"https:\/\/www.ismailcelikinsaat.com.tr\/index.php\/wp-json\/wp\/v2\/media?parent=4814"}],"curies":[{"name":"wp","href":"https:\/\/api.w.org\/{rel}","templated":true}]}}