{"id":4721,"date":"2022-11-07T11:55:42","date_gmt":"2022-11-07T08:55:42","guid":{"rendered":"http:\/\/www.ismailcelikinsaat.com.tr\/?page_id=4721"},"modified":"2023-01-09T17:09:50","modified_gmt":"2023-01-09T14:09:50","slug":"karinna-hotel-convention-center","status":"publish","type":"page","link":"https:\/\/www.ismailcelikinsaat.com.tr\/index.php\/karinna-hotel-convention-center\/","title":{"rendered":"Karinna Hotel &#038; Convention Center"},"content":{"rendered":"\t\t<div data-elementor-type=\"wp-page\" data-elementor-id=\"4721\" class=\"elementor elementor-4721\">\n\t\t\t\t\t\t\t\t\t<section class=\"elementor-section elementor-top-section elementor-element elementor-element-771eda4 elementor-section-boxed elementor-section-height-default elementor-section-height-default\" data-id=\"771eda4\" data-element_type=\"section\">\n\t\t\t\t\t\t<div class=\"elementor-container elementor-column-gap-default\">\n\t\t\t\t\t<div class=\"elementor-column elementor-col-100 elementor-top-column elementor-element elementor-element-498c6dc ot-flex-column-vertical\" data-id=\"498c6dc\" data-element_type=\"column\">\n\t\t\t<div class=\"elementor-widget-wrap elementor-element-populated\">\n\t\t\t\t\t\t\t\t<div class=\"elementor-element elementor-element-f56fa9c elementor-widget elementor-widget-spacer\" data-id=\"f56fa9c\" data-element_type=\"widget\" data-widget_type=\"spacer.default\">\n\t\t\t\t<div class=\"elementor-widget-container\">\n\t\t\t<style>\/*! elementor - v3.8.0 - 30-10-2022 *\/\n.elementor-column .elementor-spacer-inner{height:var(--spacer-size)}.e-con{--container-widget-width:100%}.e-con-inner>.elementor-widget-spacer,.e-con>.elementor-widget-spacer{width:var(--container-widget-width,var(--spacer-size));-ms-flex-item-align:stretch;align-self:stretch;-ms-flex-negative:0;flex-shrink:0}.e-con-inner>.elementor-widget-spacer>.elementor-widget-container,.e-con-inner>.elementor-widget-spacer>.elementor-widget-container>.elementor-spacer,.e-con>.elementor-widget-spacer>.elementor-widget-container,.e-con>.elementor-widget-spacer>.elementor-widget-container>.elementor-spacer{height:100%}.e-con-inner>.elementor-widget-spacer>.elementor-widget-container>.elementor-spacer>.elementor-spacer-inner,.e-con>.elementor-widget-spacer>.elementor-widget-container>.elementor-spacer>.elementor-spacer-inner{height:var(--container-widget-height,var(--spacer-size))}<\/style>\t\t<div class=\"elementor-spacer\">\n\t\t\t<div class=\"elementor-spacer-inner\"><\/div>\n\t\t<\/div>\n\t\t\t\t<\/div>\n\t\t\t\t<\/div>\n\t\t\t\t\t<\/div>\n\t\t<\/div>\n\t\t\t\t\t\t\t<\/div>\n\t\t<\/section>\n\t\t\t\t<section class=\"elementor-section elementor-top-section elementor-element elementor-element-bed1340 elementor-section-boxed elementor-section-height-default elementor-section-height-default\" data-id=\"bed1340\" data-element_type=\"section\">\n\t\t\t\t\t\t<div class=\"elementor-container elementor-column-gap-default\">\n\t\t\t\t\t<div class=\"elementor-column elementor-col-100 elementor-top-column elementor-element elementor-element-2b3159d ot-flex-column-vertical\" data-id=\"2b3159d\" data-element_type=\"column\">\n\t\t\t<div class=\"elementor-widget-wrap elementor-element-populated\">\n\t\t\t\t\t\t\t\t<div class=\"elementor-element elementor-element-251ddac elementor-widget elementor-widget-spacer\" data-id=\"251ddac\" data-element_type=\"widget\" data-widget_type=\"spacer.default\">\n\t\t\t\t<div class=\"elementor-widget-container\">\n\t\t\t\t\t<div class=\"elementor-spacer\">\n\t\t\t<div class=\"elementor-spacer-inner\"><\/div>\n\t\t<\/div>\n\t\t\t\t<\/div>\n\t\t\t\t<\/div>\n\t\t\t\t\t<\/div>\n\t\t<\/div>\n\t\t\t\t\t\t\t<\/div>\n\t\t<\/section>\n\t\t\t\t<section class=\"elementor-section elementor-top-section elementor-element elementor-element-860635e elementor-section-boxed elementor-section-height-default elementor-section-height-default\" data-id=\"860635e\" data-element_type=\"section\">\n\t\t\t\t\t\t<div class=\"elementor-container elementor-column-gap-default\">\n\t\t\t\t\t<div class=\"elementor-column elementor-col-100 elementor-top-column elementor-element elementor-element-0e9087d ot-flex-column-vertical\" data-id=\"0e9087d\" data-element_type=\"column\">\n\t\t\t<div class=\"elementor-widget-wrap elementor-element-populated\">\n\t\t\t\t\t\t\t\t<div class=\"elementor-element elementor-element-c4f516e elementor-widget elementor-widget-heading\" data-id=\"c4f516e\" data-element_type=\"widget\" data-widget_type=\"heading.default\">\n\t\t\t\t<div class=\"elementor-widget-container\">\n\t\t\t<style>\/*! elementor - v3.8.0 - 30-10-2022 *\/\n.elementor-heading-title{padding:0;margin:0;line-height:1}.elementor-widget-heading .elementor-heading-title[class*=elementor-size-]>a{color:inherit;font-size:inherit;line-height:inherit}.elementor-widget-heading .elementor-heading-title.elementor-size-small{font-size:15px}.elementor-widget-heading .elementor-heading-title.elementor-size-medium{font-size:19px}.elementor-widget-heading .elementor-heading-title.elementor-size-large{font-size:29px}.elementor-widget-heading .elementor-heading-title.elementor-size-xl{font-size:39px}.elementor-widget-heading .elementor-heading-title.elementor-size-xxl{font-size:59px}<\/style><h2 class=\"elementor-heading-title elementor-size-default\">Karinna Hotel & Convention Center<\/h2>\t\t<\/div>\n\t\t\t\t<\/div>\n\t\t\t\t\t<\/div>\n\t\t<\/div>\n\t\t\t\t\t\t\t<\/div>\n\t\t<\/section>\n\t\t\t\t<section class=\"elementor-section elementor-top-section elementor-element elementor-element-fe4e62c elementor-section-boxed elementor-section-height-default elementor-section-height-default\" data-id=\"fe4e62c\" data-element_type=\"section\">\n\t\t\t\t\t\t<div class=\"elementor-container elementor-column-gap-default\">\n\t\t\t\t\t<div class=\"elementor-column elementor-col-100 elementor-top-column elementor-element elementor-element-44f4c48 ot-flex-column-vertical\" data-id=\"44f4c48\" data-element_type=\"column\">\n\t\t\t<div class=\"elementor-widget-wrap elementor-element-populated\">\n\t\t\t\t\t\t\t\t<div class=\"elementor-element elementor-element-b458612 elementor-widget elementor-widget-spacer\" data-id=\"b458612\" data-element_type=\"widget\" data-widget_type=\"spacer.default\">\n\t\t\t\t<div class=\"elementor-widget-container\">\n\t\t\t\t\t<div class=\"elementor-spacer\">\n\t\t\t<div class=\"elementor-spacer-inner\"><\/div>\n\t\t<\/div>\n\t\t\t\t<\/div>\n\t\t\t\t<\/div>\n\t\t\t\t\t<\/div>\n\t\t<\/div>\n\t\t\t\t\t\t\t<\/div>\n\t\t<\/section>\n\t\t\t\t<section class=\"elementor-section elementor-top-section elementor-element elementor-element-60765c0 elementor-section-boxed elementor-section-height-default elementor-section-height-default\" data-id=\"60765c0\" data-element_type=\"section\">\n\t\t\t\t\t\t<div class=\"elementor-container elementor-column-gap-default\">\n\t\t\t\t\t<div class=\"elementor-column elementor-col-100 elementor-top-column elementor-element elementor-element-b6f9398 ot-flex-column-vertical\" data-id=\"b6f9398\" data-element_type=\"column\">\n\t\t\t<div class=\"elementor-widget-wrap elementor-element-populated\">\n\t\t\t\t\t\t\t\t<div class=\"elementor-element elementor-element-d3728ea elementor-widget elementor-widget-igimages\" data-id=\"d3728ea\" data-element_type=\"widget\" data-widget_type=\"igimages.default\">\n\t\t\t\t<div class=\"elementor-widget-container\">\n\t\t\t\t\t<div class=\"image-gallery\">\r\n\t\t<div id='gallery-1' class='gallery galleryid-4721 gallery-columns-4 gallery-size-medium'><figure class='gallery-item'>\n\t\t\t<div class='gallery-icon landscape'>\n\t\t\t\t<a data-elementor-open-lightbox=\"no\" href='https:\/\/www.ismailcelikinsaat.com.tr\/wp-content\/uploads\/2023\/01\/WhatsApp-Image-2023-01-09-at-16.59.55-1.jpeg'><img width=\"300\" height=\"200\" src=\"https:\/\/www.ismailcelikinsaat.com.tr\/wp-content\/uploads\/2023\/01\/WhatsApp-Image-2023-01-09-at-16.59.55-1-300x200.jpeg\" class=\"attachment-medium size-medium\" alt=\"\" decoding=\"async\" loading=\"lazy\" srcset=\"https:\/\/www.ismailcelikinsaat.com.tr\/wp-content\/uploads\/2023\/01\/WhatsApp-Image-2023-01-09-at-16.59.55-1-300x200.jpeg 300w, https:\/\/www.ismailcelikinsaat.com.tr\/wp-content\/uploads\/2023\/01\/WhatsApp-Image-2023-01-09-at-16.59.55-1-1024x682.jpeg 1024w, https:\/\/www.ismailcelikinsaat.com.tr\/wp-content\/uploads\/2023\/01\/WhatsApp-Image-2023-01-09-at-16.59.55-1-768x512.jpeg 768w, https:\/\/www.ismailcelikinsaat.com.tr\/wp-content\/uploads\/2023\/01\/WhatsApp-Image-2023-01-09-at-16.59.55-1-1536x1023.jpeg 1536w, https:\/\/www.ismailcelikinsaat.com.tr\/wp-content\/uploads\/2023\/01\/WhatsApp-Image-2023-01-09-at-16.59.55-1.jpeg 1600w\" sizes=\"(max-width: 300px) 100vw, 300px\" \/><\/a>\n\t\t\t<\/div><\/figure><figure class='gallery-item'>\n\t\t\t<div class='gallery-icon landscape'>\n\t\t\t\t<a data-elementor-open-lightbox=\"no\" href='https:\/\/www.ismailcelikinsaat.com.tr\/wp-content\/uploads\/2023\/01\/WhatsApp-Image-2023-01-09-at-16.59.56.jpeg'><img width=\"300\" height=\"200\" src=\"https:\/\/www.ismailcelikinsaat.com.tr\/wp-content\/uploads\/2023\/01\/WhatsApp-Image-2023-01-09-at-16.59.56-300x200.jpeg\" class=\"attachment-medium size-medium\" alt=\"\" decoding=\"async\" loading=\"lazy\" srcset=\"https:\/\/www.ismailcelikinsaat.com.tr\/wp-content\/uploads\/2023\/01\/WhatsApp-Image-2023-01-09-at-16.59.56-300x200.jpeg 300w, https:\/\/www.ismailcelikinsaat.com.tr\/wp-content\/uploads\/2023\/01\/WhatsApp-Image-2023-01-09-at-16.59.56-1024x682.jpeg 1024w, https:\/\/www.ismailcelikinsaat.com.tr\/wp-content\/uploads\/2023\/01\/WhatsApp-Image-2023-01-09-at-16.59.56-768x512.jpeg 768w, https:\/\/www.ismailcelikinsaat.com.tr\/wp-content\/uploads\/2023\/01\/WhatsApp-Image-2023-01-09-at-16.59.56-1536x1023.jpeg 1536w, https:\/\/www.ismailcelikinsaat.com.tr\/wp-content\/uploads\/2023\/01\/WhatsApp-Image-2023-01-09-at-16.59.56.jpeg 1600w\" sizes=\"(max-width: 300px) 100vw, 300px\" \/><\/a>\n\t\t\t<\/div><\/figure><figure class='gallery-item'>\n\t\t\t<div class='gallery-icon landscape'>\n\t\t\t\t<a data-elementor-open-lightbox=\"no\" href='https:\/\/www.ismailcelikinsaat.com.tr\/wp-content\/uploads\/2023\/01\/WhatsApp-Image-2023-01-09-at-17.00.00.jpeg'><img width=\"300\" height=\"200\" src=\"https:\/\/www.ismailcelikinsaat.com.tr\/wp-content\/uploads\/2023\/01\/WhatsApp-Image-2023-01-09-at-17.00.00-300x200.jpeg\" class=\"attachment-medium size-medium\" alt=\"\" decoding=\"async\" loading=\"lazy\" srcset=\"https:\/\/www.ismailcelikinsaat.com.tr\/wp-content\/uploads\/2023\/01\/WhatsApp-Image-2023-01-09-at-17.00.00-300x200.jpeg 300w, https:\/\/www.ismailcelikinsaat.com.tr\/wp-content\/uploads\/2023\/01\/WhatsApp-Image-2023-01-09-at-17.00.00-1024x682.jpeg 1024w, https:\/\/www.ismailcelikinsaat.com.tr\/wp-content\/uploads\/2023\/01\/WhatsApp-Image-2023-01-09-at-17.00.00-768x512.jpeg 768w, https:\/\/www.ismailcelikinsaat.com.tr\/wp-content\/uploads\/2023\/01\/WhatsApp-Image-2023-01-09-at-17.00.00-1536x1023.jpeg 1536w, https:\/\/www.ismailcelikinsaat.com.tr\/wp-content\/uploads\/2023\/01\/WhatsApp-Image-2023-01-09-at-17.00.00.jpeg 1600w\" sizes=\"(max-width: 300px) 100vw, 300px\" \/><\/a>\n\t\t\t<\/div><\/figure><figure class='gallery-item'>\n\t\t\t<div class='gallery-icon landscape'>\n\t\t\t\t<a data-elementor-open-lightbox=\"no\" href='https:\/\/www.ismailcelikinsaat.com.tr\/wp-content\/uploads\/2023\/01\/WhatsApp-Image-2023-01-09-at-17.00.00-1.jpeg'><img width=\"300\" height=\"200\" src=\"https:\/\/www.ismailcelikinsaat.com.tr\/wp-content\/uploads\/2023\/01\/WhatsApp-Image-2023-01-09-at-17.00.00-1-300x200.jpeg\" class=\"attachment-medium size-medium\" alt=\"\" decoding=\"async\" loading=\"lazy\" srcset=\"https:\/\/www.ismailcelikinsaat.com.tr\/wp-content\/uploads\/2023\/01\/WhatsApp-Image-2023-01-09-at-17.00.00-1-300x200.jpeg 300w, https:\/\/www.ismailcelikinsaat.com.tr\/wp-content\/uploads\/2023\/01\/WhatsApp-Image-2023-01-09-at-17.00.00-1-1024x682.jpeg 1024w, https:\/\/www.ismailcelikinsaat.com.tr\/wp-content\/uploads\/2023\/01\/WhatsApp-Image-2023-01-09-at-17.00.00-1-768x512.jpeg 768w, https:\/\/www.ismailcelikinsaat.com.tr\/wp-content\/uploads\/2023\/01\/WhatsApp-Image-2023-01-09-at-17.00.00-1-1536x1023.jpeg 1536w, https:\/\/www.ismailcelikinsaat.com.tr\/wp-content\/uploads\/2023\/01\/WhatsApp-Image-2023-01-09-at-17.00.00-1.jpeg 1600w\" sizes=\"(max-width: 300px) 100vw, 300px\" \/><\/a>\n\t\t\t<\/div><\/figure><figure class='gallery-item'>\n\t\t\t<div class='gallery-icon landscape'>\n\t\t\t\t<a data-elementor-open-lightbox=\"no\" href='https:\/\/www.ismailcelikinsaat.com.tr\/wp-content\/uploads\/2023\/01\/WhatsApp-Image-2023-01-09-at-17.00.01.jpeg'><img width=\"300\" height=\"200\" src=\"https:\/\/www.ismailcelikinsaat.com.tr\/wp-content\/uploads\/2023\/01\/WhatsApp-Image-2023-01-09-at-17.00.01-300x200.jpeg\" class=\"attachment-medium size-medium\" alt=\"\" decoding=\"async\" loading=\"lazy\" srcset=\"https:\/\/www.ismailcelikinsaat.com.tr\/wp-content\/uploads\/2023\/01\/WhatsApp-Image-2023-01-09-at-17.00.01-300x200.jpeg 300w, https:\/\/www.ismailcelikinsaat.com.tr\/wp-content\/uploads\/2023\/01\/WhatsApp-Image-2023-01-09-at-17.00.01-1024x682.jpeg 1024w, https:\/\/www.ismailcelikinsaat.com.tr\/wp-content\/uploads\/2023\/01\/WhatsApp-Image-2023-01-09-at-17.00.01-768x512.jpeg 768w, https:\/\/www.ismailcelikinsaat.com.tr\/wp-content\/uploads\/2023\/01\/WhatsApp-Image-2023-01-09-at-17.00.01-1536x1023.jpeg 1536w, https:\/\/www.ismailcelikinsaat.com.tr\/wp-content\/uploads\/2023\/01\/WhatsApp-Image-2023-01-09-at-17.00.01.jpeg 1600w\" sizes=\"(max-width: 300px) 100vw, 300px\" \/><\/a>\n\t\t\t<\/div><\/figure><figure class='gallery-item'>\n\t\t\t<div class='gallery-icon landscape'>\n\t\t\t\t<a data-elementor-open-lightbox=\"no\" href='https:\/\/www.ismailcelikinsaat.com.tr\/wp-content\/uploads\/2023\/01\/WhatsApp-Image-2023-01-09-at-16.59.59.jpeg'><img width=\"300\" height=\"200\" src=\"https:\/\/www.ismailcelikinsaat.com.tr\/wp-content\/uploads\/2023\/01\/WhatsApp-Image-2023-01-09-at-16.59.59-300x200.jpeg\" class=\"attachment-medium size-medium\" alt=\"\" decoding=\"async\" loading=\"lazy\" srcset=\"https:\/\/www.ismailcelikinsaat.com.tr\/wp-content\/uploads\/2023\/01\/WhatsApp-Image-2023-01-09-at-16.59.59-300x200.jpeg 300w, https:\/\/www.ismailcelikinsaat.com.tr\/wp-content\/uploads\/2023\/01\/WhatsApp-Image-2023-01-09-at-16.59.59-1024x682.jpeg 1024w, https:\/\/www.ismailcelikinsaat.com.tr\/wp-content\/uploads\/2023\/01\/WhatsApp-Image-2023-01-09-at-16.59.59-768x512.jpeg 768w, https:\/\/www.ismailcelikinsaat.com.tr\/wp-content\/uploads\/2023\/01\/WhatsApp-Image-2023-01-09-at-16.59.59-1536x1023.jpeg 1536w, https:\/\/www.ismailcelikinsaat.com.tr\/wp-content\/uploads\/2023\/01\/WhatsApp-Image-2023-01-09-at-16.59.59.jpeg 1600w\" sizes=\"(max-width: 300px) 100vw, 300px\" \/><\/a>\n\t\t\t<\/div><\/figure><figure class='gallery-item'>\n\t\t\t<div class='gallery-icon landscape'>\n\t\t\t\t<a data-elementor-open-lightbox=\"no\" href='https:\/\/www.ismailcelikinsaat.com.tr\/wp-content\/uploads\/2023\/01\/WhatsApp-Image-2023-01-09-at-16.59.55.jpeg'><img width=\"300\" height=\"200\" src=\"https:\/\/www.ismailcelikinsaat.com.tr\/wp-content\/uploads\/2023\/01\/WhatsApp-Image-2023-01-09-at-16.59.55-300x200.jpeg\" class=\"attachment-medium size-medium\" alt=\"\" decoding=\"async\" loading=\"lazy\" srcset=\"https:\/\/www.ismailcelikinsaat.com.tr\/wp-content\/uploads\/2023\/01\/WhatsApp-Image-2023-01-09-at-16.59.55-300x200.jpeg 300w, https:\/\/www.ismailcelikinsaat.com.tr\/wp-content\/uploads\/2023\/01\/WhatsApp-Image-2023-01-09-at-16.59.55-1024x682.jpeg 1024w, https:\/\/www.ismailcelikinsaat.com.tr\/wp-content\/uploads\/2023\/01\/WhatsApp-Image-2023-01-09-at-16.59.55-768x512.jpeg 768w, https:\/\/www.ismailcelikinsaat.com.tr\/wp-content\/uploads\/2023\/01\/WhatsApp-Image-2023-01-09-at-16.59.55-1536x1023.jpeg 1536w, https:\/\/www.ismailcelikinsaat.com.tr\/wp-content\/uploads\/2023\/01\/WhatsApp-Image-2023-01-09-at-16.59.55.jpeg 1600w\" sizes=\"(max-width: 300px) 100vw, 300px\" \/><\/a>\n\t\t\t<\/div><\/figure><figure class='gallery-item'>\n\t\t\t<div class='gallery-icon landscape'>\n\t\t\t\t<a data-elementor-open-lightbox=\"no\" href='https:\/\/www.ismailcelikinsaat.com.tr\/wp-content\/uploads\/2023\/01\/WhatsApp-Image-2023-01-09-at-17.00.01-1.jpeg'><img width=\"300\" height=\"200\" src=\"https:\/\/www.ismailcelikinsaat.com.tr\/wp-content\/uploads\/2023\/01\/WhatsApp-Image-2023-01-09-at-17.00.01-1-300x200.jpeg\" class=\"attachment-medium size-medium\" alt=\"\" decoding=\"async\" loading=\"lazy\" srcset=\"https:\/\/www.ismailcelikinsaat.com.tr\/wp-content\/uploads\/2023\/01\/WhatsApp-Image-2023-01-09-at-17.00.01-1-300x200.jpeg 300w, https:\/\/www.ismailcelikinsaat.com.tr\/wp-content\/uploads\/2023\/01\/WhatsApp-Image-2023-01-09-at-17.00.01-1-1024x682.jpeg 1024w, https:\/\/www.ismailcelikinsaat.com.tr\/wp-content\/uploads\/2023\/01\/WhatsApp-Image-2023-01-09-at-17.00.01-1-768x512.jpeg 768w, https:\/\/www.ismailcelikinsaat.com.tr\/wp-content\/uploads\/2023\/01\/WhatsApp-Image-2023-01-09-at-17.00.01-1-1536x1023.jpeg 1536w, https:\/\/www.ismailcelikinsaat.com.tr\/wp-content\/uploads\/2023\/01\/WhatsApp-Image-2023-01-09-at-17.00.01-1.jpeg 1600w\" sizes=\"(max-width: 300px) 100vw, 300px\" \/><\/a>\n\t\t\t<\/div><\/figure>\n\t\t<\/div>\n\t\t<\/div>\r\n\t\t\t\t<\/div>\n\t\t\t\t<\/div>\n\t\t\t\t\t<\/div>\n\t\t<\/div>\n\t\t\t\t\t\t\t<\/div>\n\t\t<\/section>\n\t\t\t\t<section class=\"elementor-section elementor-top-section elementor-element elementor-element-13762ef elementor-section-boxed elementor-section-height-default elementor-section-height-default\" data-id=\"13762ef\" data-element_type=\"section\">\n\t\t\t\t\t\t<div class=\"elementor-container elementor-column-gap-default\">\n\t\t\t\t\t<div class=\"elementor-column elementor-col-100 elementor-top-column elementor-element elementor-element-7b7ed26 ot-flex-column-vertical\" data-id=\"7b7ed26\" data-element_type=\"column\">\n\t\t\t<div class=\"elementor-widget-wrap elementor-element-populated\">\n\t\t\t\t\t\t\t\t<div class=\"elementor-element elementor-element-26e5c43 elementor-widget elementor-widget-spacer\" data-id=\"26e5c43\" data-element_type=\"widget\" data-widget_type=\"spacer.default\">\n\t\t\t\t<div class=\"elementor-widget-container\">\n\t\t\t\t\t<div class=\"elementor-spacer\">\n\t\t\t<div class=\"elementor-spacer-inner\"><\/div>\n\t\t<\/div>\n\t\t\t\t<\/div>\n\t\t\t\t<\/div>\n\t\t\t\t\t<\/div>\n\t\t<\/div>\n\t\t\t\t\t\t\t<\/div>\n\t\t<\/section>\n\t\t\t\t<section class=\"elementor-section elementor-top-section elementor-element elementor-element-80f3c41 elementor-section-boxed elementor-section-height-default elementor-section-height-default\" data-id=\"80f3c41\" data-element_type=\"section\">\n\t\t\t\t\t\t<div class=\"elementor-container elementor-column-gap-default\">\n\t\t\t\t\t<div class=\"elementor-column elementor-col-100 elementor-top-column elementor-element elementor-element-e0df35c ot-flex-column-vertical\" data-id=\"e0df35c\" data-element_type=\"column\">\n\t\t\t<div class=\"elementor-widget-wrap elementor-element-populated\">\n\t\t\t\t\t\t\t\t<div class=\"elementor-element elementor-element-5227f69 elementor-widget elementor-widget-text-editor\" data-id=\"5227f69\" data-element_type=\"widget\" data-widget_type=\"text-editor.default\">\n\t\t\t\t<div class=\"elementor-widget-container\">\n\t\t\t<style>\/*! elementor - v3.8.0 - 30-10-2022 *\/\n.elementor-widget-text-editor.elementor-drop-cap-view-stacked .elementor-drop-cap{background-color:#818a91;color:#fff}.elementor-widget-text-editor.elementor-drop-cap-view-framed .elementor-drop-cap{color:#818a91;border:3px solid;background-color:transparent}.elementor-widget-text-editor:not(.elementor-drop-cap-view-default) .elementor-drop-cap{margin-top:8px}.elementor-widget-text-editor:not(.elementor-drop-cap-view-default) .elementor-drop-cap-letter{width:1em;height:1em}.elementor-widget-text-editor .elementor-drop-cap{float:left;text-align:center;line-height:1;font-size:50px}.elementor-widget-text-editor .elementor-drop-cap-letter{display:inline-block}<\/style>\t\t\t\t<p><span style=\"font-weight: 400;\">T\u00fcrkiye\u2019nin en pop\u00fcler\u00a0<\/span><b>kayak merkezi Uluda\u011f<\/b><span style=\"font-weight: 400;\">\u2019\u0131n zirvesinde yer alan Karinna Hotel Convention &amp; Spa se\u00e7kin mimarisi ve \u00fcst\u00fcn hizmet anlay\u0131\u015f\u0131yla kayak ve snowboard tutkunlar\u0131na bir k\u0131\u015f tatili r\u00fcyas\u0131 ya\u015fat\u0131yor.<\/span><\/p><p><span style=\"font-weight: 400;\">Konfor ve huzur arayanlar i\u00e7in tasarlanan Karinna Hotel Convention &amp; Spa;\u00a0 her misafirinin rahatl\u0131\u011f\u0131 ve memnuniyeti i\u00e7in ki\u015fiye \u00f6zel yakla\u015f\u0131mlarla bir da\u011f otelinden fazlas\u0131n\u0131 sunuyor.<\/span><\/p><p><b>Uluda\u011f \u0130kinci Oteller B\u00f6lgesi<\/b><span style=\"font-weight: 400;\">\u2019nde bulunan Karinna\u00a0<\/span><b>Hotel Convention&amp;Spa<\/b><span style=\"font-weight: 400;\">, toplant\u0131 ve konferanslar\u0131 i\u00e7in m\u00fckemmel ev sahipli\u011fi yaparken,\u00a0<\/span><a href=\"https:\/\/www.karinnahotel.com\/uludag-spa-merkezi\/\"><span style=\"font-weight: 400;\">SPA Merkezi<\/span><\/a><span style=\"font-weight: 400;\">\u00a0hizmetleriyle de beden ve ruh dinginli\u011fini zirveye ta\u015f\u0131man\u0131z\u0131 sa\u011fl\u0131yor.<\/span><\/p><p><span style=\"font-weight: 400;\">Uluda\u011f\u2019\u0131n zirvesinde, sonsuz beyazl\u0131\u011f\u0131n ortas\u0131nda, d\u00fcnya standartlar\u0131nda bir kayak ve\u00a0<\/span><b>snowboard<\/b><span style=\"font-weight: 400;\">\u00a0merkezi olarak hizmet veren\u00a0<\/span><b>Karinna Hotel Convention &amp; Spa<\/b><span style=\"font-weight: 400;\">\u00a0kendine ait liftleri ve kayak okulu ile k\u0131\u015f sporlar\u0131 tutkunlar\u0131n\u0131n vazge\u00e7ilmez bulu\u015fma noktas\u0131.<\/span><\/p>\t\t\t\t\t\t<\/div>\n\t\t\t\t<\/div>\n\t\t\t\t\t<\/div>\n\t\t<\/div>\n\t\t\t\t\t\t\t<\/div>\n\t\t<\/section>\n\t\t\t\t<section class=\"elementor-section elementor-top-section elementor-element elementor-element-eb572fb elementor-section-boxed elementor-section-height-default elementor-section-height-default\" data-id=\"eb572fb\" data-element_type=\"section\">\n\t\t\t\t\t\t<div class=\"elementor-container elementor-column-gap-default\">\n\t\t\t\t\t<div class=\"elementor-column elementor-col-100 elementor-top-column elementor-element elementor-element-3c611a4 ot-flex-column-vertical\" data-id=\"3c611a4\" data-element_type=\"column\">\n\t\t\t<div class=\"elementor-widget-wrap elementor-element-populated\">\n\t\t\t\t\t\t\t\t<div class=\"elementor-element elementor-element-8caa7ae elementor-widget elementor-widget-spacer\" data-id=\"8caa7ae\" data-element_type=\"widget\" data-widget_type=\"spacer.default\">\n\t\t\t\t<div class=\"elementor-widget-container\">\n\t\t\t\t\t<div class=\"elementor-spacer\">\n\t\t\t<div class=\"elementor-spacer-inner\"><\/div>\n\t\t<\/div>\n\t\t\t\t<\/div>\n\t\t\t\t<\/div>\n\t\t\t\t\t<\/div>\n\t\t<\/div>\n\t\t\t\t\t\t\t<\/div>\n\t\t<\/section>\n\t\t\t\t\t\t\t<\/div>\n\t\t","protected":false},"excerpt":{"rendered":"<p>Karinna Hotel &#038; Convention Center T\u00fcrkiye\u2019nin en pop\u00fcler\u00a0kayak merkezi Uluda\u011f\u2019\u0131n zirvesinde yer alan Karinna Hotel Convention &amp; Spa se\u00e7kin mimarisi ve \u00fcst\u00fcn hizmet anlay\u0131\u015f\u0131yla kayak ve snowboard tutkunlar\u0131na bir k\u0131\u015f tatili r\u00fcyas\u0131 ya\u015fat\u0131yor. Konfor ve huzur arayanlar i\u00e7in tasarlanan Karinna Hotel Convention &amp; Spa;\u00a0 her misafirinin rahatl\u0131\u011f\u0131 ve memnuniyeti i\u00e7in ki\u015fiye \u00f6zel yakla\u015f\u0131mlarla bir da\u011f [&hellip;]<\/p>\n","protected":false},"author":1,"featured_media":0,"parent":0,"menu_order":0,"comment_status":"closed","ping_status":"closed","template":"","meta":[],"_links":{"self":[{"href":"https:\/\/www.ismailcelikinsaat.com.tr\/index.php\/wp-json\/wp\/v2\/pages\/4721"}],"collection":[{"href":"https:\/\/www.ismailcelikinsaat.com.tr\/index.php\/wp-json\/wp\/v2\/pages"}],"about":[{"href":"https:\/\/www.ismailcelikinsaat.com.tr\/index.php\/wp-json\/wp\/v2\/types\/page"}],"author":[{"embeddable":true,"href":"https:\/\/www.ismailcelikinsaat.com.tr\/index.php\/wp-json\/wp\/v2\/users\/1"}],"replies":[{"embeddable":true,"href":"https:\/\/www.ismailcelikinsaat.com.tr\/index.php\/wp-json\/wp\/v2\/comments?post=4721"}],"version-history":[{"count":25,"href":"https:\/\/www.ismailcelikinsaat.com.tr\/index.php\/wp-json\/wp\/v2\/pages\/4721\/revisions"}],"predecessor-version":[{"id":5365,"href":"https:\/\/www.ismailcelikinsaat.com.tr\/index.php\/wp-json\/wp\/v2\/pages\/4721\/revisions\/5365"}],"wp:attachment":[{"href":"https:\/\/www.ismailcelikinsaat.com.tr\/index.php\/wp-json\/wp\/v2\/media?parent=4721"}],"curies":[{"name":"wp","href":"https:\/\/api.w.org\/{rel}","templated":true}]}}