{"id":4719,"date":"2022-11-07T11:55:42","date_gmt":"2022-11-07T08:55:42","guid":{"rendered":"http:\/\/www.ismailcelikinsaat.com.tr\/?page_id=4719"},"modified":"2023-02-16T17:49:25","modified_gmt":"2023-02-16T14:49:25","slug":"mivara-luxury-resort-spa","status":"publish","type":"page","link":"https:\/\/www.ismailcelikinsaat.com.tr\/index.php\/mivara-luxury-resort-spa\/","title":{"rendered":"Mivara Luxury Resort &#038; Spa"},"content":{"rendered":"\t\t<div data-elementor-type=\"wp-page\" data-elementor-id=\"4719\" class=\"elementor elementor-4719\">\n\t\t\t\t\t\t\t\t\t<section class=\"elementor-section elementor-top-section elementor-element elementor-element-81488c8 elementor-section-boxed elementor-section-height-default elementor-section-height-default\" data-id=\"81488c8\" data-element_type=\"section\">\n\t\t\t\t\t\t<div class=\"elementor-container elementor-column-gap-default\">\n\t\t\t\t\t<div class=\"elementor-column elementor-col-100 elementor-top-column elementor-element elementor-element-a567b0a ot-flex-column-vertical\" data-id=\"a567b0a\" data-element_type=\"column\">\n\t\t\t<div class=\"elementor-widget-wrap elementor-element-populated\">\n\t\t\t\t\t\t\t\t<div class=\"elementor-element elementor-element-90802d5 elementor-widget elementor-widget-spacer\" data-id=\"90802d5\" data-element_type=\"widget\" data-widget_type=\"spacer.default\">\n\t\t\t\t<div class=\"elementor-widget-container\">\n\t\t\t<style>\/*! elementor - v3.8.0 - 30-10-2022 *\/\n.elementor-column .elementor-spacer-inner{height:var(--spacer-size)}.e-con{--container-widget-width:100%}.e-con-inner>.elementor-widget-spacer,.e-con>.elementor-widget-spacer{width:var(--container-widget-width,var(--spacer-size));-ms-flex-item-align:stretch;align-self:stretch;-ms-flex-negative:0;flex-shrink:0}.e-con-inner>.elementor-widget-spacer>.elementor-widget-container,.e-con-inner>.elementor-widget-spacer>.elementor-widget-container>.elementor-spacer,.e-con>.elementor-widget-spacer>.elementor-widget-container,.e-con>.elementor-widget-spacer>.elementor-widget-container>.elementor-spacer{height:100%}.e-con-inner>.elementor-widget-spacer>.elementor-widget-container>.elementor-spacer>.elementor-spacer-inner,.e-con>.elementor-widget-spacer>.elementor-widget-container>.elementor-spacer>.elementor-spacer-inner{height:var(--container-widget-height,var(--spacer-size))}<\/style>\t\t<div class=\"elementor-spacer\">\n\t\t\t<div class=\"elementor-spacer-inner\"><\/div>\n\t\t<\/div>\n\t\t\t\t<\/div>\n\t\t\t\t<\/div>\n\t\t\t\t\t<\/div>\n\t\t<\/div>\n\t\t\t\t\t\t\t<\/div>\n\t\t<\/section>\n\t\t\t\t<section class=\"elementor-section elementor-top-section elementor-element elementor-element-69a119c elementor-section-boxed elementor-section-height-default elementor-section-height-default\" data-id=\"69a119c\" data-element_type=\"section\">\n\t\t\t\t\t\t<div class=\"elementor-container elementor-column-gap-default\">\n\t\t\t\t\t<div class=\"elementor-column elementor-col-100 elementor-top-column elementor-element elementor-element-c7c53ba ot-flex-column-vertical\" data-id=\"c7c53ba\" data-element_type=\"column\">\n\t\t\t<div class=\"elementor-widget-wrap elementor-element-populated\">\n\t\t\t\t\t\t\t\t<div class=\"elementor-element elementor-element-23efc32 elementor-widget elementor-widget-heading\" data-id=\"23efc32\" data-element_type=\"widget\" data-widget_type=\"heading.default\">\n\t\t\t\t<div class=\"elementor-widget-container\">\n\t\t\t<style>\/*! elementor - v3.8.0 - 30-10-2022 *\/\n.elementor-heading-title{padding:0;margin:0;line-height:1}.elementor-widget-heading .elementor-heading-title[class*=elementor-size-]>a{color:inherit;font-size:inherit;line-height:inherit}.elementor-widget-heading .elementor-heading-title.elementor-size-small{font-size:15px}.elementor-widget-heading .elementor-heading-title.elementor-size-medium{font-size:19px}.elementor-widget-heading .elementor-heading-title.elementor-size-large{font-size:29px}.elementor-widget-heading .elementor-heading-title.elementor-size-xl{font-size:39px}.elementor-widget-heading .elementor-heading-title.elementor-size-xxl{font-size:59px}<\/style><h2 class=\"elementor-heading-title elementor-size-default\">Mivara Luxury Resort & Spa\u200b<\/h2>\t\t<\/div>\n\t\t\t\t<\/div>\n\t\t\t\t\t<\/div>\n\t\t<\/div>\n\t\t\t\t\t\t\t<\/div>\n\t\t<\/section>\n\t\t\t\t<section class=\"elementor-section elementor-top-section elementor-element elementor-element-9905a5c elementor-section-boxed elementor-section-height-default elementor-section-height-default\" data-id=\"9905a5c\" data-element_type=\"section\">\n\t\t\t\t\t\t<div class=\"elementor-container elementor-column-gap-default\">\n\t\t\t\t\t<div class=\"elementor-column elementor-col-100 elementor-top-column elementor-element elementor-element-70c539a ot-flex-column-vertical\" data-id=\"70c539a\" data-element_type=\"column\">\n\t\t\t<div class=\"elementor-widget-wrap elementor-element-populated\">\n\t\t\t\t\t\t\t\t<div class=\"elementor-element elementor-element-471c3b4 elementor-widget elementor-widget-spacer\" data-id=\"471c3b4\" data-element_type=\"widget\" data-widget_type=\"spacer.default\">\n\t\t\t\t<div class=\"elementor-widget-container\">\n\t\t\t\t\t<div class=\"elementor-spacer\">\n\t\t\t<div class=\"elementor-spacer-inner\"><\/div>\n\t\t<\/div>\n\t\t\t\t<\/div>\n\t\t\t\t<\/div>\n\t\t\t\t\t<\/div>\n\t\t<\/div>\n\t\t\t\t\t\t\t<\/div>\n\t\t<\/section>\n\t\t\t\t<section class=\"elementor-section elementor-top-section elementor-element elementor-element-93f0573 elementor-section-boxed elementor-section-height-default elementor-section-height-default\" data-id=\"93f0573\" data-element_type=\"section\">\n\t\t\t\t\t\t<div class=\"elementor-container elementor-column-gap-default\">\n\t\t\t\t\t<div class=\"elementor-column elementor-col-100 elementor-top-column elementor-element elementor-element-6f8f558 ot-flex-column-vertical\" data-id=\"6f8f558\" data-element_type=\"column\">\n\t\t\t<div class=\"elementor-widget-wrap elementor-element-populated\">\n\t\t\t\t\t\t\t\t<div class=\"elementor-element elementor-element-e679a47 elementor-widget elementor-widget-igimages\" data-id=\"e679a47\" data-element_type=\"widget\" data-widget_type=\"igimages.default\">\n\t\t\t\t<div class=\"elementor-widget-container\">\n\t\t\t\t\t<div class=\"image-gallery\">\r\n\t\t<div id='gallery-1' class='gallery galleryid-4719 gallery-columns-4 gallery-size-medium'><figure class='gallery-item'>\n\t\t\t<div class='gallery-icon landscape'>\n\t\t\t\t<a data-elementor-open-lightbox=\"no\" href='https:\/\/www.ismailcelikinsaat.com.tr\/wp-content\/uploads\/2023\/01\/4.png'><img width=\"300\" height=\"200\" src=\"https:\/\/www.ismailcelikinsaat.com.tr\/wp-content\/uploads\/2023\/01\/4-300x200.png\" class=\"attachment-medium size-medium\" alt=\"\" decoding=\"async\" loading=\"lazy\" srcset=\"https:\/\/www.ismailcelikinsaat.com.tr\/wp-content\/uploads\/2023\/01\/4-300x200.png 300w, https:\/\/www.ismailcelikinsaat.com.tr\/wp-content\/uploads\/2023\/01\/4-1024x683.png 1024w, https:\/\/www.ismailcelikinsaat.com.tr\/wp-content\/uploads\/2023\/01\/4-768x512.png 768w, https:\/\/www.ismailcelikinsaat.com.tr\/wp-content\/uploads\/2023\/01\/4-1536x1024.png 1536w, https:\/\/www.ismailcelikinsaat.com.tr\/wp-content\/uploads\/2023\/01\/4.png 1620w\" sizes=\"(max-width: 300px) 100vw, 300px\" \/><\/a>\n\t\t\t<\/div><\/figure><figure class='gallery-item'>\n\t\t\t<div class='gallery-icon landscape'>\n\t\t\t\t<a data-elementor-open-lightbox=\"no\" href='https:\/\/www.ismailcelikinsaat.com.tr\/wp-content\/uploads\/2023\/01\/5.png'><img width=\"300\" height=\"200\" src=\"https:\/\/www.ismailcelikinsaat.com.tr\/wp-content\/uploads\/2023\/01\/5-300x200.png\" class=\"attachment-medium size-medium\" alt=\"\" decoding=\"async\" loading=\"lazy\" srcset=\"https:\/\/www.ismailcelikinsaat.com.tr\/wp-content\/uploads\/2023\/01\/5-300x200.png 300w, https:\/\/www.ismailcelikinsaat.com.tr\/wp-content\/uploads\/2023\/01\/5-1024x683.png 1024w, https:\/\/www.ismailcelikinsaat.com.tr\/wp-content\/uploads\/2023\/01\/5-768x512.png 768w, https:\/\/www.ismailcelikinsaat.com.tr\/wp-content\/uploads\/2023\/01\/5-1536x1024.png 1536w, https:\/\/www.ismailcelikinsaat.com.tr\/wp-content\/uploads\/2023\/01\/5.png 1620w\" sizes=\"(max-width: 300px) 100vw, 300px\" \/><\/a>\n\t\t\t<\/div><\/figure><figure class='gallery-item'>\n\t\t\t<div class='gallery-icon landscape'>\n\t\t\t\t<a data-elementor-open-lightbox=\"no\" href='https:\/\/www.ismailcelikinsaat.com.tr\/wp-content\/uploads\/2023\/01\/1.png'><img width=\"300\" height=\"200\" src=\"https:\/\/www.ismailcelikinsaat.com.tr\/wp-content\/uploads\/2023\/01\/1-300x200.png\" class=\"attachment-medium size-medium\" alt=\"\" decoding=\"async\" loading=\"lazy\" srcset=\"https:\/\/www.ismailcelikinsaat.com.tr\/wp-content\/uploads\/2023\/01\/1-300x200.png 300w, https:\/\/www.ismailcelikinsaat.com.tr\/wp-content\/uploads\/2023\/01\/1-1024x683.png 1024w, https:\/\/www.ismailcelikinsaat.com.tr\/wp-content\/uploads\/2023\/01\/1-768x512.png 768w, https:\/\/www.ismailcelikinsaat.com.tr\/wp-content\/uploads\/2023\/01\/1-1536x1024.png 1536w, https:\/\/www.ismailcelikinsaat.com.tr\/wp-content\/uploads\/2023\/01\/1.png 1620w\" sizes=\"(max-width: 300px) 100vw, 300px\" \/><\/a>\n\t\t\t<\/div><\/figure><figure class='gallery-item'>\n\t\t\t<div class='gallery-icon landscape'>\n\t\t\t\t<a data-elementor-open-lightbox=\"no\" href='https:\/\/www.ismailcelikinsaat.com.tr\/wp-content\/uploads\/2023\/01\/2.png'><img width=\"300\" height=\"200\" src=\"https:\/\/www.ismailcelikinsaat.com.tr\/wp-content\/uploads\/2023\/01\/2-300x200.png\" class=\"attachment-medium size-medium\" alt=\"\" decoding=\"async\" loading=\"lazy\" srcset=\"https:\/\/www.ismailcelikinsaat.com.tr\/wp-content\/uploads\/2023\/01\/2-300x200.png 300w, https:\/\/www.ismailcelikinsaat.com.tr\/wp-content\/uploads\/2023\/01\/2-1024x683.png 1024w, https:\/\/www.ismailcelikinsaat.com.tr\/wp-content\/uploads\/2023\/01\/2-768x512.png 768w, https:\/\/www.ismailcelikinsaat.com.tr\/wp-content\/uploads\/2023\/01\/2-1536x1024.png 1536w, https:\/\/www.ismailcelikinsaat.com.tr\/wp-content\/uploads\/2023\/01\/2.png 1620w\" sizes=\"(max-width: 300px) 100vw, 300px\" \/><\/a>\n\t\t\t<\/div><\/figure><figure class='gallery-item'>\n\t\t\t<div class='gallery-icon landscape'>\n\t\t\t\t<a data-elementor-open-lightbox=\"no\" href='https:\/\/www.ismailcelikinsaat.com.tr\/wp-content\/uploads\/2023\/01\/3.png'><img width=\"300\" height=\"200\" src=\"https:\/\/www.ismailcelikinsaat.com.tr\/wp-content\/uploads\/2023\/01\/3-300x200.png\" class=\"attachment-medium size-medium\" alt=\"\" decoding=\"async\" loading=\"lazy\" srcset=\"https:\/\/www.ismailcelikinsaat.com.tr\/wp-content\/uploads\/2023\/01\/3-300x200.png 300w, https:\/\/www.ismailcelikinsaat.com.tr\/wp-content\/uploads\/2023\/01\/3-1024x683.png 1024w, https:\/\/www.ismailcelikinsaat.com.tr\/wp-content\/uploads\/2023\/01\/3-768x512.png 768w, https:\/\/www.ismailcelikinsaat.com.tr\/wp-content\/uploads\/2023\/01\/3-1536x1024.png 1536w, https:\/\/www.ismailcelikinsaat.com.tr\/wp-content\/uploads\/2023\/01\/3.png 1620w\" sizes=\"(max-width: 300px) 100vw, 300px\" \/><\/a>\n\t\t\t<\/div><\/figure><figure class='gallery-item'>\n\t\t\t<div class='gallery-icon landscape'>\n\t\t\t\t<a data-elementor-open-lightbox=\"no\" href='https:\/\/www.ismailcelikinsaat.com.tr\/wp-content\/uploads\/2023\/01\/5e158f47d3442-3.jpg'><img width=\"300\" height=\"200\" src=\"https:\/\/www.ismailcelikinsaat.com.tr\/wp-content\/uploads\/2023\/01\/5e158f47d3442-3-300x200.jpg\" class=\"attachment-medium size-medium\" alt=\"\" decoding=\"async\" loading=\"lazy\" srcset=\"https:\/\/www.ismailcelikinsaat.com.tr\/wp-content\/uploads\/2023\/01\/5e158f47d3442-3-300x200.jpg 300w, https:\/\/www.ismailcelikinsaat.com.tr\/wp-content\/uploads\/2023\/01\/5e158f47d3442-3-1024x683.jpg 1024w, https:\/\/www.ismailcelikinsaat.com.tr\/wp-content\/uploads\/2023\/01\/5e158f47d3442-3-768x512.jpg 768w, https:\/\/www.ismailcelikinsaat.com.tr\/wp-content\/uploads\/2023\/01\/5e158f47d3442-3-1536x1024.jpg 1536w, https:\/\/www.ismailcelikinsaat.com.tr\/wp-content\/uploads\/2023\/01\/5e158f47d3442-3.jpg 1620w\" sizes=\"(max-width: 300px) 100vw, 300px\" \/><\/a>\n\t\t\t<\/div><\/figure><figure class='gallery-item'>\n\t\t\t<div class='gallery-icon landscape'>\n\t\t\t\t<a data-elementor-open-lightbox=\"no\" href='https:\/\/www.ismailcelikinsaat.com.tr\/wp-content\/uploads\/2023\/01\/5e158f2f9c5a6-2.jpg'><img width=\"300\" height=\"200\" src=\"https:\/\/www.ismailcelikinsaat.com.tr\/wp-content\/uploads\/2023\/01\/5e158f2f9c5a6-2-300x200.jpg\" class=\"attachment-medium size-medium\" alt=\"\" decoding=\"async\" loading=\"lazy\" srcset=\"https:\/\/www.ismailcelikinsaat.com.tr\/wp-content\/uploads\/2023\/01\/5e158f2f9c5a6-2-300x200.jpg 300w, https:\/\/www.ismailcelikinsaat.com.tr\/wp-content\/uploads\/2023\/01\/5e158f2f9c5a6-2-1024x683.jpg 1024w, https:\/\/www.ismailcelikinsaat.com.tr\/wp-content\/uploads\/2023\/01\/5e158f2f9c5a6-2-768x512.jpg 768w, https:\/\/www.ismailcelikinsaat.com.tr\/wp-content\/uploads\/2023\/01\/5e158f2f9c5a6-2-1536x1024.jpg 1536w, https:\/\/www.ismailcelikinsaat.com.tr\/wp-content\/uploads\/2023\/01\/5e158f2f9c5a6-2.jpg 1620w\" sizes=\"(max-width: 300px) 100vw, 300px\" \/><\/a>\n\t\t\t<\/div><\/figure>\n\t\t<\/div>\n\t\t<\/div>\r\n\t\t\t\t<\/div>\n\t\t\t\t<\/div>\n\t\t\t\t\t<\/div>\n\t\t<\/div>\n\t\t\t\t\t\t\t<\/div>\n\t\t<\/section>\n\t\t\t\t<section class=\"elementor-section elementor-top-section elementor-element elementor-element-96c7641 elementor-section-boxed elementor-section-height-default elementor-section-height-default\" data-id=\"96c7641\" data-element_type=\"section\">\n\t\t\t\t\t\t<div class=\"elementor-container elementor-column-gap-default\">\n\t\t\t\t\t<div class=\"elementor-column elementor-col-100 elementor-top-column elementor-element elementor-element-6d0cddb ot-flex-column-vertical\" data-id=\"6d0cddb\" data-element_type=\"column\">\n\t\t\t<div class=\"elementor-widget-wrap elementor-element-populated\">\n\t\t\t\t\t\t\t\t<div class=\"elementor-element elementor-element-70922a1 elementor-widget elementor-widget-spacer\" data-id=\"70922a1\" data-element_type=\"widget\" data-widget_type=\"spacer.default\">\n\t\t\t\t<div class=\"elementor-widget-container\">\n\t\t\t\t\t<div class=\"elementor-spacer\">\n\t\t\t<div class=\"elementor-spacer-inner\"><\/div>\n\t\t<\/div>\n\t\t\t\t<\/div>\n\t\t\t\t<\/div>\n\t\t\t\t\t<\/div>\n\t\t<\/div>\n\t\t\t\t\t\t\t<\/div>\n\t\t<\/section>\n\t\t\t\t<section class=\"elementor-section elementor-top-section elementor-element elementor-element-3d18b7a elementor-section-boxed elementor-section-height-default elementor-section-height-default\" data-id=\"3d18b7a\" data-element_type=\"section\">\n\t\t\t\t\t\t<div class=\"elementor-container elementor-column-gap-default\">\n\t\t\t\t\t<div class=\"elementor-column elementor-col-100 elementor-top-column elementor-element elementor-element-f29261a ot-flex-column-vertical\" data-id=\"f29261a\" data-element_type=\"column\">\n\t\t\t<div class=\"elementor-widget-wrap elementor-element-populated\">\n\t\t\t\t\t\t\t\t<div class=\"elementor-element elementor-element-7e1826b elementor-widget elementor-widget-text-editor\" data-id=\"7e1826b\" data-element_type=\"widget\" data-widget_type=\"text-editor.default\">\n\t\t\t\t<div class=\"elementor-widget-container\">\n\t\t\t<style>\/*! elementor - v3.8.0 - 30-10-2022 *\/\n.elementor-widget-text-editor.elementor-drop-cap-view-stacked .elementor-drop-cap{background-color:#818a91;color:#fff}.elementor-widget-text-editor.elementor-drop-cap-view-framed .elementor-drop-cap{color:#818a91;border:3px solid;background-color:transparent}.elementor-widget-text-editor:not(.elementor-drop-cap-view-default) .elementor-drop-cap{margin-top:8px}.elementor-widget-text-editor:not(.elementor-drop-cap-view-default) .elementor-drop-cap-letter{width:1em;height:1em}.elementor-widget-text-editor .elementor-drop-cap{float:left;text-align:center;line-height:1;font-size:50px}.elementor-widget-text-editor .elementor-drop-cap-letter{display:inline-block}<\/style>\t\t\t\t<p><span style=\"font-weight: 400;\">Bodrum Yar\u0131madas\u0131&#8217;n\u0131n kuzeyinde yer alan &#8220;Mivara Luxury Bodrum\u00a0&#8220;, berrak denizi ile g\u00fczelli\u011fini en do\u011fal bi\u00e7imiyle hala koruyan G\u00fcndo\u011fan&#8217;da yer almaktad\u0131r.\u00a0<\/span><span style=\"font-weight: 400;\">M\u0130\u00a0\u201cBenim\u201d (Latince),\u00a0VARA\u00a0\u201cMilattan \u00d6nce 353-375 y\u0131llar\u0131 aras\u0131nda Romal\u0131lar\u0131n G\u00fcndo\u011fan\u2019a verdi\u011fi isim &#8211;\u00a0\u00a0M\u0130VARA\u00a0&#8220;Benim G\u00fcndo\u011fan\u2019\u0131m&#8221;<\/span><\/p><p><span style=\"font-weight: 400;\">Zevkli tasar\u0131mlarla donat\u0131lm\u0131\u015f uluslararas\u0131 dokunu\u015flara sahip tasar\u0131m\u0131, beyaz kumlu plaj\u0131, Do\u011fu ve Bat\u0131\u2019dan inan\u0131lmaz lezzetler sunan mutfa\u011f\u0131, su sporlar\u0131 ,g\u00fczellik ve sa\u011fl\u0131kl\u0131 ya\u015fam uygulamalar\u0131 ile\u00a0 Mivara Luxury Bodrum, siz de\u011ferli misafirlerimize e\u015fsiz bir tatil deneyimi ya\u015fat\u0131yor<\/span><\/p><p><span style=\"font-weight: 400;\">L\u00fcks hizmet fark\u0131n\u0131 misafirlerine \u00f6zenle ya\u015fatmay\u0131 ama\u00e7 edinen Mivara Luxury Bodrum, 72 odas\u0131 ile e\u015fsiz bir konaklama deneyimi sunuyor. Standart odalar\u0131n 40 metrekare oldu\u011fu otelde; 80 metrekare ile 125 metrekare aras\u0131nda de\u011fi\u015fen b\u00fcy\u00fckl\u00fcklerde jakuzili, \u00f6zel terasl\u0131, giyinme odal\u0131, salon ve \u00e7ift banyolu odalar da yer al\u0131yor.\u00a0<\/span><\/p>\t\t\t\t\t\t<\/div>\n\t\t\t\t<\/div>\n\t\t\t\t\t<\/div>\n\t\t<\/div>\n\t\t\t\t\t\t\t<\/div>\n\t\t<\/section>\n\t\t\t\t<section class=\"elementor-section elementor-top-section elementor-element elementor-element-01b794e elementor-section-boxed elementor-section-height-default elementor-section-height-default\" data-id=\"01b794e\" data-element_type=\"section\">\n\t\t\t\t\t\t<div class=\"elementor-container elementor-column-gap-default\">\n\t\t\t\t\t<div class=\"elementor-column elementor-col-100 elementor-top-column elementor-element elementor-element-5c35b0b ot-flex-column-vertical\" data-id=\"5c35b0b\" data-element_type=\"column\">\n\t\t\t<div class=\"elementor-widget-wrap elementor-element-populated\">\n\t\t\t\t\t\t\t\t<div class=\"elementor-element elementor-element-137f828 elementor-widget elementor-widget-spacer\" data-id=\"137f828\" data-element_type=\"widget\" data-widget_type=\"spacer.default\">\n\t\t\t\t<div class=\"elementor-widget-container\">\n\t\t\t\t\t<div class=\"elementor-spacer\">\n\t\t\t<div class=\"elementor-spacer-inner\"><\/div>\n\t\t<\/div>\n\t\t\t\t<\/div>\n\t\t\t\t<\/div>\n\t\t\t\t\t<\/div>\n\t\t<\/div>\n\t\t\t\t\t\t\t<\/div>\n\t\t<\/section>\n\t\t\t\t\t\t\t<\/div>\n\t\t","protected":false},"excerpt":{"rendered":"<p>Mivara Luxury Resort &amp; Spa\u200b Bodrum Yar\u0131madas\u0131&#8217;n\u0131n kuzeyinde yer alan &#8220;Mivara Luxury Bodrum&nbsp;&#8220;, berrak denizi ile g\u00fczelli\u011fini en do\u011fal bi\u00e7imiyle hala koruyan G\u00fcndo\u011fan&#8217;da yer almaktad\u0131r.&nbsp;M\u0130&nbsp;\u201cBenim\u201d (Latince),&nbsp;VARA&nbsp;\u201cMilattan \u00d6nce 353-375 y\u0131llar\u0131 aras\u0131nda Romal\u0131lar\u0131n G\u00fcndo\u011fan\u2019a verdi\u011fi isim &#8211;&nbsp;&nbsp;M\u0130VARA&nbsp;&#8220;Benim G\u00fcndo\u011fan\u2019\u0131m&#8221; Zevkli tasar\u0131mlarla donat\u0131lm\u0131\u015f uluslararas\u0131 dokunu\u015flara sahip tasar\u0131m\u0131, beyaz kumlu plaj\u0131, Do\u011fu ve Bat\u0131\u2019dan inan\u0131lmaz lezzetler sunan mutfa\u011f\u0131, su sporlar\u0131 [&hellip;]<\/p>\n","protected":false},"author":1,"featured_media":0,"parent":0,"menu_order":0,"comment_status":"closed","ping_status":"closed","template":"","meta":[],"_links":{"self":[{"href":"https:\/\/www.ismailcelikinsaat.com.tr\/index.php\/wp-json\/wp\/v2\/pages\/4719"}],"collection":[{"href":"https:\/\/www.ismailcelikinsaat.com.tr\/index.php\/wp-json\/wp\/v2\/pages"}],"about":[{"href":"https:\/\/www.ismailcelikinsaat.com.tr\/index.php\/wp-json\/wp\/v2\/types\/page"}],"author":[{"embeddable":true,"href":"https:\/\/www.ismailcelikinsaat.com.tr\/index.php\/wp-json\/wp\/v2\/users\/1"}],"replies":[{"embeddable":true,"href":"https:\/\/www.ismailcelikinsaat.com.tr\/index.php\/wp-json\/wp\/v2\/comments?post=4719"}],"version-history":[{"count":37,"href":"https:\/\/www.ismailcelikinsaat.com.tr\/index.php\/wp-json\/wp\/v2\/pages\/4719\/revisions"}],"predecessor-version":[{"id":5772,"href":"https:\/\/www.ismailcelikinsaat.com.tr\/index.php\/wp-json\/wp\/v2\/pages\/4719\/revisions\/5772"}],"wp:attachment":[{"href":"https:\/\/www.ismailcelikinsaat.com.tr\/index.php\/wp-json\/wp\/v2\/media?parent=4719"}],"curies":[{"name":"wp","href":"https:\/\/api.w.org\/{rel}","templated":true}]}}