{"id":2405,"date":"2020-05-14T07:52:00","date_gmt":"2020-05-14T07:52:00","guid":{"rendered":"http:\/\/localhost\/theratio\/?page_id=2405"},"modified":"2023-02-16T17:37:36","modified_gmt":"2023-02-16T14:37:36","slug":"vizyon-misyon","status":"publish","type":"page","link":"https:\/\/www.ismailcelikinsaat.com.tr\/index.php\/vizyon-misyon\/","title":{"rendered":"Vizyon &#038; Misyon"},"content":{"rendered":"\t\t<div data-elementor-type=\"wp-page\" data-elementor-id=\"2405\" class=\"elementor elementor-2405\">\n\t\t\t\t\t\t\t\t\t<section class=\"elementor-section elementor-top-section elementor-element elementor-element-52afebc elementor-section-boxed elementor-section-height-default elementor-section-height-default\" data-id=\"52afebc\" data-element_type=\"section\">\n\t\t\t\t\t\t<div class=\"elementor-container elementor-column-gap-default\">\n\t\t\t\t\t<div class=\"elementor-column elementor-col-100 elementor-top-column elementor-element elementor-element-ea036a2 ot-flex-column-vertical\" data-id=\"ea036a2\" data-element_type=\"column\">\n\t\t\t<div class=\"elementor-widget-wrap elementor-element-populated\">\n\t\t\t\t\t\t\t\t<div class=\"elementor-element elementor-element-11f6c7e elementor-widget elementor-widget-spacer\" data-id=\"11f6c7e\" data-element_type=\"widget\" data-widget_type=\"spacer.default\">\n\t\t\t\t<div class=\"elementor-widget-container\">\n\t\t\t<style>\/*! elementor - v3.8.0 - 30-10-2022 *\/\n.elementor-column .elementor-spacer-inner{height:var(--spacer-size)}.e-con{--container-widget-width:100%}.e-con-inner>.elementor-widget-spacer,.e-con>.elementor-widget-spacer{width:var(--container-widget-width,var(--spacer-size));-ms-flex-item-align:stretch;align-self:stretch;-ms-flex-negative:0;flex-shrink:0}.e-con-inner>.elementor-widget-spacer>.elementor-widget-container,.e-con-inner>.elementor-widget-spacer>.elementor-widget-container>.elementor-spacer,.e-con>.elementor-widget-spacer>.elementor-widget-container,.e-con>.elementor-widget-spacer>.elementor-widget-container>.elementor-spacer{height:100%}.e-con-inner>.elementor-widget-spacer>.elementor-widget-container>.elementor-spacer>.elementor-spacer-inner,.e-con>.elementor-widget-spacer>.elementor-widget-container>.elementor-spacer>.elementor-spacer-inner{height:var(--container-widget-height,var(--spacer-size))}<\/style>\t\t<div class=\"elementor-spacer\">\n\t\t\t<div class=\"elementor-spacer-inner\"><\/div>\n\t\t<\/div>\n\t\t\t\t<\/div>\n\t\t\t\t<\/div>\n\t\t\t\t\t<\/div>\n\t\t<\/div>\n\t\t\t\t\t\t\t<\/div>\n\t\t<\/section>\n\t\t\t\t<section class=\"elementor-section elementor-top-section elementor-element elementor-element-3bb35a6 elementor-section-boxed elementor-section-height-default elementor-section-height-default\" data-id=\"3bb35a6\" data-element_type=\"section\">\n\t\t\t\t\t\t<div class=\"elementor-container elementor-column-gap-extended\">\n\t\t\t\t\t<div class=\"elementor-column elementor-col-33 elementor-top-column elementor-element elementor-element-ec97937 ot-flex-column-vertical\" data-id=\"ec97937\" data-element_type=\"column\">\n\t\t\t<div class=\"elementor-widget-wrap elementor-element-populated\">\n\t\t\t\t\t\t\t\t<div class=\"elementor-element elementor-element-e07df3e elementor-widget-tablet__width-initial elementor-widget elementor-widget-iheading\" data-id=\"e07df3e\" data-element_type=\"widget\" data-widget_type=\"iheading.default\">\n\t\t\t\t<div class=\"elementor-widget-container\">\n\t\t\t\t\t<div class=\"ot-heading \">\r\n\t        \t            <span>[ \u0130smail \u00c7elik \u0130n\u015faat ]<\/span>\r\n\t        \t        <h2 class=\"main-heading\">Misyon & Vizyon<\/h2>\r\n\t        \t    <\/div>\r\n\t    \t\t<\/div>\n\t\t\t\t<\/div>\n\t\t\t\t<div class=\"elementor-element elementor-element-f104b38 elementor-widget elementor-widget-ibutton\" data-id=\"f104b38\" data-element_type=\"widget\" data-widget_type=\"ibutton.default\">\n\t\t\t\t<div class=\"elementor-widget-container\">\n\t\t\t\t\t<div class=\"ot-button\">\r\n\t\t\t<a href=\"http:\/\/wpdemo.archiwp.com\/theratio\/portfolio-grid\/\" class=\"octf-btn octf-btn-dark\">Projelerimiz<\/a>\r\n\t    <\/div>\r\n\t    \t\t<\/div>\n\t\t\t\t<\/div>\n\t\t\t\t\t<\/div>\n\t\t<\/div>\n\t\t\t\t<div class=\"elementor-column elementor-col-66 elementor-top-column elementor-element elementor-element-d5683e0 ot-flex-column-vertical\" data-id=\"d5683e0\" data-element_type=\"column\">\n\t\t\t<div class=\"elementor-widget-wrap elementor-element-populated\">\n\t\t\t\t\t\t\t\t<section class=\"elementor-section elementor-inner-section elementor-element elementor-element-1239be6 elementor-section-full_width elementor-section-height-default elementor-section-height-default\" data-id=\"1239be6\" data-element_type=\"section\">\n\t\t\t\t\t\t<div class=\"elementor-container elementor-column-gap-extended\">\n\t\t\t\t\t<div class=\"elementor-column elementor-col-50 elementor-inner-column elementor-element elementor-element-721e912 ot-flex-column-vertical\" data-id=\"721e912\" data-element_type=\"column\">\n\t\t\t<div class=\"elementor-widget-wrap elementor-element-populated\">\n\t\t\t\t\t\t\t\t<div class=\"elementor-element elementor-element-7a0e542 elementor-widget elementor-widget-iiconbox2\" data-id=\"7a0e542\" data-element_type=\"widget\" data-widget_type=\"iiconbox2.default\">\n\t\t\t\t<div class=\"elementor-widget-container\">\n\t\t\t\t\t<div class=\"icon-box icon-box--classic icon-box--icon-top\">\r\n\t\t\t<div class=\"icon-main\">\r\n\t\t        \t\t        \t<i aria-hidden=\"true\" class=\"fas fa-window-minimize\"><\/i>\t\t        \t\t\t    \t\t        \t        <\/div>\r\n\t        <div class=\"content-box\">\r\n\t\t        <h5><a href=\"#\" class=\"title-link\">Misyon<\/a><\/h5>\r\n\t\t        <p>M\u00fc\u015fteri memnuniyeti odakl\u0131, toplam kalite yakla\u015f\u0131m\u0131na sahip ve kaliteden \u00f6d\u00fcn vermeyen,\nd\u00fcr\u00fcst, g\u00fcvenilir hizmet anlay\u0131\u015f\u0131yla, i\u015f sa\u011fl\u0131\u011f\u0131 ve i\u015f g\u00fcvenli\u011fi duyarl\u0131l\u0131k bilinci ile, \u00e7evreye\nsayg\u0131l\u0131 ve kirlili\u011fin \u00f6nlenmesine duyarl\u0131 olarak, ulusal ve uluslararas\u0131 platformda geli\u015fmeye a\u00e7\u0131k\nbir bi\u00e7imde, yetkin ve dinamik kadrosunun \u00f6zverili \u00e7al\u0131\u015fmalar\u0131 ve ara\u015ft\u0131rmac\u0131 yakla\u015f\u0131m\u0131 ile\ns\u00fcrd\u00fcr\u00fclebilir b\u00fcy\u00fcme sa\u011flamay\u0131 kendisine misyon edinmi\u015ftir.<\/p>\r\n\t\t\t<\/div>\r\n\t    <\/div>\r\n\t    \t\t<\/div>\n\t\t\t\t<\/div>\n\t\t\t\t\t<\/div>\n\t\t<\/div>\n\t\t\t\t<div class=\"elementor-column elementor-col-50 elementor-inner-column elementor-element elementor-element-475fa64 ot-flex-column-vertical\" data-id=\"475fa64\" data-element_type=\"column\">\n\t\t\t<div class=\"elementor-widget-wrap elementor-element-populated\">\n\t\t\t\t\t\t\t\t<div class=\"elementor-element elementor-element-2e47a36 elementor-widget elementor-widget-iiconbox2\" data-id=\"2e47a36\" data-element_type=\"widget\" data-widget_type=\"iiconbox2.default\">\n\t\t\t\t<div class=\"elementor-widget-container\">\n\t\t\t\t\t<div class=\"icon-box icon-box--classic icon-box--icon-top\">\r\n\t\t\t<div class=\"icon-main\">\r\n\t\t        \t\t        \t<i aria-hidden=\"true\" class=\"fas fa-window-minimize\"><\/i>\t\t        \t\t\t    \t\t        \t        <\/div>\r\n\t        <div class=\"content-box\">\r\n\t\t        <h5><a href=\"#\" class=\"title-link\">Vizyon<\/a><\/h5>\r\n\t\t        <p>En ileri teknolojileri kullanarak, g\u00fc\u00e7l\u00fc finansal yap\u0131s\u0131 ve ge\u00e7mi\u015f bilgi birikiminden ald\u0131\u011f\u0131\ndestek ile, in\u015faat sekt\u00f6r\u00fcnde yurti\u00e7i ve yurtd\u0131\u015f\u0131 piyasalarda aranan, kalitesine g\u00fcvenilen,\nrekabet\u00e7i, m\u00fc\u015fteri ve \u00e7al\u0131\u015fanlar\u0131n\u0131n mutlulu\u011funu g\u00f6zeten, sayg\u0131n ve lider bir \u015firket olmay\u0131\nvizyon olarak benimsemi\u015ftir.<\/p>\r\n\t\t\t<\/div>\r\n\t    <\/div>\r\n\t    \t\t<\/div>\n\t\t\t\t<\/div>\n\t\t\t\t\t<\/div>\n\t\t<\/div>\n\t\t\t\t\t\t\t<\/div>\n\t\t<\/section>\n\t\t\t\t\t<\/div>\n\t\t<\/div>\n\t\t\t\t\t\t\t<\/div>\n\t\t<\/section>\n\t\t\t\t<section class=\"elementor-section elementor-top-section elementor-element elementor-element-2da4c39 elementor-section-boxed elementor-section-height-default elementor-section-height-default\" data-id=\"2da4c39\" data-element_type=\"section\">\n\t\t\t\t\t\t<div class=\"elementor-container elementor-column-gap-default\">\n\t\t\t\t\t<div class=\"elementor-column elementor-col-100 elementor-top-column elementor-element elementor-element-32ab394 ot-flex-column-vertical\" data-id=\"32ab394\" data-element_type=\"column\">\n\t\t\t<div class=\"elementor-widget-wrap elementor-element-populated\">\n\t\t\t\t\t\t\t\t<div class=\"elementor-element elementor-element-667dce3 elementor-widget elementor-widget-spacer\" data-id=\"667dce3\" data-element_type=\"widget\" data-widget_type=\"spacer.default\">\n\t\t\t\t<div class=\"elementor-widget-container\">\n\t\t\t\t\t<div class=\"elementor-spacer\">\n\t\t\t<div class=\"elementor-spacer-inner\"><\/div>\n\t\t<\/div>\n\t\t\t\t<\/div>\n\t\t\t\t<\/div>\n\t\t\t\t\t<\/div>\n\t\t<\/div>\n\t\t\t\t\t\t\t<\/div>\n\t\t<\/section>\n\t\t\t\t\t\t\t<\/div>\n\t\t","protected":false},"excerpt":{"rendered":"<p>[ \u0130smail \u00c7elik \u0130n\u015faat ] Misyon &amp; Vizyon Projelerimiz Misyon M\u00fc\u015fteri memnuniyeti odakl\u0131, toplam kalite yakla\u015f\u0131m\u0131na sahip ve kaliteden \u00f6d\u00fcn vermeyen, d\u00fcr\u00fcst, g\u00fcvenilir hizmet anlay\u0131\u015f\u0131yla, i\u015f sa\u011fl\u0131\u011f\u0131 ve i\u015f g\u00fcvenli\u011fi duyarl\u0131l\u0131k bilinci ile, \u00e7evreye sayg\u0131l\u0131 ve kirlili\u011fin \u00f6nlenmesine duyarl\u0131 olarak, ulusal ve uluslararas\u0131 platformda geli\u015fmeye a\u00e7\u0131k bir bi\u00e7imde, yetkin ve dinamik kadrosunun \u00f6zverili \u00e7al\u0131\u015fmalar\u0131 ve [&hellip;]<\/p>\n","protected":false},"author":1,"featured_media":0,"parent":0,"menu_order":0,"comment_status":"closed","ping_status":"closed","template":"","meta":[],"_links":{"self":[{"href":"https:\/\/www.ismailcelikinsaat.com.tr\/index.php\/wp-json\/wp\/v2\/pages\/2405"}],"collection":[{"href":"https:\/\/www.ismailcelikinsaat.com.tr\/index.php\/wp-json\/wp\/v2\/pages"}],"about":[{"href":"https:\/\/www.ismailcelikinsaat.com.tr\/index.php\/wp-json\/wp\/v2\/types\/page"}],"author":[{"embeddable":true,"href":"https:\/\/www.ismailcelikinsaat.com.tr\/index.php\/wp-json\/wp\/v2\/users\/1"}],"replies":[{"embeddable":true,"href":"https:\/\/www.ismailcelikinsaat.com.tr\/index.php\/wp-json\/wp\/v2\/comments?post=2405"}],"version-history":[{"count":34,"href":"https:\/\/www.ismailcelikinsaat.com.tr\/index.php\/wp-json\/wp\/v2\/pages\/2405\/revisions"}],"predecessor-version":[{"id":5798,"href":"https:\/\/www.ismailcelikinsaat.com.tr\/index.php\/wp-json\/wp\/v2\/pages\/2405\/revisions\/5798"}],"wp:attachment":[{"href":"https:\/\/www.ismailcelikinsaat.com.tr\/index.php\/wp-json\/wp\/v2\/media?parent=2405"}],"curies":[{"name":"wp","href":"https:\/\/api.w.org\/{rel}","templated":true}]}}