{"id":1958,"date":"2020-05-07T08:35:38","date_gmt":"2020-05-07T08:35:38","guid":{"rendered":"http:\/\/localhost\/theratio\/?page_id=1958"},"modified":"2023-02-20T18:06:48","modified_gmt":"2023-02-20T15:06:48","slug":"hakkimizda","status":"publish","type":"page","link":"https:\/\/www.ismailcelikinsaat.com.tr\/index.php\/hakkimizda\/","title":{"rendered":"Hakk\u0131m\u0131zda"},"content":{"rendered":"\t\t<div data-elementor-type=\"wp-page\" data-elementor-id=\"1958\" class=\"elementor elementor-1958\">\n\t\t\t\t\t\t\t\t\t<section class=\"elementor-section elementor-top-section elementor-element elementor-element-b0b7e8e elementor-section-boxed elementor-section-height-default elementor-section-height-default\" data-id=\"b0b7e8e\" data-element_type=\"section\">\n\t\t\t\t\t\t<div class=\"elementor-container elementor-column-gap-default\">\n\t\t\t\t\t<div class=\"elementor-column elementor-col-100 elementor-top-column elementor-element elementor-element-e4060fa ot-flex-column-vertical\" data-id=\"e4060fa\" data-element_type=\"column\">\n\t\t\t<div class=\"elementor-widget-wrap elementor-element-populated\">\n\t\t\t\t\t\t\t\t<div class=\"elementor-element elementor-element-4f77836 elementor-widget elementor-widget-spacer\" data-id=\"4f77836\" data-element_type=\"widget\" data-widget_type=\"spacer.default\">\n\t\t\t\t<div class=\"elementor-widget-container\">\n\t\t\t<style>\/*! elementor - v3.8.0 - 30-10-2022 *\/\n.elementor-column .elementor-spacer-inner{height:var(--spacer-size)}.e-con{--container-widget-width:100%}.e-con-inner>.elementor-widget-spacer,.e-con>.elementor-widget-spacer{width:var(--container-widget-width,var(--spacer-size));-ms-flex-item-align:stretch;align-self:stretch;-ms-flex-negative:0;flex-shrink:0}.e-con-inner>.elementor-widget-spacer>.elementor-widget-container,.e-con-inner>.elementor-widget-spacer>.elementor-widget-container>.elementor-spacer,.e-con>.elementor-widget-spacer>.elementor-widget-container,.e-con>.elementor-widget-spacer>.elementor-widget-container>.elementor-spacer{height:100%}.e-con-inner>.elementor-widget-spacer>.elementor-widget-container>.elementor-spacer>.elementor-spacer-inner,.e-con>.elementor-widget-spacer>.elementor-widget-container>.elementor-spacer>.elementor-spacer-inner{height:var(--container-widget-height,var(--spacer-size))}<\/style>\t\t<div class=\"elementor-spacer\">\n\t\t\t<div class=\"elementor-spacer-inner\"><\/div>\n\t\t<\/div>\n\t\t\t\t<\/div>\n\t\t\t\t<\/div>\n\t\t\t\t\t<\/div>\n\t\t<\/div>\n\t\t\t\t\t\t\t<\/div>\n\t\t<\/section>\n\t\t\t\t<section class=\"elementor-section elementor-top-section elementor-element elementor-element-bdd9939 elementor-section-content-middle elementor-section-boxed elementor-section-height-default elementor-section-height-default\" data-id=\"bdd9939\" data-element_type=\"section\">\n\t\t\t\t\t\t<div class=\"elementor-container elementor-column-gap-extended\">\n\t\t\t\t\t<div class=\"elementor-column elementor-col-50 elementor-top-column elementor-element elementor-element-12b070d ot-flex-column-vertical\" data-id=\"12b070d\" data-element_type=\"column\">\n\t\t\t<div class=\"elementor-widget-wrap elementor-element-populated\">\n\t\t\t\t\t\t\t\t<div class=\"elementor-element elementor-element-ea70568 elementor-widget elementor-widget-image\" data-id=\"ea70568\" data-element_type=\"widget\" data-widget_type=\"image.default\">\n\t\t\t\t<div class=\"elementor-widget-container\">\n\t\t\t<style>\/*! elementor - v3.8.0 - 30-10-2022 *\/\n.elementor-widget-image{text-align:center}.elementor-widget-image a{display:inline-block}.elementor-widget-image a img[src$=\".svg\"]{width:48px}.elementor-widget-image img{vertical-align:middle;display:inline-block}<\/style>\t\t\t\t\t\t\t\t\t\t\t\t<img decoding=\"async\" width=\"800\" height=\"536\" src=\"https:\/\/www.ismailcelikinsaat.com.tr\/wp-content\/uploads\/2023\/01\/ismailcbina003.jpg\" class=\"attachment-full size-full\" alt=\"\" loading=\"lazy\" srcset=\"https:\/\/www.ismailcelikinsaat.com.tr\/wp-content\/uploads\/2023\/01\/ismailcbina003.jpg 800w, https:\/\/www.ismailcelikinsaat.com.tr\/wp-content\/uploads\/2023\/01\/ismailcbina003-300x201.jpg 300w, https:\/\/www.ismailcelikinsaat.com.tr\/wp-content\/uploads\/2023\/01\/ismailcbina003-768x515.jpg 768w\" sizes=\"(max-width: 800px) 100vw, 800px\" \/>\t\t\t\t\t\t\t\t\t\t\t\t\t\t\t<\/div>\n\t\t\t\t<\/div>\n\t\t\t\t\t<\/div>\n\t\t<\/div>\n\t\t\t\t<div class=\"elementor-column elementor-col-50 elementor-top-column elementor-element elementor-element-c955026 ot-flex-column-vertical\" data-id=\"c955026\" data-element_type=\"column\">\n\t\t\t<div class=\"elementor-widget-wrap elementor-element-populated\">\n\t\t\t\t\t\t\t\t<div class=\"elementor-element elementor-element-94474d6 elementor-widget elementor-widget-iheading\" data-id=\"94474d6\" data-element_type=\"widget\" data-widget_type=\"iheading.default\">\n\t\t\t\t<div class=\"elementor-widget-container\">\n\t\t\t\t\t<div class=\"ot-heading is-dots\">\r\n\t        \t        <h2 class=\"main-heading\">Hakk\u0131m\u0131zda<\/h2>\r\n\t        \t    <\/div>\r\n\t    \t\t<\/div>\n\t\t\t\t<\/div>\n\t\t\t\t<div class=\"elementor-element elementor-element-4408703 elementor-widget elementor-widget-text-editor\" data-id=\"4408703\" data-element_type=\"widget\" data-widget_type=\"text-editor.default\">\n\t\t\t\t<div class=\"elementor-widget-container\">\n\t\t\t<style>\/*! elementor - v3.8.0 - 30-10-2022 *\/\n.elementor-widget-text-editor.elementor-drop-cap-view-stacked .elementor-drop-cap{background-color:#818a91;color:#fff}.elementor-widget-text-editor.elementor-drop-cap-view-framed .elementor-drop-cap{color:#818a91;border:3px solid;background-color:transparent}.elementor-widget-text-editor:not(.elementor-drop-cap-view-default) .elementor-drop-cap{margin-top:8px}.elementor-widget-text-editor:not(.elementor-drop-cap-view-default) .elementor-drop-cap-letter{width:1em;height:1em}.elementor-widget-text-editor .elementor-drop-cap{float:left;text-align:center;line-height:1;font-size:50px}.elementor-widget-text-editor .elementor-drop-cap-letter{display:inline-block}<\/style>\t\t\t\t<p>\u00a0<\/p><p>\u0130smail \u00c7elik, in\u015faat sekt\u00f6r\u00fcne, 1986 y\u0131l\u0131nda mimar-m\u00fcteahhit olarak faaliyete <span style=\"color: var( --e-global-color-text ); font-weight: var( --e-global-typography-text-font-weight );\">ba\u015flam\u0131\u015ft\u0131r. 1991 y\u0131l\u0131nda ise ticari yap\u0131 \u0130smail \u00c7elik \u0130n\u015faat Sanayi ve Ticaret Ltd. \u015eti.\u2019 ne\u00a0<\/span><span style=\"color: var( --e-global-color-text ); font-weight: var( --e-global-typography-text-font-weight );\">d\u00f6n\u00fc\u015ft\u00fcr\u00fclm\u00fc\u015ft\u00fcr. Ana faaliyet alan\u0131 olan in\u015faat i\u015fleri b\u00fcnyesinde; baraj, sulama, alt\u00a0<\/span><span style=\"color: var( --e-global-color-text ); font-weight: var( --e-global-typography-text-font-weight );\">yap\u0131, at\u0131k su ve i\u00e7me suyu ar\u0131tma tesisleri, kanalizasyon, ya\u011fmur suyu ve i\u00e7me suyu <\/span>\u015febekeleri in\u015faatlar\u0131n\u0131, bina, yol ve benzeri her t\u00fcrl\u00fc taahh\u00fct i\u015flerini, ekonomi, kalite ve zaman fakt\u00f6rleriyle bir b\u00fct\u00fcn olu\u015fturarak tamamlay\u0131p bir\u00e7ok \u00f6nemli projeye imza atm\u0131\u015ft\u0131r. 20 y\u0131ld\u0131r faaliyette bulundu\u011fu t\u00fcm alanlarda uzmanla\u015farak sekt\u00f6r\u00fcn \u00f6nemli firmalar\u0131 aras\u0131ndaki hakl\u0131 yerini alm\u0131\u015ft\u0131r.<\/p><p>\u0130smail \u00c7elik \u0130n\u015faat Sanayi ve Ticaret Ltd. \u015eti., donan\u0131ml\u0131 ve nitelikli kadrosu ile, \u00e7a\u011fda\u015f \u00e7al\u0131\u015fma alanlar\u0131 ve her ge\u00e7en g\u00fcn geni\u015fleyen modern makine ve ekipman park\u0131yla, yurt i\u00e7inde ve yurt d\u0131\u015f\u0131nda b\u00fcy\u00fck altyap\u0131 projelerini ger\u00e7ekle\u015ftirebilecek bilgi ve deneyime sahiptir. Bug\u00fcne kadar vermi\u015f oldu\u011fu s\u00f6zleri daima yerine getirerek ba\u015flad\u0131\u011f\u0131 her i\u015fi zaman\u0131nda tamamlam\u0131\u015f olman\u0131n gururunu ve onurunu ya\u015famaktad\u0131r.<\/p><p>1998 y\u0131l\u0131ndan bu yana NATO G\u00fcvenlik Belgesine, ISO 9001:2008 Kalite Y\u00f6netim Sistemi, ISO 14001-2004 \u00c7evre Y\u00f6netim Sistemi ve OHSAS 18001-1999 \u0130\u015f Sa\u011fl\u0131\u011f\u0131 ve \u0130\u015f G\u00fcvenli\u011fi Y\u00f6netim Sistemi Belgelerine sahip olup, t\u00fcm bu y\u00f6netim sistemlerini, t\u00fcm faaliyetlerinde ba\u015far\u0131yla uygulamaktad\u0131r.<\/p><p><span style=\"color: var( --e-global-color-text );\">\u0130smail \u00c7elik \u0130n\u015faat Sanayi ve Ticaret Ltd. \u015eti., nitelikli insan kayna\u011f\u0131n\u0131n s\u00fcreklili\u011fini ve \u00e7ok y\u00f6nl\u00fc m\u00fc\u015fteri memnuniyetinin b\u00fcy\u00fck \u00f6nem ta\u015f\u0131d\u0131\u011f\u0131n\u0131 bilerek ve buna uygun politikalar\u0131 \u015firketin her kademesinde geli\u015ftirerek uygulamaya b\u00fcy\u00fck \u00f6zen\u00a0<\/span><span style=\"color: var( --e-global-color-text ); font-weight: var( --e-global-typography-text-font-weight );\">g\u00f6stermektedir. \u015eirketin temel prensiplerinden olan kalite ve g\u00fcveni aynen muhafaza ederek, geli\u015fen \u00fclkemiz ko\u015fullar\u0131yla birlikte b\u00fcy\u00fcyerek globalle\u015fen d\u00fcnyada hakl\u0131\u00a0<\/span><span style=\"color: var( --e-global-color-text ); font-weight: var( --e-global-typography-text-font-weight );\">yerini almay\u0131 hedeflemektedir.<\/span><\/p>\t\t\t\t\t\t<\/div>\n\t\t\t\t<\/div>\n\t\t\t\t<div class=\"elementor-element elementor-element-f73b984 elementor-widget elementor-widget-ibutton\" data-id=\"f73b984\" data-element_type=\"widget\" data-widget_type=\"ibutton.default\">\n\t\t\t\t<div class=\"elementor-widget-container\">\n\t\t\t\t\t<div class=\"ot-button\">\r\n\t\t\t<a href=\"http:\/\/wpdemo.archiwp.com\/theratio\/portfolio-grid\/\" class=\"octf-btn octf-btn-dark\">Projelerimiz<\/a>\r\n\t    <\/div>\r\n\t    \t\t<\/div>\n\t\t\t\t<\/div>\n\t\t\t\t\t<\/div>\n\t\t<\/div>\n\t\t\t\t\t\t\t<\/div>\n\t\t<\/section>\n\t\t\t\t<section class=\"elementor-section elementor-top-section elementor-element elementor-element-a885e6e elementor-section-boxed elementor-section-height-default elementor-section-height-default\" data-id=\"a885e6e\" data-element_type=\"section\" data-settings=\"{&quot;background_background&quot;:&quot;classic&quot;}\">\n\t\t\t\t\t\t<div class=\"elementor-container elementor-column-gap-default\">\n\t\t\t\t\t<div class=\"elementor-column elementor-col-100 elementor-top-column elementor-element elementor-element-80dda1e ot-flex-column-vertical\" data-id=\"80dda1e\" data-element_type=\"column\">\n\t\t\t<div class=\"elementor-widget-wrap elementor-element-populated\">\n\t\t\t\t\t\t\t\t<div class=\"elementor-element elementor-element-04ddae5 theratio-align-center elementor-widget elementor-widget-iheading\" data-id=\"04ddae5\" data-element_type=\"widget\" data-widget_type=\"iheading.default\">\n\t\t\t\t<div class=\"elementor-widget-container\">\n\t\t\t\t\t<div class=\"ot-heading is-dots\">\r\n\t        \t            <span>[ \u0130smail \u00c7elik \u0130n\u015faat ]<\/span>\r\n\t        \t        <h2 class=\"main-heading\">Faliyet Alanlar\u0131<\/h2>\r\n\t        \t    <\/div>\r\n\t    \t\t<\/div>\n\t\t\t\t<\/div>\n\t\t\t\t<section class=\"elementor-section elementor-inner-section elementor-element elementor-element-b820fc7 elementor-section-full_width elementor-section-height-default elementor-section-height-default\" data-id=\"b820fc7\" data-element_type=\"section\">\n\t\t\t\t\t\t\t<div class=\"elementor-background-overlay\"><\/div>\n\t\t\t\t\t\t\t<div class=\"elementor-container elementor-column-gap-extended\">\n\t\t\t\t\t<div class=\"elementor-column elementor-col-33 elementor-inner-column elementor-element elementor-element-33a2c31 ot-flex-column-vertical\" data-id=\"33a2c31\" data-element_type=\"column\">\n\t\t\t<div class=\"elementor-widget-wrap elementor-element-populated\">\n\t\t\t\t\t\t\t\t<div class=\"elementor-element elementor-element-43416c5 elementor-widget elementor-widget-iflip_box\" data-id=\"43416c5\" data-element_type=\"widget\" data-widget_type=\"iflip_box.default\">\n\t\t\t\t<div class=\"elementor-widget-container\">\n\t\t\t\r\n\t\t<div class=\"support-box\">\r\n\t\t\t<div class=\"inner-box\">\r\n\t\t\t\t<div class=\"overlay flex-middle\">\r\n\t\t\t\t\t<div class=\"inner\">\r\n\t\t\t\t\t\t<p>\u0130smail \u00c7elik \u0130n\u015faat baraj, sulama, alt yap\u0131, at\u0131k su ve i\u00e7me suyu ar\u0131tma tesisleri, kanalizasyon, ya\u011fmur suyu ve i\u00e7me suyu \u015febekeleri in\u015faatlar\u0131, bina, yol ve benzeri bir\u00e7ok \u00f6nemli projeye imza atm\u0131\u015ft\u0131r.<\/p>\r\n\t\t\t\t\t<\/div>\r\n\t\t\t\t<\/div>\r\n\t\t\t\t<div class=\"content-box\">\r\n\t\t\t\t\t<div class=\"icon-title\">\r\n\t\t\t\t        \t\t\t\t        <span class=\"ot-flaticon-brickwall\"><\/span>\t\t\t\t        <h5>\u0130n\u015faat<\/h5>\r\n\t\t\t        <\/div>\r\n\t\t\t\t\t<img width=\"1080\" height=\"1080\" src=\"https:\/\/www.ismailcelikinsaat.com.tr\/wp-content\/uploads\/2023\/02\/insaat33.png\" class=\"attachment-full size-full\" alt=\"\" decoding=\"async\" loading=\"lazy\" srcset=\"https:\/\/www.ismailcelikinsaat.com.tr\/wp-content\/uploads\/2023\/02\/insaat33.png 1080w, https:\/\/www.ismailcelikinsaat.com.tr\/wp-content\/uploads\/2023\/02\/insaat33-300x300.png 300w, https:\/\/www.ismailcelikinsaat.com.tr\/wp-content\/uploads\/2023\/02\/insaat33-1024x1024.png 1024w, https:\/\/www.ismailcelikinsaat.com.tr\/wp-content\/uploads\/2023\/02\/insaat33-150x150.png 150w, https:\/\/www.ismailcelikinsaat.com.tr\/wp-content\/uploads\/2023\/02\/insaat33-768x768.png 768w, https:\/\/www.ismailcelikinsaat.com.tr\/wp-content\/uploads\/2023\/02\/insaat33-720x720.png 720w\" sizes=\"(max-width: 1080px) 100vw, 1080px\" \/>\t\t\t\t<\/div>\r\n\t\t\t<\/div>\r\n\t    <\/div>\r\n\r\n\t    \t\t<\/div>\n\t\t\t\t<\/div>\n\t\t\t\t\t<\/div>\n\t\t<\/div>\n\t\t\t\t<div class=\"elementor-column elementor-col-33 elementor-inner-column elementor-element elementor-element-d8acae6 ot-flex-column-vertical\" data-id=\"d8acae6\" data-element_type=\"column\">\n\t\t\t<div class=\"elementor-widget-wrap elementor-element-populated\">\n\t\t\t\t\t\t\t\t<div class=\"elementor-element elementor-element-670ad0b elementor-widget elementor-widget-iflip_box\" data-id=\"670ad0b\" data-element_type=\"widget\" data-widget_type=\"iflip_box.default\">\n\t\t\t\t<div class=\"elementor-widget-container\">\n\t\t\t\r\n\t\t<div class=\"support-box\">\r\n\t\t\t<div class=\"inner-box\">\r\n\t\t\t\t<div class=\"overlay flex-middle\">\r\n\t\t\t\t\t<div class=\"inner\">\r\n\t\t\t\t\t\t<p>\u0130\u00c7-EN Elektrik \u00dcretim ve Tic. A.\u015e. ve \u0130\u00c7-AK Petrol \u00dcr\u00fcnleri Otomotiv Makine \u0130malat Ta\u015f\u0131mac\u0131l\u0131k Sanayi ve Ticaret Ltd. \u015eti., \u0130smail \u00c7elik \u0130n\u015faat Sanayi ve Ticaret Ltd. \u015eti. i\u015ftiraki olarak kurulmu\u015ftur.<\/p>\r\n\t\t\t\t\t<\/div>\r\n\t\t\t\t<\/div>\r\n\t\t\t\t<div class=\"content-box\">\r\n\t\t\t\t\t<div class=\"icon-title\">\r\n\t\t\t\t        \t\t\t\t        <span class=\"ot-flaticon-paint\"><\/span>\t\t\t\t        <h5>Enerji<\/h5>\r\n\t\t\t        <\/div>\r\n\t\t\t\t\t<img width=\"1080\" height=\"1080\" src=\"https:\/\/www.ismailcelikinsaat.com.tr\/wp-content\/uploads\/2023\/02\/insaat13.png\" class=\"attachment-full size-full\" alt=\"\" decoding=\"async\" loading=\"lazy\" srcset=\"https:\/\/www.ismailcelikinsaat.com.tr\/wp-content\/uploads\/2023\/02\/insaat13.png 1080w, https:\/\/www.ismailcelikinsaat.com.tr\/wp-content\/uploads\/2023\/02\/insaat13-300x300.png 300w, https:\/\/www.ismailcelikinsaat.com.tr\/wp-content\/uploads\/2023\/02\/insaat13-1024x1024.png 1024w, https:\/\/www.ismailcelikinsaat.com.tr\/wp-content\/uploads\/2023\/02\/insaat13-150x150.png 150w, https:\/\/www.ismailcelikinsaat.com.tr\/wp-content\/uploads\/2023\/02\/insaat13-768x768.png 768w, https:\/\/www.ismailcelikinsaat.com.tr\/wp-content\/uploads\/2023\/02\/insaat13-720x720.png 720w\" sizes=\"(max-width: 1080px) 100vw, 1080px\" \/>\t\t\t\t<\/div>\r\n\t\t\t<\/div>\r\n\t    <\/div>\r\n\r\n\t    \t\t<\/div>\n\t\t\t\t<\/div>\n\t\t\t\t\t<\/div>\n\t\t<\/div>\n\t\t\t\t<div class=\"elementor-column elementor-col-33 elementor-inner-column elementor-element elementor-element-58b2164 ot-flex-column-vertical\" data-id=\"58b2164\" data-element_type=\"column\">\n\t\t\t<div class=\"elementor-widget-wrap elementor-element-populated\">\n\t\t\t\t\t\t\t\t<div class=\"elementor-element elementor-element-bb36af6 elementor-widget elementor-widget-iflip_box\" data-id=\"bb36af6\" data-element_type=\"widget\" data-widget_type=\"iflip_box.default\">\n\t\t\t\t<div class=\"elementor-widget-container\">\n\t\t\t\r\n\t\t<div class=\"support-box\">\r\n\t\t\t<div class=\"inner-box\">\r\n\t\t\t\t<div class=\"overlay flex-middle\">\r\n\t\t\t\t\t<div class=\"inner\">\r\n\t\t\t\t\t\t<p>Mivara Luxury Resort & Spa\nKarinna Hotel & Convention Center\n\u00c7elen K\u0131z \u00d6\u011frenci Yurdu\n\u00c7elben Turizm \u0130N\u015e. SAN. VE T\u0130C. A.\u015e.<\/p>\r\n\t\t\t\t\t<\/div>\r\n\t\t\t\t<\/div>\r\n\t\t\t\t<div class=\"content-box\">\r\n\t\t\t\t\t<div class=\"icon-title\">\r\n\t\t\t\t        \t\t\t\t        <span class=\"ot-flaticon-cube\"><\/span>\t\t\t\t        <h5>Turizm - Hizmet<\/h5>\r\n\t\t\t        <\/div>\r\n\t\t\t\t\t<img width=\"1080\" height=\"1080\" src=\"https:\/\/www.ismailcelikinsaat.com.tr\/wp-content\/uploads\/2023\/02\/insaat12.png\" class=\"attachment-full size-full\" alt=\"\" decoding=\"async\" loading=\"lazy\" srcset=\"https:\/\/www.ismailcelikinsaat.com.tr\/wp-content\/uploads\/2023\/02\/insaat12.png 1080w, https:\/\/www.ismailcelikinsaat.com.tr\/wp-content\/uploads\/2023\/02\/insaat12-300x300.png 300w, https:\/\/www.ismailcelikinsaat.com.tr\/wp-content\/uploads\/2023\/02\/insaat12-1024x1024.png 1024w, https:\/\/www.ismailcelikinsaat.com.tr\/wp-content\/uploads\/2023\/02\/insaat12-150x150.png 150w, https:\/\/www.ismailcelikinsaat.com.tr\/wp-content\/uploads\/2023\/02\/insaat12-768x768.png 768w, https:\/\/www.ismailcelikinsaat.com.tr\/wp-content\/uploads\/2023\/02\/insaat12-720x720.png 720w\" sizes=\"(max-width: 1080px) 100vw, 1080px\" \/>\t\t\t\t<\/div>\r\n\t\t\t<\/div>\r\n\t    <\/div>\r\n\r\n\t    \t\t<\/div>\n\t\t\t\t<\/div>\n\t\t\t\t\t<\/div>\n\t\t<\/div>\n\t\t\t\t\t\t\t<\/div>\n\t\t<\/section>\n\t\t\t\t\t<\/div>\n\t\t<\/div>\n\t\t\t\t\t\t\t<\/div>\n\t\t<\/section>\n\t\t\t\t<section class=\"elementor-section elementor-top-section elementor-element elementor-element-3d77dc1 elementor-section-boxed elementor-section-height-default elementor-section-height-default\" data-id=\"3d77dc1\" data-element_type=\"section\">\n\t\t\t\t\t\t<div class=\"elementor-container elementor-column-gap-default\">\n\t\t\t\t\t<div class=\"elementor-column elementor-col-100 elementor-top-column elementor-element elementor-element-3c64a5f ot-flex-column-vertical\" data-id=\"3c64a5f\" data-element_type=\"column\">\n\t\t\t<div class=\"elementor-widget-wrap elementor-element-populated\">\n\t\t\t\t\t\t\t\t<div class=\"elementor-element elementor-element-f9827c7 elementor-widget elementor-widget-spacer\" data-id=\"f9827c7\" data-element_type=\"widget\" data-widget_type=\"spacer.default\">\n\t\t\t\t<div class=\"elementor-widget-container\">\n\t\t\t\t\t<div class=\"elementor-spacer\">\n\t\t\t<div class=\"elementor-spacer-inner\"><\/div>\n\t\t<\/div>\n\t\t\t\t<\/div>\n\t\t\t\t<\/div>\n\t\t\t\t\t<\/div>\n\t\t<\/div>\n\t\t\t\t\t\t\t<\/div>\n\t\t<\/section>\n\t\t\t\t<section class=\"elementor-section elementor-top-section elementor-element elementor-element-d174aa7 elementor-section-boxed elementor-section-height-default elementor-section-height-default\" data-id=\"d174aa7\" data-element_type=\"section\">\n\t\t\t\t\t\t<div class=\"elementor-container elementor-column-gap-default\">\n\t\t\t\t\t<div class=\"elementor-column elementor-col-100 elementor-top-column elementor-element elementor-element-6aba9c1 ot-flex-column-vertical\" data-id=\"6aba9c1\" data-element_type=\"column\">\n\t\t\t<div class=\"elementor-widget-wrap elementor-element-populated\">\n\t\t\t\t\t\t\t\t<div class=\"elementor-element elementor-element-cf2296c elementor-widget elementor-widget-heading\" data-id=\"cf2296c\" data-element_type=\"widget\" data-widget_type=\"heading.default\">\n\t\t\t\t<div class=\"elementor-widget-container\">\n\t\t\t<style>\/*! elementor - v3.8.0 - 30-10-2022 *\/\n.elementor-heading-title{padding:0;margin:0;line-height:1}.elementor-widget-heading .elementor-heading-title[class*=elementor-size-]>a{color:inherit;font-size:inherit;line-height:inherit}.elementor-widget-heading .elementor-heading-title.elementor-size-small{font-size:15px}.elementor-widget-heading .elementor-heading-title.elementor-size-medium{font-size:19px}.elementor-widget-heading .elementor-heading-title.elementor-size-large{font-size:29px}.elementor-widget-heading .elementor-heading-title.elementor-size-xl{font-size:39px}.elementor-widget-heading .elementor-heading-title.elementor-size-xxl{font-size:59px}<\/style><h2 class=\"elementor-heading-title elementor-size-default\">\u00dcyeliklerimiz<\/h2>\t\t<\/div>\n\t\t\t\t<\/div>\n\t\t\t\t\t<\/div>\n\t\t<\/div>\n\t\t\t\t\t\t\t<\/div>\n\t\t<\/section>\n\t\t\t\t<section class=\"elementor-section elementor-top-section elementor-element elementor-element-40466a1 elementor-section-boxed elementor-section-height-default elementor-section-height-default\" data-id=\"40466a1\" data-element_type=\"section\">\n\t\t\t\t\t\t<div class=\"elementor-container elementor-column-gap-default\">\n\t\t\t\t\t<div class=\"elementor-column elementor-col-100 elementor-top-column elementor-element elementor-element-1141a5f ot-flex-column-vertical\" data-id=\"1141a5f\" data-element_type=\"column\">\n\t\t\t<div class=\"elementor-widget-wrap elementor-element-populated\">\n\t\t\t\t\t\t\t\t<div class=\"elementor-element elementor-element-7eff18f elementor-widget elementor-widget-spacer\" data-id=\"7eff18f\" data-element_type=\"widget\" data-widget_type=\"spacer.default\">\n\t\t\t\t<div class=\"elementor-widget-container\">\n\t\t\t\t\t<div class=\"elementor-spacer\">\n\t\t\t<div class=\"elementor-spacer-inner\"><\/div>\n\t\t<\/div>\n\t\t\t\t<\/div>\n\t\t\t\t<\/div>\n\t\t\t\t\t<\/div>\n\t\t<\/div>\n\t\t\t\t\t\t\t<\/div>\n\t\t<\/section>\n\t\t\t\t<section class=\"elementor-section elementor-top-section elementor-element elementor-element-5ace35d elementor-section-boxed elementor-section-height-default elementor-section-height-default\" data-id=\"5ace35d\" data-element_type=\"section\">\n\t\t\t\t\t\t<div class=\"elementor-container elementor-column-gap-default\">\n\t\t\t\t\t<div class=\"elementor-column elementor-col-100 elementor-top-column elementor-element elementor-element-bc840bc ot-flex-column-vertical\" data-id=\"bc840bc\" data-element_type=\"column\">\n\t\t\t<div class=\"elementor-widget-wrap elementor-element-populated\">\n\t\t\t\t\t\t\t\t<div class=\"elementor-element elementor-element-1bfe38a elementor-widget elementor-widget-image\" data-id=\"1bfe38a\" data-element_type=\"widget\" data-widget_type=\"image.default\">\n\t\t\t\t<div class=\"elementor-widget-container\">\n\t\t\t\t\t\t\t\t\t\t\t\t\t\t\t<img decoding=\"async\" width=\"1024\" height=\"410\" src=\"https:\/\/www.ismailcelikinsaat.com.tr\/wp-content\/uploads\/2023\/01\/Ankara-Ticaret-Odasi-1024x410.png\" class=\"attachment-large size-large\" alt=\"\" loading=\"lazy\" srcset=\"https:\/\/www.ismailcelikinsaat.com.tr\/wp-content\/uploads\/2023\/01\/Ankara-Ticaret-Odasi-1024x410.png 1024w, https:\/\/www.ismailcelikinsaat.com.tr\/wp-content\/uploads\/2023\/01\/Ankara-Ticaret-Odasi-300x120.png 300w, https:\/\/www.ismailcelikinsaat.com.tr\/wp-content\/uploads\/2023\/01\/Ankara-Ticaret-Odasi-768x307.png 768w, https:\/\/www.ismailcelikinsaat.com.tr\/wp-content\/uploads\/2023\/01\/Ankara-Ticaret-Odasi.png 1250w\" sizes=\"(max-width: 1024px) 100vw, 1024px\" \/>\t\t\t\t\t\t\t\t\t\t\t\t\t\t\t<\/div>\n\t\t\t\t<\/div>\n\t\t\t\t\t<\/div>\n\t\t<\/div>\n\t\t\t\t\t\t\t<\/div>\n\t\t<\/section>\n\t\t\t\t\t\t\t<\/div>\n\t\t","protected":false},"excerpt":{"rendered":"<p>Hakk\u0131m\u0131zda \u00a0 \u0130smail \u00c7elik, in\u015faat sekt\u00f6r\u00fcne, 1986 y\u0131l\u0131nda mimar-m\u00fcteahhit olarak faaliyete ba\u015flam\u0131\u015ft\u0131r. 1991 y\u0131l\u0131nda ise ticari yap\u0131 \u0130smail \u00c7elik \u0130n\u015faat Sanayi ve Ticaret Ltd. \u015eti.\u2019 ne\u00a0d\u00f6n\u00fc\u015ft\u00fcr\u00fclm\u00fc\u015ft\u00fcr. Ana faaliyet alan\u0131 olan in\u015faat i\u015fleri b\u00fcnyesinde; baraj, sulama, alt\u00a0yap\u0131, at\u0131k su ve i\u00e7me suyu ar\u0131tma tesisleri, kanalizasyon, ya\u011fmur suyu ve i\u00e7me suyu \u015febekeleri in\u015faatlar\u0131n\u0131, bina, yol ve benzeri [&hellip;]<\/p>\n","protected":false},"author":1,"featured_media":0,"parent":0,"menu_order":0,"comment_status":"closed","ping_status":"closed","template":"","meta":[],"_links":{"self":[{"href":"https:\/\/www.ismailcelikinsaat.com.tr\/index.php\/wp-json\/wp\/v2\/pages\/1958"}],"collection":[{"href":"https:\/\/www.ismailcelikinsaat.com.tr\/index.php\/wp-json\/wp\/v2\/pages"}],"about":[{"href":"https:\/\/www.ismailcelikinsaat.com.tr\/index.php\/wp-json\/wp\/v2\/types\/page"}],"author":[{"embeddable":true,"href":"https:\/\/www.ismailcelikinsaat.com.tr\/index.php\/wp-json\/wp\/v2\/users\/1"}],"replies":[{"embeddable":true,"href":"https:\/\/www.ismailcelikinsaat.com.tr\/index.php\/wp-json\/wp\/v2\/comments?post=1958"}],"version-history":[{"count":115,"href":"https:\/\/www.ismailcelikinsaat.com.tr\/index.php\/wp-json\/wp\/v2\/pages\/1958\/revisions"}],"predecessor-version":[{"id":5891,"href":"https:\/\/www.ismailcelikinsaat.com.tr\/index.php\/wp-json\/wp\/v2\/pages\/1958\/revisions\/5891"}],"wp:attachment":[{"href":"https:\/\/www.ismailcelikinsaat.com.tr\/index.php\/wp-json\/wp\/v2\/media?parent=1958"}],"curies":[{"name":"wp","href":"https:\/\/api.w.org\/{rel}","templated":true}]}}